{"id":1093,"date":"2023-06-14T13:44:53","date_gmt":"2023-06-14T13:44:53","guid":{"rendered":"https:\/\/finmarkbroker.com\/?page_id=1093"},"modified":"2023-09-26T07:48:44","modified_gmt":"2023-09-26T07:48:44","slug":"vergleichsrechner-privathaftpflicht-versicherung","status":"publish","type":"page","link":"https:\/\/www.finmarkbroker.com\/ro\/vergleichsrechner-privathaftpflicht-versicherung\/","title":{"rendered":"Vergleichsrechner Privathaftpflicht Versicherung"},"content":{"rendered":"\t\t<div data-elementor-type=\"wp-page\" data-elementor-id=\"1093\" class=\"elementor elementor-1093\" data-elementor-post-type=\"page\">\n\t\t\t\t\t\t<section class=\"elementor-section elementor-top-section elementor-element elementor-element-f7b2cf9 elementor-section-full_width elementor-section-stretched elementor-section-height-default elementor-section-height-default\" data-id=\"f7b2cf9\" data-element_type=\"section\" data-e-type=\"section\" data-settings=\"{&quot;stretch_section&quot;:&quot;section-stretched&quot;,&quot;background_background&quot;:&quot;classic&quot;}\">\n\t\t\t\t\t\t<div class=\"elementor-container elementor-column-gap-default\">\n\t\t\t\t\t<div class=\"elementor-column elementor-col-100 elementor-top-column elementor-element elementor-element-7d0d1ca\" data-id=\"7d0d1ca\" data-element_type=\"column\" data-e-type=\"column\">\n\t\t\t<div class=\"elementor-widget-wrap elementor-element-populated\">\n\t\t\t\t\t\t<section class=\"elementor-section elementor-inner-section elementor-element elementor-element-91f04c0 elementor-section-boxed elementor-section-height-default elementor-section-height-default\" data-id=\"91f04c0\" data-element_type=\"section\" data-e-type=\"section\">\n\t\t\t\t\t\t<div class=\"elementor-container elementor-column-gap-default\">\n\t\t\t\t\t<div class=\"elementor-column elementor-col-100 elementor-inner-column elementor-element elementor-element-e5ee382\" data-id=\"e5ee382\" data-element_type=\"column\" data-e-type=\"column\">\n\t\t\t<div class=\"elementor-widget-wrap elementor-element-populated\">\n\t\t\t\t\t\t<div class=\"elementor-element elementor-element-66dda90 elementor-widget elementor-widget-heading\" data-id=\"66dda90\" data-element_type=\"widget\" data-e-type=\"widget\" data-widget_type=\"heading.default\">\n\t\t\t\t<div class=\"elementor-widget-container\">\n\t\t\t\t\t<h1 class=\"elementor-heading-title elementor-size-default\">Jetzt vergleichen und \ng\u00fcnstigste Privathaftpflicht-versicherung finden:<\/h1>\t\t\t\t<\/div>\n\t\t\t\t<\/div>\n\t\t\t\t<div class=\"elementor-element elementor-element-9504b1c elementor-widget elementor-widget-html\" data-id=\"9504b1c\" data-element_type=\"widget\" data-e-type=\"widget\" data-widget_type=\"html.default\">\n\t\t\t\t<div class=\"elementor-widget-container\">\n\t\t\t\t\t  <head> \r\n    <meta charset=\"UTF-8\" \/> \r\n    <meta name=\"viewport\" content=\"width=device-width, initial-scale=1.0\" \/> \r\n    <title>Vergleichsrechner Test<\/title> \r\n    <script type=\"text\/javascript\"> \r\n      function createRechner() { \r\n        dio.api.Api.config.setOptions({ \r\n          global: { \r\n            vermittler: \"007109\", \r\n          }, \r\n          rechner: { \r\n            theme: \"128a\", \r\n          }, \r\n        }); \r\n        new dio.api.Rechner(\"privathaftpflicht\").inject(\"calculator-container\"); \r\n      } \r\n      var apiScript = document.createElement(\"script\"); \r\n      if (apiScript.addEventListener) { \r\n        apiScript.addEventListener(\"load\", createRechner, false); \r\n      } else { \r\n        apiScript.onreadystatechange = function () { \r\n          if (this.readyState == \"loaded\" || this.readyState == \"complete\") { \r\n            createRechner(); \r\n          } \r\n        }; \r\n      } \r\n      apiScript.type = \"text\/javascript\"; \r\n      apiScript.src = \"https:\/\/www.maklerinfo.biz\/js\/api-1.1.js\"; \r\n      document.getElementsByTagName(\"head\")[0].appendChild(apiScript); \r\n    <\/script> \r\n  <\/head> \r\n  <body> \r\n    <div id=\"calculator-container\" style=\"margin: 0 auto; width: auto\"><\/div> \r\n  <\/body>\r\n\r\n\t\t\t\t<\/div>\n\t\t\t\t<\/div>\n\t\t\t\t\t<\/div>\n\t\t<\/div>\n\t\t\t\t\t<\/div>\n\t\t<\/section>\n\t\t\t\t<div class=\"elementor-element elementor-element-e72d132 elementor-align-center elementor-mobile-align-justify elementor-widget elementor-widget-button\" data-id=\"e72d132\" data-element_type=\"widget\" data-e-type=\"widget\" data-widget_type=\"button.default\">\n\t\t\t\t<div class=\"elementor-widget-container\">\n\t\t\t\t\t\t\t\t\t<div class=\"elementor-button-wrapper\">\n\t\t\t\t\t<a class=\"elementor-button elementor-button-link elementor-size-sm elementor-animation-grow\" href=\"#elementor-action%3Aaction%3Dpopup%3Aopen%26settings%3DeyJpZCI6IjE0NTUiLCJ0b2dnbGUiOmZhbHNlfQ%3D%3D\">\n\t\t\t\t\t\t<span class=\"elementor-button-content-wrapper\">\n\t\t\t\t\t\t\t\t\t<span class=\"elementor-button-text\">Beratung anfragen<\/span>\n\t\t\t\t\t<\/span>\n\t\t\t\t\t<\/a>\n\t\t\t\t<\/div>\n\t\t\t\t\t\t\t\t<\/div>\n\t\t\t\t<\/div>\n\t\t\t\t\t<\/div>\n\t\t<\/div>\n\t\t\t\t\t<\/div>\n\t\t<\/section>\n\t\t\t\t<section class=\"elementor-section elementor-top-section elementor-element elementor-element-80ef344 elementor-section-full_width elementor-section-height-default elementor-section-height-default\" data-id=\"80ef344\" data-element_type=\"section\" data-e-type=\"section\">\n\t\t\t\t\t\t<div class=\"elementor-container elementor-column-gap-default\">\n\t\t\t\t\t<div class=\"elementor-column elementor-col-100 elementor-top-column elementor-element elementor-element-a76d02d\" data-id=\"a76d02d\" data-element_type=\"column\" data-e-type=\"column\">\n\t\t\t<div class=\"elementor-widget-wrap elementor-element-populated\">\n\t\t\t\t\t\t<section class=\"elementor-section elementor-inner-section elementor-element elementor-element-8f6f867 elementor-section-full_width elementor-section-height-default elementor-section-height-default\" data-id=\"8f6f867\" data-element_type=\"section\" data-e-type=\"section\">\n\t\t\t\t\t\t<div class=\"elementor-container elementor-column-gap-default\">\n\t\t\t\t\t<div class=\"elementor-column elementor-col-50 elementor-inner-column elementor-element elementor-element-69a6dfc\" data-id=\"69a6dfc\" data-element_type=\"column\" data-e-type=\"column\">\n\t\t\t<div class=\"elementor-widget-wrap elementor-element-populated\">\n\t\t\t\t\t\t<div class=\"elementor-element elementor-element-7325812 elementor-widget elementor-widget-heading\" data-id=\"7325812\" data-element_type=\"widget\" data-e-type=\"widget\" data-widget_type=\"heading.default\">\n\t\t\t\t<div class=\"elementor-widget-container\">\n\t\t\t\t\t<h2 class=\"elementor-heading-title elementor-size-default\">Zus\u00e4tzliche<\/h2>\t\t\t\t<\/div>\n\t\t\t\t<\/div>\n\t\t\t\t<div class=\"elementor-element elementor-element-45e5e0b elementor-widget elementor-widget-heading\" data-id=\"45e5e0b\" data-element_type=\"widget\" data-e-type=\"widget\" data-widget_type=\"heading.default\">\n\t\t\t\t<div class=\"elementor-widget-container\">\n\t\t\t\t\t<h2 class=\"elementor-heading-title elementor-size-default\">Informationen und Hinweise<\/h2>\t\t\t\t<\/div>\n\t\t\t\t<\/div>\n\t\t\t\t\t<\/div>\n\t\t<\/div>\n\t\t\t\t<div class=\"elementor-column elementor-col-50 elementor-inner-column elementor-element elementor-element-b495670\" data-id=\"b495670\" data-element_type=\"column\" data-e-type=\"column\" data-settings=\"{&quot;background_background&quot;:&quot;classic&quot;}\">\n\t\t\t<div class=\"elementor-widget-wrap elementor-element-populated\">\n\t\t\t\t\t\t<div class=\"elementor-element elementor-element-811f76e elementor-widget elementor-widget-heading\" data-id=\"811f76e\" data-element_type=\"widget\" data-e-type=\"widget\" data-widget_type=\"heading.default\">\n\t\t\t\t<div class=\"elementor-widget-container\">\n\t\t\t\t\t<h2 class=\"elementor-heading-title elementor-size-default\">Privathaftpflichtversicherung<\/h2>\t\t\t\t<\/div>\n\t\t\t\t<\/div>\n\t\t\t\t<div class=\"elementor-element elementor-element-ea7eb1b elementor-widget elementor-widget-text-editor\" data-id=\"ea7eb1b\" data-element_type=\"widget\" data-e-type=\"widget\" data-widget_type=\"text-editor.default\">\n\t\t\t\t<div class=\"elementor-widget-container\">\n\t\t\t\t\t\t\t\t\t<p>Wenn ein Mensch einer anderen Person willentlich oder versehentlich Schaden zuf\u00fcgt, ist dieser f\u00fcr alle daraus resultierenden Kosten zur Verantwortung zu ziehen. Leider sind diese Kosten f\u00fcr Privatpersonen h\u00e4ufig kaum finanziell zu tragen.<\/p><p><strong>Damit du in einer solchen Situation in keine finanzielle Notlage ger\u00e4tst, solltest du den Abschluss einer Privathaftpflichtversicherung in Erw\u00e4gung ziehen.<\/strong><\/p><p>Beachte jedoch, dass eine solche Versicherung bestimmte Schadensf\u00e4lle ausschlie\u00dft, f\u00fcr die du einen gesonderten Vertrag abschlie\u00dfen musst, wie beispielsweise eine KFZ-Versicherung.<\/p>\t\t\t\t\t\t\t\t<\/div>\n\t\t\t\t<\/div>\n\t\t\t\t<div class=\"elementor-element elementor-element-08bd62c elementor-widget elementor-widget-heading\" data-id=\"08bd62c\" data-element_type=\"widget\" data-e-type=\"widget\" data-widget_type=\"heading.default\">\n\t\t\t\t<div class=\"elementor-widget-container\">\n\t\t\t\t\t<h2 class=\"elementor-heading-title elementor-size-default\">Individueller Schutz f\u00fcr jede Situation<\/h2>\t\t\t\t<\/div>\n\t\t\t\t<\/div>\n\t\t\t\t<div class=\"elementor-element elementor-element-e0b4e20 elementor-widget elementor-widget-text-editor\" data-id=\"e0b4e20\" data-element_type=\"widget\" data-e-type=\"widget\" data-widget_type=\"text-editor.default\">\n\t\t\t\t<div class=\"elementor-widget-container\">\n\t\t\t\t\t\t\t\t\t<p>Eine Privathaftpflichtversicherung kann sich insbesondere in den zur Verf\u00fcgung stehenden Einschl\u00fcssen von anderen privaten Haftpflichtversicherungen unterscheiden. Beispielsweise kann eine Privathaftpflichtversicherung andere Zusatzversicherungen erg\u00e4nzen oder sogar vollst\u00e4ndig enthalten.<\/p><p>So kann der Versicherungsnehmer zwischen Tarifen w\u00e4hlen, die, sofern enthalten, die Bauherrnhaftpflicht oder Bestandteile der Gew\u00e4sserschadenshaftpflichtversicherung beinhalten. In diesem Sinne steht dem Versicherungsnehmer die M\u00f6glichkeit offen, einen Tarif zu w\u00e4hlen, der seinen pers\u00f6nlichen Anspr\u00fcchen an eine optimal und individuell auf ihn abgestimmte private Haftpflichtversicherung gen\u00fcgt.<\/p>\t\t\t\t\t\t\t\t<\/div>\n\t\t\t\t<\/div>\n\t\t\t\t\t<\/div>\n\t\t<\/div>\n\t\t\t\t\t<\/div>\n\t\t<\/section>\n\t\t\t\t\t<\/div>\n\t\t<\/div>\n\t\t\t\t\t<\/div>\n\t\t<\/section>\n\t\t\t\t<\/div>\n\t\t","protected":false},"excerpt":{"rendered":"<p>Jetzt vergleichen und g\u00fcnstigste Privathaftpflicht-versicherung finden: Vergleichsrechner Test Beratung anfragen Zus\u00e4tzliche Informationen und Hinweise Privathaftpflichtversicherung Wenn ein Mensch einer anderen Person willentlich oder versehentlich Schaden zuf\u00fcgt, ist dieser f\u00fcr alle daraus resultierenden Kosten zur Verantwortung zu ziehen. Leider sind diese Kosten f\u00fcr Privatpersonen h\u00e4ufig kaum finanziell zu tragen. Damit du in einer solchen Situation in [&hellip;]<\/p>\n","protected":false},"author":4,"featured_media":0,"parent":0,"menu_order":0,"comment_status":"closed","ping_status":"closed","template":"","meta":{"footnotes":""},"class_list":["post-1093","page","type-page","status-publish","hentry"],"yoast_head":"<!-- This site is optimized with the Yoast SEO plugin v27.4 - https:\/\/yoast.com\/product\/yoast-seo-wordpress\/ -->\n<title>Vergleichsrechner Privathaftpflicht Versicherung - G&uuml;nstiger. Besser. FinMark.<\/title>\n<meta name=\"description\" content=\"Finde die optimale Privathaftpflichtversicherung mit unserem Vergleichsrechner. Sch\u00fctz&#039; dich und dein Zuhause. Schnell. Einfach. Zuverl\u00e4ssig.\" \/>\n<meta name=\"robots\" content=\"index, follow, max-snippet:-1, max-image-preview:large, max-video-preview:-1\" \/>\n<link rel=\"canonical\" href=\"https:\/\/www.finmarkbroker.com\/ro\/vergleichsrechner-privathaftpflicht-versicherung\/\" \/>\n<meta property=\"og:locale\" content=\"ro_RO\" \/>\n<meta property=\"og:type\" content=\"article\" \/>\n<meta property=\"og:title\" content=\"Vergleichsrechner Privathaftpflicht Versicherung - G&uuml;nstiger. Besser. FinMark.\" \/>\n<meta property=\"og:description\" content=\"Finde die optimale Privathaftpflichtversicherung mit unserem Vergleichsrechner. Sch\u00fctz&#039; dich und dein Zuhause. Schnell. Einfach. Zuverl\u00e4ssig.\" \/>\n<meta property=\"og:url\" content=\"https:\/\/www.finmarkbroker.com\/ro\/vergleichsrechner-privathaftpflicht-versicherung\/\" \/>\n<meta property=\"og:site_name\" content=\"G&uuml;nstiger. Besser. FinMark.\" \/>\n<meta property=\"article:modified_time\" content=\"2023-09-26T07:48:44+00:00\" \/>\n<meta name=\"twitter:card\" content=\"summary_large_image\" \/>\n<meta name=\"twitter:label1\" content=\"Timp estimat pentru citire\" \/>\n\t<meta name=\"twitter:data1\" content=\"1 minut\" \/>\n<script type=\"application\/ld+json\" class=\"yoast-schema-graph\">{\"@context\":\"https:\\\/\\\/schema.org\",\"@graph\":[{\"@type\":\"WebPage\",\"@id\":\"https:\\\/\\\/www.finmarkbroker.com\\\/vergleichsrechner-privathaftpflicht-versicherung\\\/\",\"url\":\"https:\\\/\\\/www.finmarkbroker.com\\\/vergleichsrechner-privathaftpflicht-versicherung\\\/\",\"name\":\"Vergleichsrechner Privathaftpflicht Versicherung - G&uuml;nstiger. Besser. FinMark.\",\"isPartOf\":{\"@id\":\"https:\\\/\\\/www.finmarkbroker.com\\\/#website\"},\"datePublished\":\"2023-06-14T13:44:53+00:00\",\"dateModified\":\"2023-09-26T07:48:44+00:00\",\"description\":\"Finde die optimale Privathaftpflichtversicherung mit unserem Vergleichsrechner. Sch\u00fctz' dich und dein Zuhause. Schnell. Einfach. Zuverl\u00e4ssig.\",\"breadcrumb\":{\"@id\":\"https:\\\/\\\/www.finmarkbroker.com\\\/vergleichsrechner-privathaftpflicht-versicherung\\\/#breadcrumb\"},\"inLanguage\":\"ro-RO\",\"potentialAction\":[{\"@type\":\"ReadAction\",\"target\":[\"https:\\\/\\\/www.finmarkbroker.com\\\/vergleichsrechner-privathaftpflicht-versicherung\\\/\"]}]},{\"@type\":\"BreadcrumbList\",\"@id\":\"https:\\\/\\\/www.finmarkbroker.com\\\/vergleichsrechner-privathaftpflicht-versicherung\\\/#breadcrumb\",\"itemListElement\":[{\"@type\":\"ListItem\",\"position\":1,\"name\":\"Home\",\"item\":\"https:\\\/\\\/www.finmarkbroker.com\\\/\"},{\"@type\":\"ListItem\",\"position\":2,\"name\":\"Vergleichsrechner Privathaftpflicht Versicherung\"}]},{\"@type\":\"WebSite\",\"@id\":\"https:\\\/\\\/www.finmarkbroker.com\\\/#website\",\"url\":\"https:\\\/\\\/www.finmarkbroker.com\\\/\",\"name\":\"G&uuml;nstiger. Besser. FinMark.\",\"description\":\"Deine unabh&auml;ngigen Versicherungsmakler\",\"publisher\":{\"@id\":\"https:\\\/\\\/www.finmarkbroker.com\\\/#organization\"},\"potentialAction\":[{\"@type\":\"SearchAction\",\"target\":{\"@type\":\"EntryPoint\",\"urlTemplate\":\"https:\\\/\\\/www.finmarkbroker.com\\\/?s={search_term_string}\"},\"query-input\":{\"@type\":\"PropertyValueSpecification\",\"valueRequired\":true,\"valueName\":\"search_term_string\"}}],\"inLanguage\":\"ro-RO\"},{\"@type\":\"Organization\",\"@id\":\"https:\\\/\\\/www.finmarkbroker.com\\\/#organization\",\"name\":\"G&uuml;nstiger. Besser. FinMark.\",\"url\":\"https:\\\/\\\/www.finmarkbroker.com\\\/\",\"logo\":{\"@type\":\"ImageObject\",\"inLanguage\":\"ro-RO\",\"@id\":\"https:\\\/\\\/www.finmarkbroker.com\\\/#\\\/schema\\\/logo\\\/image\\\/\",\"url\":\"https:\\\/\\\/www.finmarkbroker.com\\\/wp-content\\\/uploads\\\/2023\\\/04\\\/finmark-schriftzug-logo.svg\",\"contentUrl\":\"https:\\\/\\\/www.finmarkbroker.com\\\/wp-content\\\/uploads\\\/2023\\\/04\\\/finmark-schriftzug-logo.svg\",\"width\":558,\"height\":143,\"caption\":\"G&uuml;nstiger. Besser. FinMark.\"},\"image\":{\"@id\":\"https:\\\/\\\/www.finmarkbroker.com\\\/#\\\/schema\\\/logo\\\/image\\\/\"}}]}<\/script>\n<!-- \/ Yoast SEO plugin. -->","yoast_head_json":{"title":"Vergleichsrechner Privathaftpflicht Versicherung - G&uuml;nstiger. Besser. FinMark.","description":"Finde die optimale Privathaftpflichtversicherung mit unserem Vergleichsrechner. Sch\u00fctz' dich und dein Zuhause. Schnell. Einfach. Zuverl\u00e4ssig.","robots":{"index":"index","follow":"follow","max-snippet":"max-snippet:-1","max-image-preview":"max-image-preview:large","max-video-preview":"max-video-preview:-1"},"canonical":"https:\/\/www.finmarkbroker.com\/ro\/vergleichsrechner-privathaftpflicht-versicherung\/","og_locale":"ro_RO","og_type":"article","og_title":"Vergleichsrechner Privathaftpflicht Versicherung - G&uuml;nstiger. Besser. FinMark.","og_description":"Finde die optimale Privathaftpflichtversicherung mit unserem Vergleichsrechner. Sch\u00fctz' dich und dein Zuhause. Schnell. Einfach. Zuverl\u00e4ssig.","og_url":"https:\/\/www.finmarkbroker.com\/ro\/vergleichsrechner-privathaftpflicht-versicherung\/","og_site_name":"G&uuml;nstiger. Besser. FinMark.","article_modified_time":"2023-09-26T07:48:44+00:00","twitter_card":"summary_large_image","twitter_misc":{"Timp estimat pentru citire":"1 minut"},"schema":{"@context":"https:\/\/schema.org","@graph":[{"@type":"WebPage","@id":"https:\/\/www.finmarkbroker.com\/vergleichsrechner-privathaftpflicht-versicherung\/","url":"https:\/\/www.finmarkbroker.com\/vergleichsrechner-privathaftpflicht-versicherung\/","name":"Vergleichsrechner Privathaftpflicht Versicherung - G&uuml;nstiger. Besser. FinMark.","isPartOf":{"@id":"https:\/\/www.finmarkbroker.com\/#website"},"datePublished":"2023-06-14T13:44:53+00:00","dateModified":"2023-09-26T07:48:44+00:00","description":"Finde die optimale Privathaftpflichtversicherung mit unserem Vergleichsrechner. Sch\u00fctz' dich und dein Zuhause. Schnell. Einfach. Zuverl\u00e4ssig.","breadcrumb":{"@id":"https:\/\/www.finmarkbroker.com\/vergleichsrechner-privathaftpflicht-versicherung\/#breadcrumb"},"inLanguage":"ro-RO","potentialAction":[{"@type":"ReadAction","target":["https:\/\/www.finmarkbroker.com\/vergleichsrechner-privathaftpflicht-versicherung\/"]}]},{"@type":"BreadcrumbList","@id":"https:\/\/www.finmarkbroker.com\/vergleichsrechner-privathaftpflicht-versicherung\/#breadcrumb","itemListElement":[{"@type":"ListItem","position":1,"name":"Home","item":"https:\/\/www.finmarkbroker.com\/"},{"@type":"ListItem","position":2,"name":"Vergleichsrechner Privathaftpflicht Versicherung"}]},{"@type":"WebSite","@id":"https:\/\/www.finmarkbroker.com\/#website","url":"https:\/\/www.finmarkbroker.com\/","name":"G&uuml;nstiger. Besser. FinMark.","description":"Deine unabh&auml;ngigen Versicherungsmakler","publisher":{"@id":"https:\/\/www.finmarkbroker.com\/#organization"},"potentialAction":[{"@type":"SearchAction","target":{"@type":"EntryPoint","urlTemplate":"https:\/\/www.finmarkbroker.com\/?s={search_term_string}"},"query-input":{"@type":"PropertyValueSpecification","valueRequired":true,"valueName":"search_term_string"}}],"inLanguage":"ro-RO"},{"@type":"Organization","@id":"https:\/\/www.finmarkbroker.com\/#organization","name":"G&uuml;nstiger. Besser. FinMark.","url":"https:\/\/www.finmarkbroker.com\/","logo":{"@type":"ImageObject","inLanguage":"ro-RO","@id":"https:\/\/www.finmarkbroker.com\/#\/schema\/logo\/image\/","url":"https:\/\/www.finmarkbroker.com\/wp-content\/uploads\/2023\/04\/finmark-schriftzug-logo.svg","contentUrl":"https:\/\/www.finmarkbroker.com\/wp-content\/uploads\/2023\/04\/finmark-schriftzug-logo.svg","width":558,"height":143,"caption":"G&uuml;nstiger. Besser. FinMark."},"image":{"@id":"https:\/\/www.finmarkbroker.com\/#\/schema\/logo\/image\/"}}]}},"_links":{"self":[{"href":"https:\/\/www.finmarkbroker.com\/ro\/wp-json\/wp\/v2\/pages\/1093","targetHints":{"allow":["GET"]}}],"collection":[{"href":"https:\/\/www.finmarkbroker.com\/ro\/wp-json\/wp\/v2\/pages"}],"about":[{"href":"https:\/\/www.finmarkbroker.com\/ro\/wp-json\/wp\/v2\/types\/page"}],"author":[{"embeddable":true,"href":"https:\/\/www.finmarkbroker.com\/ro\/wp-json\/wp\/v2\/users\/4"}],"replies":[{"embeddable":true,"href":"https:\/\/www.finmarkbroker.com\/ro\/wp-json\/wp\/v2\/comments?post=1093"}],"version-history":[{"count":189,"href":"https:\/\/www.finmarkbroker.com\/ro\/wp-json\/wp\/v2\/pages\/1093\/revisions"}],"predecessor-version":[{"id":5841,"href":"https:\/\/www.finmarkbroker.com\/ro\/wp-json\/wp\/v2\/pages\/1093\/revisions\/5841"}],"wp:attachment":[{"href":"https:\/\/www.finmarkbroker.com\/ro\/wp-json\/wp\/v2\/media?parent=1093"}],"curies":[{"name":"wp","href":"https:\/\/api.w.org\/{rel}","templated":true}]}}