{"id":1099,"date":"2023-06-14T13:46:21","date_gmt":"2023-06-14T13:46:21","guid":{"rendered":"https:\/\/finmarkbroker.com\/?page_id=1099"},"modified":"2023-09-26T07:44:41","modified_gmt":"2023-09-26T07:44:41","slug":"vergleichsrechner-betriebshaftpflichtversicherung","status":"publish","type":"page","link":"https:\/\/www.finmarkbroker.com\/ro\/vergleichsrechner-betriebshaftpflichtversicherung\/","title":{"rendered":"Vergleichsrechner Betriebshaftpflichtversicherung"},"content":{"rendered":"\t\t<div data-elementor-type=\"wp-page\" data-elementor-id=\"1099\" class=\"elementor elementor-1099\" data-elementor-post-type=\"page\">\n\t\t\t\t\t\t<section class=\"elementor-section elementor-top-section elementor-element elementor-element-5b88595 elementor-section-full_width elementor-section-stretched elementor-section-height-default elementor-section-height-default\" data-id=\"5b88595\" data-element_type=\"section\" data-e-type=\"section\" data-settings=\"{&quot;stretch_section&quot;:&quot;section-stretched&quot;,&quot;background_background&quot;:&quot;classic&quot;}\">\n\t\t\t\t\t\t<div class=\"elementor-container elementor-column-gap-default\">\n\t\t\t\t\t<div class=\"elementor-column elementor-col-100 elementor-top-column elementor-element elementor-element-6fd836f\" data-id=\"6fd836f\" data-element_type=\"column\" data-e-type=\"column\">\n\t\t\t<div class=\"elementor-widget-wrap elementor-element-populated\">\n\t\t\t\t\t\t<section class=\"elementor-section elementor-inner-section elementor-element elementor-element-56ab282 elementor-section-boxed elementor-section-height-default elementor-section-height-default\" data-id=\"56ab282\" data-element_type=\"section\" data-e-type=\"section\">\n\t\t\t\t\t\t<div class=\"elementor-container elementor-column-gap-default\">\n\t\t\t\t\t<div class=\"elementor-column elementor-col-100 elementor-inner-column elementor-element elementor-element-3496c6a\" data-id=\"3496c6a\" data-element_type=\"column\" data-e-type=\"column\">\n\t\t\t<div class=\"elementor-widget-wrap elementor-element-populated\">\n\t\t\t\t\t\t<div class=\"elementor-element elementor-element-c85bb2c elementor-widget elementor-widget-heading\" data-id=\"c85bb2c\" data-element_type=\"widget\" data-e-type=\"widget\" data-widget_type=\"heading.default\">\n\t\t\t\t<div class=\"elementor-widget-container\">\n\t\t\t\t\t<h1 class=\"elementor-heading-title elementor-size-default\">Jetzt vergleichen und \ng\u00fcnstigste Betriebshaftpflicht finden:<\/h1>\t\t\t\t<\/div>\n\t\t\t\t<\/div>\n\t\t\t\t<div class=\"elementor-element elementor-element-8ec56dd elementor-widget elementor-widget-html\" data-id=\"8ec56dd\" data-element_type=\"widget\" data-e-type=\"widget\" data-widget_type=\"html.default\">\n\t\t\t\t<div class=\"elementor-widget-container\">\n\t\t\t\t\t  <head> \r\n    <meta charset=\"UTF-8\" \/> \r\n    <meta name=\"viewport\" content=\"width=device-width, initial-scale=1.0\" \/> \r\n    <title>Vergleichsrechner Test<\/title> \r\n    <script type=\"text\/javascript\"> \r\n      function createRechner() { \r\n        dio.api.Api.config.setOptions({ \r\n          global: { \r\n            vermittler: \"007109\", \r\n          }, \r\n          rechner: { \r\n            theme: \"128a\", \r\n          }, \r\n        }); \r\n        new dio.api.Rechner(\"betriebshaftpflicht\").inject(\"calculator-container\"); \r\n      } \r\n      var apiScript = document.createElement(\"script\"); \r\n      if (apiScript.addEventListener) { \r\n        apiScript.addEventListener(\"load\", createRechner, false); \r\n      } else { \r\n        apiScript.onreadystatechange = function () { \r\n          if (this.readyState == \"loaded\" || this.readyState == \"complete\") { \r\n            createRechner(); \r\n          } \r\n        }; \r\n      } \r\n      apiScript.type = \"text\/javascript\"; \r\n      apiScript.src = \"https:\/\/www.maklerinfo.biz\/js\/api-1.1.js\"; \r\n      document.getElementsByTagName(\"head\")[0].appendChild(apiScript); \r\n    <\/script> \r\n  <\/head> \r\n  <body> \r\n    <div id=\"calculator-container\" style=\"margin: 0 auto; width: auto\"><\/div> \r\n  <\/body>\r\n\t\t\t\t<\/div>\n\t\t\t\t<\/div>\n\t\t\t\t\t<\/div>\n\t\t<\/div>\n\t\t\t\t\t<\/div>\n\t\t<\/section>\n\t\t\t\t<div class=\"elementor-element elementor-element-1b66914 elementor-align-center elementor-mobile-align-justify elementor-widget elementor-widget-button\" data-id=\"1b66914\" data-element_type=\"widget\" data-e-type=\"widget\" data-widget_type=\"button.default\">\n\t\t\t\t<div class=\"elementor-widget-container\">\n\t\t\t\t\t\t\t\t\t<div class=\"elementor-button-wrapper\">\n\t\t\t\t\t<a class=\"elementor-button elementor-button-link elementor-size-sm elementor-animation-grow\" href=\"#elementor-action%3Aaction%3Dpopup%3Aopen%26settings%3DeyJpZCI6IjE0NTUiLCJ0b2dnbGUiOmZhbHNlfQ%3D%3D\">\n\t\t\t\t\t\t<span class=\"elementor-button-content-wrapper\">\n\t\t\t\t\t\t\t\t\t<span class=\"elementor-button-text\">Beratung anfragen<\/span>\n\t\t\t\t\t<\/span>\n\t\t\t\t\t<\/a>\n\t\t\t\t<\/div>\n\t\t\t\t\t\t\t\t<\/div>\n\t\t\t\t<\/div>\n\t\t\t\t\t<\/div>\n\t\t<\/div>\n\t\t\t\t\t<\/div>\n\t\t<\/section>\n\t\t\t\t<section class=\"elementor-section elementor-top-section elementor-element elementor-element-f4ecf2f elementor-section-full_width elementor-section-height-default elementor-section-height-default\" data-id=\"f4ecf2f\" data-element_type=\"section\" data-e-type=\"section\">\n\t\t\t\t\t\t<div class=\"elementor-container elementor-column-gap-default\">\n\t\t\t\t\t<div class=\"elementor-column elementor-col-100 elementor-top-column elementor-element elementor-element-476d9d3\" data-id=\"476d9d3\" data-element_type=\"column\" data-e-type=\"column\">\n\t\t\t<div class=\"elementor-widget-wrap elementor-element-populated\">\n\t\t\t\t\t\t<section class=\"elementor-section elementor-inner-section elementor-element elementor-element-5b980fd elementor-section-full_width elementor-section-height-default elementor-section-height-default\" data-id=\"5b980fd\" data-element_type=\"section\" data-e-type=\"section\">\n\t\t\t\t\t\t<div class=\"elementor-container elementor-column-gap-default\">\n\t\t\t\t\t<div class=\"elementor-column elementor-col-50 elementor-inner-column elementor-element elementor-element-e41883f\" data-id=\"e41883f\" data-element_type=\"column\" data-e-type=\"column\">\n\t\t\t<div class=\"elementor-widget-wrap elementor-element-populated\">\n\t\t\t\t\t\t<div class=\"elementor-element elementor-element-2220d33 elementor-widget elementor-widget-heading\" data-id=\"2220d33\" data-element_type=\"widget\" data-e-type=\"widget\" data-widget_type=\"heading.default\">\n\t\t\t\t<div class=\"elementor-widget-container\">\n\t\t\t\t\t<h2 class=\"elementor-heading-title elementor-size-default\">Zus\u00e4tzliche<\/h2>\t\t\t\t<\/div>\n\t\t\t\t<\/div>\n\t\t\t\t<div class=\"elementor-element elementor-element-13b601a elementor-widget elementor-widget-heading\" data-id=\"13b601a\" data-element_type=\"widget\" data-e-type=\"widget\" data-widget_type=\"heading.default\">\n\t\t\t\t<div class=\"elementor-widget-container\">\n\t\t\t\t\t<h2 class=\"elementor-heading-title elementor-size-default\">Informationen <BR> und Hinweise<\/h2>\t\t\t\t<\/div>\n\t\t\t\t<\/div>\n\t\t\t\t\t<\/div>\n\t\t<\/div>\n\t\t\t\t<div class=\"elementor-column elementor-col-50 elementor-inner-column elementor-element elementor-element-b53c2f0\" data-id=\"b53c2f0\" data-element_type=\"column\" data-e-type=\"column\" data-settings=\"{&quot;background_background&quot;:&quot;classic&quot;}\">\n\t\t\t<div class=\"elementor-widget-wrap elementor-element-populated\">\n\t\t\t\t\t\t<div class=\"elementor-element elementor-element-65c05d8 elementor-widget elementor-widget-heading\" data-id=\"65c05d8\" data-element_type=\"widget\" data-e-type=\"widget\" data-widget_type=\"heading.default\">\n\t\t\t\t<div class=\"elementor-widget-container\">\n\t\t\t\t\t<h2 class=\"elementor-heading-title elementor-size-default\">Betriebshaftpflicht<\/h2>\t\t\t\t<\/div>\n\t\t\t\t<\/div>\n\t\t\t\t<div class=\"elementor-element elementor-element-e640ae6 elementor-widget elementor-widget-text-editor\" data-id=\"e640ae6\" data-element_type=\"widget\" data-e-type=\"widget\" data-widget_type=\"text-editor.default\">\n\t\t\t\t<div class=\"elementor-widget-container\">\n\t\t\t\t\t\t\t\t\t<p>Wenn Menschen durch Mitarbeiter oder Ger\u00e4tschaften deines Unternehmens gesch\u00e4digt werden, ist die Unternehmung zu Schadensersatz verpflichtet.<\/p><p>Da die H\u00f6he dieses Ersatzes unbegrenzt ist, k\u00f6nnen schnell Betr\u00e4ge entstehen, die dir und dem Gesch\u00e4ft die Existenzf\u00e4higkeit entziehen k\u00f6nnen. Eine Betriebshaftpflichtversicherung sollte daher f\u00fcr jeden Betrieb eine der ersten Versicherungen sein.<\/p>\t\t\t\t\t\t\t\t<\/div>\n\t\t\t\t<\/div>\n\t\t\t\t<div class=\"elementor-element elementor-element-4c70b79 elementor-widget elementor-widget-heading\" data-id=\"4c70b79\" data-element_type=\"widget\" data-e-type=\"widget\" data-widget_type=\"heading.default\">\n\t\t\t\t<div class=\"elementor-widget-container\">\n\t\t\t\t\t<h2 class=\"elementor-heading-title elementor-size-default\">Optimaler Schutz f\u00fcr Unternehmen: <\/h2>\t\t\t\t<\/div>\n\t\t\t\t<\/div>\n\t\t\t\t<div class=\"elementor-element elementor-element-1f79556 elementor-widget elementor-widget-text-editor\" data-id=\"1f79556\" data-element_type=\"widget\" data-e-type=\"widget\" data-widget_type=\"text-editor.default\">\n\t\t\t\t<div class=\"elementor-widget-container\">\n\t\t\t\t\t\t\t\t\t<p>Ein Schaden muss f\u00fcr den Verursacher nicht in jedem Fall auf den ersten Blick ersichtlich sein. Eine Betriebshaftpflichtversicherung deckt beispielsweise, je nach Tarif, auch Internetsch\u00e4den ab. Verursacht ein Mitarbeiter deines Betriebes einen Datenausfall bei einem Dritten, beispielsweise durch eine vireninfizierte E-Mail, ist dies durch die Betriebshaftpflichtversicherung gedeckt.<\/p><p>Ein weiterer Vorteil einer Betriebshaftpflichtversicherung ist auch, dass bestimmte Versicherungen die Bauherrnhaftpflicht deckt, die du anderenfalls separat abschlie\u00dfen musst. Die Betriebshaftpflicht umfasst eine gro\u00dfe Zahl verschiedener Deckungen und Einschl\u00fcsse, die dir in der Vielzahl eine optimal auf dich abgestimmte Versicherung erm\u00f6glicht.<\/p>\t\t\t\t\t\t\t\t<\/div>\n\t\t\t\t<\/div>\n\t\t\t\t\t<\/div>\n\t\t<\/div>\n\t\t\t\t\t<\/div>\n\t\t<\/section>\n\t\t\t\t\t<\/div>\n\t\t<\/div>\n\t\t\t\t\t<\/div>\n\t\t<\/section>\n\t\t\t\t<\/div>\n\t\t","protected":false},"excerpt":{"rendered":"<p>Jetzt vergleichen und g\u00fcnstigste Betriebshaftpflicht finden: Vergleichsrechner Test Beratung anfragen Zus\u00e4tzliche Informationen und Hinweise Betriebshaftpflicht Wenn Menschen durch Mitarbeiter oder Ger\u00e4tschaften deines Unternehmens gesch\u00e4digt werden, ist die Unternehmung zu Schadensersatz verpflichtet. Da die H\u00f6he dieses Ersatzes unbegrenzt ist, k\u00f6nnen schnell Betr\u00e4ge entstehen, die dir und dem Gesch\u00e4ft die Existenzf\u00e4higkeit entziehen k\u00f6nnen. Eine Betriebshaftpflichtversicherung sollte daher [&hellip;]<\/p>\n","protected":false},"author":4,"featured_media":0,"parent":0,"menu_order":0,"comment_status":"closed","ping_status":"closed","template":"","meta":{"footnotes":""},"class_list":["post-1099","page","type-page","status-publish","hentry"],"yoast_head":"<!-- This site is optimized with the Yoast SEO plugin v27.4 - https:\/\/yoast.com\/product\/yoast-seo-wordpress\/ -->\n<title>Vergleichsrechner Betriebshaftpflichtversicherung - G&uuml;nstiger. Besser. FinMark.<\/title>\n<meta name=\"description\" content=\"Finde die perfekte Betriebshaftpflichtversicherung mit unserem Vergleichsrechner. Sch\u00fctze dein Unternehmen. Schnell. Einfach. Zuverl\u00e4ssig.\" \/>\n<meta name=\"robots\" content=\"index, follow, max-snippet:-1, max-image-preview:large, max-video-preview:-1\" \/>\n<link rel=\"canonical\" href=\"https:\/\/www.finmarkbroker.com\/ro\/vergleichsrechner-betriebshaftpflichtversicherung\/\" \/>\n<meta property=\"og:locale\" content=\"ro_RO\" \/>\n<meta property=\"og:type\" content=\"article\" \/>\n<meta property=\"og:title\" content=\"Vergleichsrechner Betriebshaftpflichtversicherung - G&uuml;nstiger. Besser. FinMark.\" \/>\n<meta property=\"og:description\" content=\"Finde die perfekte Betriebshaftpflichtversicherung mit unserem Vergleichsrechner. Sch\u00fctze dein Unternehmen. Schnell. Einfach. Zuverl\u00e4ssig.\" \/>\n<meta property=\"og:url\" content=\"https:\/\/www.finmarkbroker.com\/ro\/vergleichsrechner-betriebshaftpflichtversicherung\/\" \/>\n<meta property=\"og:site_name\" content=\"G&uuml;nstiger. Besser. FinMark.\" \/>\n<meta property=\"article:modified_time\" content=\"2023-09-26T07:44:41+00:00\" \/>\n<meta name=\"twitter:card\" content=\"summary_large_image\" \/>\n<meta name=\"twitter:label1\" content=\"Timp estimat pentru citire\" \/>\n\t<meta name=\"twitter:data1\" content=\"1 minut\" \/>\n<script type=\"application\/ld+json\" class=\"yoast-schema-graph\">{\"@context\":\"https:\\\/\\\/schema.org\",\"@graph\":[{\"@type\":\"WebPage\",\"@id\":\"https:\\\/\\\/www.finmarkbroker.com\\\/vergleichsrechner-betriebshaftpflichtversicherung\\\/\",\"url\":\"https:\\\/\\\/www.finmarkbroker.com\\\/vergleichsrechner-betriebshaftpflichtversicherung\\\/\",\"name\":\"Vergleichsrechner Betriebshaftpflichtversicherung - G&uuml;nstiger. Besser. FinMark.\",\"isPartOf\":{\"@id\":\"https:\\\/\\\/www.finmarkbroker.com\\\/#website\"},\"datePublished\":\"2023-06-14T13:46:21+00:00\",\"dateModified\":\"2023-09-26T07:44:41+00:00\",\"description\":\"Finde die perfekte Betriebshaftpflichtversicherung mit unserem Vergleichsrechner. Sch\u00fctze dein Unternehmen. Schnell. Einfach. Zuverl\u00e4ssig.\",\"breadcrumb\":{\"@id\":\"https:\\\/\\\/www.finmarkbroker.com\\\/vergleichsrechner-betriebshaftpflichtversicherung\\\/#breadcrumb\"},\"inLanguage\":\"ro-RO\",\"potentialAction\":[{\"@type\":\"ReadAction\",\"target\":[\"https:\\\/\\\/www.finmarkbroker.com\\\/vergleichsrechner-betriebshaftpflichtversicherung\\\/\"]}]},{\"@type\":\"BreadcrumbList\",\"@id\":\"https:\\\/\\\/www.finmarkbroker.com\\\/vergleichsrechner-betriebshaftpflichtversicherung\\\/#breadcrumb\",\"itemListElement\":[{\"@type\":\"ListItem\",\"position\":1,\"name\":\"Home\",\"item\":\"https:\\\/\\\/www.finmarkbroker.com\\\/\"},{\"@type\":\"ListItem\",\"position\":2,\"name\":\"Vergleichsrechner Betriebshaftpflichtversicherung\"}]},{\"@type\":\"WebSite\",\"@id\":\"https:\\\/\\\/www.finmarkbroker.com\\\/#website\",\"url\":\"https:\\\/\\\/www.finmarkbroker.com\\\/\",\"name\":\"G&uuml;nstiger. Besser. FinMark.\",\"description\":\"Deine unabh&auml;ngigen Versicherungsmakler\",\"publisher\":{\"@id\":\"https:\\\/\\\/www.finmarkbroker.com\\\/#organization\"},\"potentialAction\":[{\"@type\":\"SearchAction\",\"target\":{\"@type\":\"EntryPoint\",\"urlTemplate\":\"https:\\\/\\\/www.finmarkbroker.com\\\/?s={search_term_string}\"},\"query-input\":{\"@type\":\"PropertyValueSpecification\",\"valueRequired\":true,\"valueName\":\"search_term_string\"}}],\"inLanguage\":\"ro-RO\"},{\"@type\":\"Organization\",\"@id\":\"https:\\\/\\\/www.finmarkbroker.com\\\/#organization\",\"name\":\"G&uuml;nstiger. Besser. FinMark.\",\"url\":\"https:\\\/\\\/www.finmarkbroker.com\\\/\",\"logo\":{\"@type\":\"ImageObject\",\"inLanguage\":\"ro-RO\",\"@id\":\"https:\\\/\\\/www.finmarkbroker.com\\\/#\\\/schema\\\/logo\\\/image\\\/\",\"url\":\"https:\\\/\\\/www.finmarkbroker.com\\\/wp-content\\\/uploads\\\/2023\\\/04\\\/finmark-schriftzug-logo.svg\",\"contentUrl\":\"https:\\\/\\\/www.finmarkbroker.com\\\/wp-content\\\/uploads\\\/2023\\\/04\\\/finmark-schriftzug-logo.svg\",\"width\":558,\"height\":143,\"caption\":\"G&uuml;nstiger. Besser. FinMark.\"},\"image\":{\"@id\":\"https:\\\/\\\/www.finmarkbroker.com\\\/#\\\/schema\\\/logo\\\/image\\\/\"}}]}<\/script>\n<!-- \/ Yoast SEO plugin. -->","yoast_head_json":{"title":"Vergleichsrechner Betriebshaftpflichtversicherung - G&uuml;nstiger. Besser. FinMark.","description":"Finde die perfekte Betriebshaftpflichtversicherung mit unserem Vergleichsrechner. Sch\u00fctze dein Unternehmen. Schnell. Einfach. Zuverl\u00e4ssig.","robots":{"index":"index","follow":"follow","max-snippet":"max-snippet:-1","max-image-preview":"max-image-preview:large","max-video-preview":"max-video-preview:-1"},"canonical":"https:\/\/www.finmarkbroker.com\/ro\/vergleichsrechner-betriebshaftpflichtversicherung\/","og_locale":"ro_RO","og_type":"article","og_title":"Vergleichsrechner Betriebshaftpflichtversicherung - G&uuml;nstiger. Besser. FinMark.","og_description":"Finde die perfekte Betriebshaftpflichtversicherung mit unserem Vergleichsrechner. Sch\u00fctze dein Unternehmen. Schnell. Einfach. Zuverl\u00e4ssig.","og_url":"https:\/\/www.finmarkbroker.com\/ro\/vergleichsrechner-betriebshaftpflichtversicherung\/","og_site_name":"G&uuml;nstiger. Besser. FinMark.","article_modified_time":"2023-09-26T07:44:41+00:00","twitter_card":"summary_large_image","twitter_misc":{"Timp estimat pentru citire":"1 minut"},"schema":{"@context":"https:\/\/schema.org","@graph":[{"@type":"WebPage","@id":"https:\/\/www.finmarkbroker.com\/vergleichsrechner-betriebshaftpflichtversicherung\/","url":"https:\/\/www.finmarkbroker.com\/vergleichsrechner-betriebshaftpflichtversicherung\/","name":"Vergleichsrechner Betriebshaftpflichtversicherung - G&uuml;nstiger. Besser. FinMark.","isPartOf":{"@id":"https:\/\/www.finmarkbroker.com\/#website"},"datePublished":"2023-06-14T13:46:21+00:00","dateModified":"2023-09-26T07:44:41+00:00","description":"Finde die perfekte Betriebshaftpflichtversicherung mit unserem Vergleichsrechner. Sch\u00fctze dein Unternehmen. Schnell. Einfach. Zuverl\u00e4ssig.","breadcrumb":{"@id":"https:\/\/www.finmarkbroker.com\/vergleichsrechner-betriebshaftpflichtversicherung\/#breadcrumb"},"inLanguage":"ro-RO","potentialAction":[{"@type":"ReadAction","target":["https:\/\/www.finmarkbroker.com\/vergleichsrechner-betriebshaftpflichtversicherung\/"]}]},{"@type":"BreadcrumbList","@id":"https:\/\/www.finmarkbroker.com\/vergleichsrechner-betriebshaftpflichtversicherung\/#breadcrumb","itemListElement":[{"@type":"ListItem","position":1,"name":"Home","item":"https:\/\/www.finmarkbroker.com\/"},{"@type":"ListItem","position":2,"name":"Vergleichsrechner Betriebshaftpflichtversicherung"}]},{"@type":"WebSite","@id":"https:\/\/www.finmarkbroker.com\/#website","url":"https:\/\/www.finmarkbroker.com\/","name":"G&uuml;nstiger. Besser. FinMark.","description":"Deine unabh&auml;ngigen Versicherungsmakler","publisher":{"@id":"https:\/\/www.finmarkbroker.com\/#organization"},"potentialAction":[{"@type":"SearchAction","target":{"@type":"EntryPoint","urlTemplate":"https:\/\/www.finmarkbroker.com\/?s={search_term_string}"},"query-input":{"@type":"PropertyValueSpecification","valueRequired":true,"valueName":"search_term_string"}}],"inLanguage":"ro-RO"},{"@type":"Organization","@id":"https:\/\/www.finmarkbroker.com\/#organization","name":"G&uuml;nstiger. Besser. FinMark.","url":"https:\/\/www.finmarkbroker.com\/","logo":{"@type":"ImageObject","inLanguage":"ro-RO","@id":"https:\/\/www.finmarkbroker.com\/#\/schema\/logo\/image\/","url":"https:\/\/www.finmarkbroker.com\/wp-content\/uploads\/2023\/04\/finmark-schriftzug-logo.svg","contentUrl":"https:\/\/www.finmarkbroker.com\/wp-content\/uploads\/2023\/04\/finmark-schriftzug-logo.svg","width":558,"height":143,"caption":"G&uuml;nstiger. Besser. FinMark."},"image":{"@id":"https:\/\/www.finmarkbroker.com\/#\/schema\/logo\/image\/"}}]}},"_links":{"self":[{"href":"https:\/\/www.finmarkbroker.com\/ro\/wp-json\/wp\/v2\/pages\/1099","targetHints":{"allow":["GET"]}}],"collection":[{"href":"https:\/\/www.finmarkbroker.com\/ro\/wp-json\/wp\/v2\/pages"}],"about":[{"href":"https:\/\/www.finmarkbroker.com\/ro\/wp-json\/wp\/v2\/types\/page"}],"author":[{"embeddable":true,"href":"https:\/\/www.finmarkbroker.com\/ro\/wp-json\/wp\/v2\/users\/4"}],"replies":[{"embeddable":true,"href":"https:\/\/www.finmarkbroker.com\/ro\/wp-json\/wp\/v2\/comments?post=1099"}],"version-history":[{"count":69,"href":"https:\/\/www.finmarkbroker.com\/ro\/wp-json\/wp\/v2\/pages\/1099\/revisions"}],"predecessor-version":[{"id":5822,"href":"https:\/\/www.finmarkbroker.com\/ro\/wp-json\/wp\/v2\/pages\/1099\/revisions\/5822"}],"wp:attachment":[{"href":"https:\/\/www.finmarkbroker.com\/ro\/wp-json\/wp\/v2\/media?parent=1099"}],"curies":[{"name":"wp","href":"https:\/\/api.w.org\/{rel}","templated":true}]}}