{"id":1105,"date":"2023-06-14T13:47:34","date_gmt":"2023-06-14T13:47:34","guid":{"rendered":"https:\/\/finmarkbroker.com\/?page_id=1105"},"modified":"2023-09-26T07:45:05","modified_gmt":"2023-09-26T07:45:05","slug":"vergleichsrechner-bauherrenhaftpflicht","status":"publish","type":"page","link":"https:\/\/www.finmarkbroker.com\/ro\/vergleichsrechner-bauherrenhaftpflicht\/","title":{"rendered":"Vergleichsrechner Bauherrenhaftpflicht"},"content":{"rendered":"\t\t<div data-elementor-type=\"wp-page\" data-elementor-id=\"1105\" class=\"elementor elementor-1105\" data-elementor-post-type=\"page\">\n\t\t\t\t\t\t<section class=\"elementor-section elementor-top-section elementor-element elementor-element-e3080fb elementor-section-full_width elementor-section-stretched elementor-section-height-default elementor-section-height-default\" data-id=\"e3080fb\" data-element_type=\"section\" data-e-type=\"section\" data-settings=\"{&quot;stretch_section&quot;:&quot;section-stretched&quot;,&quot;background_background&quot;:&quot;classic&quot;}\">\n\t\t\t\t\t\t<div class=\"elementor-container elementor-column-gap-default\">\n\t\t\t\t\t<div class=\"elementor-column elementor-col-100 elementor-top-column elementor-element elementor-element-f6def2e\" data-id=\"f6def2e\" data-element_type=\"column\" data-e-type=\"column\">\n\t\t\t<div class=\"elementor-widget-wrap elementor-element-populated\">\n\t\t\t\t\t\t<section class=\"elementor-section elementor-inner-section elementor-element elementor-element-6feb6da elementor-section-boxed elementor-section-height-default elementor-section-height-default\" data-id=\"6feb6da\" data-element_type=\"section\" data-e-type=\"section\">\n\t\t\t\t\t\t<div class=\"elementor-container elementor-column-gap-default\">\n\t\t\t\t\t<div class=\"elementor-column elementor-col-100 elementor-inner-column elementor-element elementor-element-9190ec7\" data-id=\"9190ec7\" data-element_type=\"column\" data-e-type=\"column\">\n\t\t\t<div class=\"elementor-widget-wrap elementor-element-populated\">\n\t\t\t\t\t\t<div class=\"elementor-element elementor-element-c060c60 elementor-widget elementor-widget-heading\" data-id=\"c060c60\" data-element_type=\"widget\" data-e-type=\"widget\" data-widget_type=\"heading.default\">\n\t\t\t\t<div class=\"elementor-widget-container\">\n\t\t\t\t\t<h1 class=\"elementor-heading-title elementor-size-default\">Jetzt vergleichen und \ng\u00fcnstigste Bauherrenhaft-pflichtversicherung finden:<\/h1>\t\t\t\t<\/div>\n\t\t\t\t<\/div>\n\t\t\t\t<div class=\"elementor-element elementor-element-5d87834 elementor-widget elementor-widget-html\" data-id=\"5d87834\" data-element_type=\"widget\" data-e-type=\"widget\" data-widget_type=\"html.default\">\n\t\t\t\t<div class=\"elementor-widget-container\">\n\t\t\t\t\t  <head> \r\n    <meta charset=\"UTF-8\" \/> \r\n    <meta name=\"viewport\" content=\"width=device-width, initial-scale=1.0\" \/> \r\n    <title>Vergleichsrechner Test<\/title> \r\n    <script type=\"text\/javascript\"> \r\n      function createRechner() { \r\n        dio.api.Api.config.setOptions({ \r\n          global: { \r\n            vermittler: \"007109\", \r\n          }, \r\n          rechner: { \r\n            theme: \"128a\", \r\n          }, \r\n        }); \r\n        new dio.api.Rechner(\"bauherrenhaftpflicht\").inject(\"calculator-container\"); \r\n      } \r\n      var apiScript = document.createElement(\"script\"); \r\n      if (apiScript.addEventListener) { \r\n        apiScript.addEventListener(\"load\", createRechner, false); \r\n      } else { \r\n        apiScript.onreadystatechange = function () { \r\n          if (this.readyState == \"loaded\" || this.readyState == \"complete\") { \r\n            createRechner(); \r\n          } \r\n        }; \r\n      } \r\n      apiScript.type = \"text\/javascript\"; \r\n      apiScript.src = \"https:\/\/www.maklerinfo.biz\/js\/api-1.1.js\"; \r\n      document.getElementsByTagName(\"head\")[0].appendChild(apiScript); \r\n    <\/script> \r\n  <\/head> \r\n  <body> \r\n    <div id=\"calculator-container\" style=\"margin: 0 auto; width: auto\"><\/div> \r\n  <\/body>\r\n\t\t\t\t<\/div>\n\t\t\t\t<\/div>\n\t\t\t\t\t<\/div>\n\t\t<\/div>\n\t\t\t\t\t<\/div>\n\t\t<\/section>\n\t\t\t\t<div class=\"elementor-element elementor-element-381d37e elementor-align-center elementor-mobile-align-justify elementor-widget elementor-widget-button\" data-id=\"381d37e\" data-element_type=\"widget\" data-e-type=\"widget\" data-widget_type=\"button.default\">\n\t\t\t\t<div class=\"elementor-widget-container\">\n\t\t\t\t\t\t\t\t\t<div class=\"elementor-button-wrapper\">\n\t\t\t\t\t<a class=\"elementor-button elementor-button-link elementor-size-sm elementor-animation-grow\" href=\"#elementor-action%3Aaction%3Dpopup%3Aopen%26settings%3DeyJpZCI6IjE0NTUiLCJ0b2dnbGUiOmZhbHNlfQ%3D%3D\">\n\t\t\t\t\t\t<span class=\"elementor-button-content-wrapper\">\n\t\t\t\t\t\t\t\t\t<span class=\"elementor-button-text\">Beratung anfragen<\/span>\n\t\t\t\t\t<\/span>\n\t\t\t\t\t<\/a>\n\t\t\t\t<\/div>\n\t\t\t\t\t\t\t\t<\/div>\n\t\t\t\t<\/div>\n\t\t\t\t\t<\/div>\n\t\t<\/div>\n\t\t\t\t\t<\/div>\n\t\t<\/section>\n\t\t\t\t<section class=\"elementor-section elementor-top-section elementor-element elementor-element-535b1d2 elementor-section-full_width elementor-section-height-default elementor-section-height-default\" data-id=\"535b1d2\" data-element_type=\"section\" data-e-type=\"section\">\n\t\t\t\t\t\t<div class=\"elementor-container elementor-column-gap-default\">\n\t\t\t\t\t<div class=\"elementor-column elementor-col-100 elementor-top-column elementor-element elementor-element-0acfc2d\" data-id=\"0acfc2d\" data-element_type=\"column\" data-e-type=\"column\">\n\t\t\t<div class=\"elementor-widget-wrap elementor-element-populated\">\n\t\t\t\t\t\t<section class=\"elementor-section elementor-inner-section elementor-element elementor-element-33b06ad elementor-section-full_width elementor-section-height-default elementor-section-height-default\" data-id=\"33b06ad\" data-element_type=\"section\" data-e-type=\"section\">\n\t\t\t\t\t\t<div class=\"elementor-container elementor-column-gap-default\">\n\t\t\t\t\t<div class=\"elementor-column elementor-col-50 elementor-inner-column elementor-element elementor-element-238fa43\" data-id=\"238fa43\" data-element_type=\"column\" data-e-type=\"column\">\n\t\t\t<div class=\"elementor-widget-wrap elementor-element-populated\">\n\t\t\t\t\t\t<div class=\"elementor-element elementor-element-4a92c6b elementor-widget elementor-widget-heading\" data-id=\"4a92c6b\" data-element_type=\"widget\" data-e-type=\"widget\" data-widget_type=\"heading.default\">\n\t\t\t\t<div class=\"elementor-widget-container\">\n\t\t\t\t\t<h2 class=\"elementor-heading-title elementor-size-default\">Zus\u00e4tzliche<\/h2>\t\t\t\t<\/div>\n\t\t\t\t<\/div>\n\t\t\t\t<div class=\"elementor-element elementor-element-fea8592 elementor-widget elementor-widget-heading\" data-id=\"fea8592\" data-element_type=\"widget\" data-e-type=\"widget\" data-widget_type=\"heading.default\">\n\t\t\t\t<div class=\"elementor-widget-container\">\n\t\t\t\t\t<h2 class=\"elementor-heading-title elementor-size-default\">Informationen <BR> und Hinweise<\/h2>\t\t\t\t<\/div>\n\t\t\t\t<\/div>\n\t\t\t\t\t<\/div>\n\t\t<\/div>\n\t\t\t\t<div class=\"elementor-column elementor-col-50 elementor-inner-column elementor-element elementor-element-5dbcafd\" data-id=\"5dbcafd\" data-element_type=\"column\" data-e-type=\"column\" data-settings=\"{&quot;background_background&quot;:&quot;classic&quot;}\">\n\t\t\t<div class=\"elementor-widget-wrap elementor-element-populated\">\n\t\t\t\t\t\t<div class=\"elementor-element elementor-element-69d68f9 elementor-widget elementor-widget-heading\" data-id=\"69d68f9\" data-element_type=\"widget\" data-e-type=\"widget\" data-widget_type=\"heading.default\">\n\t\t\t\t<div class=\"elementor-widget-container\">\n\t\t\t\t\t<h2 class=\"elementor-heading-title elementor-size-default\">Bauherrenhaftpflicht<\/h2>\t\t\t\t<\/div>\n\t\t\t\t<\/div>\n\t\t\t\t<div class=\"elementor-element elementor-element-8a55337 elementor-widget elementor-widget-text-editor\" data-id=\"8a55337\" data-element_type=\"widget\" data-e-type=\"widget\" data-widget_type=\"text-editor.default\">\n\t\t\t\t<div class=\"elementor-widget-container\">\n\t\t\t\t\t\t\t\t\t<p>F\u00fcr viele Menschen ist der Bau eines Eigenheims ein Traum, den man sich im Laufe des Lebens gerne erf\u00fcllen m\u00f6chte. Dabei sind den meisten Bauherrn die offensichtlichen Schwierigkeiten bekannt, wie beispielsweise die grundlegenden Kosten des Baus und die Wahl einer geeigneten Baufirma.<\/p><p><strong>Wenigen ist bekannt, welche zus\u00e4tzlichen Schwierigkeiten entstehen k\u00f6nnen.<\/strong><\/p><p>So k\u00f6nnen beispielsweise beim Bau Handwerker oder Besucher verletzt werden, deren Schaden der Bauherr tragen muss.Auch St\u00fcrme und Feuer k\u00f6nnen den Bau verz\u00f6gern und in diesem Sinne eine finanzielle Mehrbelastung herbeif\u00fchren.<\/p><p>Eine Bauherrenversicherung sichert dich gegen alle Eventualit\u00e4ten ab, die dir als Bauherr begegnen k\u00f6nnen. Bei Fragen zu einzelnen Einschl\u00fcssen der Versicherung pr\u00fcfe bitte die jeweiligen Tarife.<\/p>\t\t\t\t\t\t\t\t<\/div>\n\t\t\t\t<\/div>\n\t\t\t\t<div class=\"elementor-element elementor-element-f091882 elementor-widget elementor-widget-heading\" data-id=\"f091882\" data-element_type=\"widget\" data-e-type=\"widget\" data-widget_type=\"heading.default\">\n\t\t\t\t<div class=\"elementor-widget-container\">\n\t\t\t\t\t<h2 class=\"elementor-heading-title elementor-size-default\"> Wichtige Faktoren bei der Wahl einer Bauherrenversicherung<\/h2>\t\t\t\t<\/div>\n\t\t\t\t<\/div>\n\t\t\t\t<div class=\"elementor-element elementor-element-619eba3 elementor-widget elementor-widget-text-editor\" data-id=\"619eba3\" data-element_type=\"widget\" data-e-type=\"widget\" data-widget_type=\"text-editor.default\">\n\t\t\t\t<div class=\"elementor-widget-container\">\n\t\t\t\t\t\t\t\t\t<p>Als Bauherr solltet du beim Abschluss einer Bauherrenversicherung insbesondere darauf achten, dass die Versicherung einen m\u00f6glichst hohen Schadensbetrag f\u00fcr Personen- und Verm\u00f6genssch\u00e4den abdeckt. Beachte bei der Wahl der Bauherrenversicherung, dass der Bauherr bei einem negativen Ausgang eines Rechtsstreits ggf. unbegrenzt f\u00fcr m\u00f6gliche Schadensersatzleistungen aufkommen muss.<\/p><p>Auch solltet du vor Abschluss der Bauherrenversicherung pr\u00fcfen, inwieweit dein Bauanliegen von der Versicherung unterst\u00fctzt wird, da der Versicherer sehr pr\u00e4zise zwischen Haustypen und Hausnutzung unterscheidet.<\/p><p><strong>Eine geeignete und besonnen gew\u00e4hlte Bauherrenversicherung ist daher eine Pflichtversicherung jeder Person, die ein Grundst\u00fcck bebauen m\u00f6chte.<\/strong><\/p>\t\t\t\t\t\t\t\t<\/div>\n\t\t\t\t<\/div>\n\t\t\t\t\t<\/div>\n\t\t<\/div>\n\t\t\t\t\t<\/div>\n\t\t<\/section>\n\t\t\t\t\t<\/div>\n\t\t<\/div>\n\t\t\t\t\t<\/div>\n\t\t<\/section>\n\t\t\t\t<\/div>\n\t\t","protected":false},"excerpt":{"rendered":"<p>Jetzt vergleichen und g\u00fcnstigste Bauherrenhaft-pflichtversicherung finden: Vergleichsrechner Test Beratung anfragen Zus\u00e4tzliche Informationen und Hinweise Bauherrenhaftpflicht F\u00fcr viele Menschen ist der Bau eines Eigenheims ein Traum, den man sich im Laufe des Lebens gerne erf\u00fcllen m\u00f6chte. Dabei sind den meisten Bauherrn die offensichtlichen Schwierigkeiten bekannt, wie beispielsweise die grundlegenden Kosten des Baus und die Wahl einer [&hellip;]<\/p>\n","protected":false},"author":4,"featured_media":0,"parent":0,"menu_order":0,"comment_status":"closed","ping_status":"closed","template":"","meta":{"footnotes":""},"class_list":["post-1105","page","type-page","status-publish","hentry"],"yoast_head":"<!-- This site is optimized with the Yoast SEO plugin v27.4 - https:\/\/yoast.com\/product\/yoast-seo-wordpress\/ -->\n<title>Vergleichsrechner Bauherrenhaftpflicht - G&uuml;nstiger. Besser. FinMark.<\/title>\n<meta name=\"description\" content=\"Finde die ideale Bauherrenhaftpflichtversicherung mit unserem Vergleichsrechner. Sch\u00fctz dein Bauprojekt. Schnell. Einfach. Zuverl\u00e4ssig.\" \/>\n<meta name=\"robots\" content=\"index, follow, max-snippet:-1, max-image-preview:large, max-video-preview:-1\" \/>\n<link rel=\"canonical\" href=\"https:\/\/www.finmarkbroker.com\/ro\/vergleichsrechner-bauherrenhaftpflicht\/\" \/>\n<meta property=\"og:locale\" content=\"ro_RO\" \/>\n<meta property=\"og:type\" content=\"article\" \/>\n<meta property=\"og:title\" content=\"Vergleichsrechner Bauherrenhaftpflicht - G&uuml;nstiger. Besser. FinMark.\" \/>\n<meta property=\"og:description\" content=\"Finde die ideale Bauherrenhaftpflichtversicherung mit unserem Vergleichsrechner. Sch\u00fctz dein Bauprojekt. Schnell. Einfach. Zuverl\u00e4ssig.\" \/>\n<meta property=\"og:url\" content=\"https:\/\/www.finmarkbroker.com\/ro\/vergleichsrechner-bauherrenhaftpflicht\/\" \/>\n<meta property=\"og:site_name\" content=\"G&uuml;nstiger. Besser. FinMark.\" \/>\n<meta property=\"article:modified_time\" content=\"2023-09-26T07:45:05+00:00\" \/>\n<meta name=\"twitter:card\" content=\"summary_large_image\" \/>\n<meta name=\"twitter:label1\" content=\"Timp estimat pentru citire\" \/>\n\t<meta name=\"twitter:data1\" content=\"2 minute\" \/>\n<script type=\"application\/ld+json\" class=\"yoast-schema-graph\">{\"@context\":\"https:\\\/\\\/schema.org\",\"@graph\":[{\"@type\":\"WebPage\",\"@id\":\"https:\\\/\\\/www.finmarkbroker.com\\\/vergleichsrechner-bauherrenhaftpflicht\\\/\",\"url\":\"https:\\\/\\\/www.finmarkbroker.com\\\/vergleichsrechner-bauherrenhaftpflicht\\\/\",\"name\":\"Vergleichsrechner Bauherrenhaftpflicht - G&uuml;nstiger. Besser. FinMark.\",\"isPartOf\":{\"@id\":\"https:\\\/\\\/www.finmarkbroker.com\\\/#website\"},\"datePublished\":\"2023-06-14T13:47:34+00:00\",\"dateModified\":\"2023-09-26T07:45:05+00:00\",\"description\":\"Finde die ideale Bauherrenhaftpflichtversicherung mit unserem Vergleichsrechner. Sch\u00fctz dein Bauprojekt. Schnell. Einfach. Zuverl\u00e4ssig.\",\"breadcrumb\":{\"@id\":\"https:\\\/\\\/www.finmarkbroker.com\\\/vergleichsrechner-bauherrenhaftpflicht\\\/#breadcrumb\"},\"inLanguage\":\"ro-RO\",\"potentialAction\":[{\"@type\":\"ReadAction\",\"target\":[\"https:\\\/\\\/www.finmarkbroker.com\\\/vergleichsrechner-bauherrenhaftpflicht\\\/\"]}]},{\"@type\":\"BreadcrumbList\",\"@id\":\"https:\\\/\\\/www.finmarkbroker.com\\\/vergleichsrechner-bauherrenhaftpflicht\\\/#breadcrumb\",\"itemListElement\":[{\"@type\":\"ListItem\",\"position\":1,\"name\":\"Home\",\"item\":\"https:\\\/\\\/www.finmarkbroker.com\\\/\"},{\"@type\":\"ListItem\",\"position\":2,\"name\":\"Vergleichsrechner Bauherrenhaftpflicht\"}]},{\"@type\":\"WebSite\",\"@id\":\"https:\\\/\\\/www.finmarkbroker.com\\\/#website\",\"url\":\"https:\\\/\\\/www.finmarkbroker.com\\\/\",\"name\":\"G&uuml;nstiger. Besser. FinMark.\",\"description\":\"Deine unabh&auml;ngigen Versicherungsmakler\",\"publisher\":{\"@id\":\"https:\\\/\\\/www.finmarkbroker.com\\\/#organization\"},\"potentialAction\":[{\"@type\":\"SearchAction\",\"target\":{\"@type\":\"EntryPoint\",\"urlTemplate\":\"https:\\\/\\\/www.finmarkbroker.com\\\/?s={search_term_string}\"},\"query-input\":{\"@type\":\"PropertyValueSpecification\",\"valueRequired\":true,\"valueName\":\"search_term_string\"}}],\"inLanguage\":\"ro-RO\"},{\"@type\":\"Organization\",\"@id\":\"https:\\\/\\\/www.finmarkbroker.com\\\/#organization\",\"name\":\"G&uuml;nstiger. Besser. FinMark.\",\"url\":\"https:\\\/\\\/www.finmarkbroker.com\\\/\",\"logo\":{\"@type\":\"ImageObject\",\"inLanguage\":\"ro-RO\",\"@id\":\"https:\\\/\\\/www.finmarkbroker.com\\\/#\\\/schema\\\/logo\\\/image\\\/\",\"url\":\"https:\\\/\\\/www.finmarkbroker.com\\\/wp-content\\\/uploads\\\/2023\\\/04\\\/finmark-schriftzug-logo.svg\",\"contentUrl\":\"https:\\\/\\\/www.finmarkbroker.com\\\/wp-content\\\/uploads\\\/2023\\\/04\\\/finmark-schriftzug-logo.svg\",\"width\":558,\"height\":143,\"caption\":\"G&uuml;nstiger. Besser. FinMark.\"},\"image\":{\"@id\":\"https:\\\/\\\/www.finmarkbroker.com\\\/#\\\/schema\\\/logo\\\/image\\\/\"}}]}<\/script>\n<!-- \/ Yoast SEO plugin. -->","yoast_head_json":{"title":"Vergleichsrechner Bauherrenhaftpflicht - G&uuml;nstiger. Besser. FinMark.","description":"Finde die ideale Bauherrenhaftpflichtversicherung mit unserem Vergleichsrechner. Sch\u00fctz dein Bauprojekt. Schnell. Einfach. Zuverl\u00e4ssig.","robots":{"index":"index","follow":"follow","max-snippet":"max-snippet:-1","max-image-preview":"max-image-preview:large","max-video-preview":"max-video-preview:-1"},"canonical":"https:\/\/www.finmarkbroker.com\/ro\/vergleichsrechner-bauherrenhaftpflicht\/","og_locale":"ro_RO","og_type":"article","og_title":"Vergleichsrechner Bauherrenhaftpflicht - G&uuml;nstiger. Besser. FinMark.","og_description":"Finde die ideale Bauherrenhaftpflichtversicherung mit unserem Vergleichsrechner. Sch\u00fctz dein Bauprojekt. Schnell. Einfach. Zuverl\u00e4ssig.","og_url":"https:\/\/www.finmarkbroker.com\/ro\/vergleichsrechner-bauherrenhaftpflicht\/","og_site_name":"G&uuml;nstiger. Besser. FinMark.","article_modified_time":"2023-09-26T07:45:05+00:00","twitter_card":"summary_large_image","twitter_misc":{"Timp estimat pentru citire":"2 minute"},"schema":{"@context":"https:\/\/schema.org","@graph":[{"@type":"WebPage","@id":"https:\/\/www.finmarkbroker.com\/vergleichsrechner-bauherrenhaftpflicht\/","url":"https:\/\/www.finmarkbroker.com\/vergleichsrechner-bauherrenhaftpflicht\/","name":"Vergleichsrechner Bauherrenhaftpflicht - G&uuml;nstiger. Besser. FinMark.","isPartOf":{"@id":"https:\/\/www.finmarkbroker.com\/#website"},"datePublished":"2023-06-14T13:47:34+00:00","dateModified":"2023-09-26T07:45:05+00:00","description":"Finde die ideale Bauherrenhaftpflichtversicherung mit unserem Vergleichsrechner. Sch\u00fctz dein Bauprojekt. Schnell. Einfach. Zuverl\u00e4ssig.","breadcrumb":{"@id":"https:\/\/www.finmarkbroker.com\/vergleichsrechner-bauherrenhaftpflicht\/#breadcrumb"},"inLanguage":"ro-RO","potentialAction":[{"@type":"ReadAction","target":["https:\/\/www.finmarkbroker.com\/vergleichsrechner-bauherrenhaftpflicht\/"]}]},{"@type":"BreadcrumbList","@id":"https:\/\/www.finmarkbroker.com\/vergleichsrechner-bauherrenhaftpflicht\/#breadcrumb","itemListElement":[{"@type":"ListItem","position":1,"name":"Home","item":"https:\/\/www.finmarkbroker.com\/"},{"@type":"ListItem","position":2,"name":"Vergleichsrechner Bauherrenhaftpflicht"}]},{"@type":"WebSite","@id":"https:\/\/www.finmarkbroker.com\/#website","url":"https:\/\/www.finmarkbroker.com\/","name":"G&uuml;nstiger. Besser. FinMark.","description":"Deine unabh&auml;ngigen Versicherungsmakler","publisher":{"@id":"https:\/\/www.finmarkbroker.com\/#organization"},"potentialAction":[{"@type":"SearchAction","target":{"@type":"EntryPoint","urlTemplate":"https:\/\/www.finmarkbroker.com\/?s={search_term_string}"},"query-input":{"@type":"PropertyValueSpecification","valueRequired":true,"valueName":"search_term_string"}}],"inLanguage":"ro-RO"},{"@type":"Organization","@id":"https:\/\/www.finmarkbroker.com\/#organization","name":"G&uuml;nstiger. Besser. FinMark.","url":"https:\/\/www.finmarkbroker.com\/","logo":{"@type":"ImageObject","inLanguage":"ro-RO","@id":"https:\/\/www.finmarkbroker.com\/#\/schema\/logo\/image\/","url":"https:\/\/www.finmarkbroker.com\/wp-content\/uploads\/2023\/04\/finmark-schriftzug-logo.svg","contentUrl":"https:\/\/www.finmarkbroker.com\/wp-content\/uploads\/2023\/04\/finmark-schriftzug-logo.svg","width":558,"height":143,"caption":"G&uuml;nstiger. Besser. FinMark."},"image":{"@id":"https:\/\/www.finmarkbroker.com\/#\/schema\/logo\/image\/"}}]}},"_links":{"self":[{"href":"https:\/\/www.finmarkbroker.com\/ro\/wp-json\/wp\/v2\/pages\/1105","targetHints":{"allow":["GET"]}}],"collection":[{"href":"https:\/\/www.finmarkbroker.com\/ro\/wp-json\/wp\/v2\/pages"}],"about":[{"href":"https:\/\/www.finmarkbroker.com\/ro\/wp-json\/wp\/v2\/types\/page"}],"author":[{"embeddable":true,"href":"https:\/\/www.finmarkbroker.com\/ro\/wp-json\/wp\/v2\/users\/4"}],"replies":[{"embeddable":true,"href":"https:\/\/www.finmarkbroker.com\/ro\/wp-json\/wp\/v2\/comments?post=1105"}],"version-history":[{"count":66,"href":"https:\/\/www.finmarkbroker.com\/ro\/wp-json\/wp\/v2\/pages\/1105\/revisions"}],"predecessor-version":[{"id":5825,"href":"https:\/\/www.finmarkbroker.com\/ro\/wp-json\/wp\/v2\/pages\/1105\/revisions\/5825"}],"wp:attachment":[{"href":"https:\/\/www.finmarkbroker.com\/ro\/wp-json\/wp\/v2\/media?parent=1105"}],"curies":[{"name":"wp","href":"https:\/\/api.w.org\/{rel}","templated":true}]}}