{"id":1128,"date":"2023-06-14T13:52:33","date_gmt":"2023-06-14T13:52:33","guid":{"rendered":"https:\/\/finmarkbroker.com\/?page_id=1128"},"modified":"2023-09-26T07:48:17","modified_gmt":"2023-09-26T07:48:17","slug":"vergleichsrechner-pkw-privatversicherung","status":"publish","type":"page","link":"https:\/\/www.finmarkbroker.com\/ro\/vergleichsrechner-pkw-privatversicherung\/","title":{"rendered":"Vergleichsrechner PKW-Privatversicherung"},"content":{"rendered":"\t\t<div data-elementor-type=\"wp-page\" data-elementor-id=\"1128\" class=\"elementor elementor-1128\" data-elementor-post-type=\"page\">\n\t\t\t\t\t\t<section class=\"elementor-section elementor-top-section elementor-element elementor-element-29c7f9f elementor-section-full_width elementor-section-stretched elementor-section-height-default elementor-section-height-default\" data-id=\"29c7f9f\" data-element_type=\"section\" data-e-type=\"section\" data-settings=\"{&quot;stretch_section&quot;:&quot;section-stretched&quot;,&quot;background_background&quot;:&quot;classic&quot;}\">\n\t\t\t\t\t\t<div class=\"elementor-container elementor-column-gap-default\">\n\t\t\t\t\t<div class=\"elementor-column elementor-col-100 elementor-top-column elementor-element elementor-element-f453268\" data-id=\"f453268\" data-element_type=\"column\" data-e-type=\"column\">\n\t\t\t<div class=\"elementor-widget-wrap elementor-element-populated\">\n\t\t\t\t\t\t<section class=\"elementor-section elementor-inner-section elementor-element elementor-element-de9287c elementor-section-boxed elementor-section-height-default elementor-section-height-default\" data-id=\"de9287c\" data-element_type=\"section\" data-e-type=\"section\">\n\t\t\t\t\t\t<div class=\"elementor-container elementor-column-gap-default\">\n\t\t\t\t\t<div class=\"elementor-column elementor-col-50 elementor-inner-column elementor-element elementor-element-f60fd6e\" data-id=\"f60fd6e\" data-element_type=\"column\" data-e-type=\"column\">\n\t\t\t<div class=\"elementor-widget-wrap\">\n\t\t\t\t\t\t\t<\/div>\n\t\t<\/div>\n\t\t\t\t<div class=\"elementor-column elementor-col-50 elementor-inner-column elementor-element elementor-element-1c8dcbe\" data-id=\"1c8dcbe\" data-element_type=\"column\" data-e-type=\"column\">\n\t\t\t<div class=\"elementor-widget-wrap elementor-element-populated\">\n\t\t\t\t\t\t<div class=\"elementor-element elementor-element-c49a76d elementor-widget elementor-widget-heading\" data-id=\"c49a76d\" data-element_type=\"widget\" data-e-type=\"widget\" data-widget_type=\"heading.default\">\n\t\t\t\t<div class=\"elementor-widget-container\">\n\t\t\t\t\t<h1 class=\"elementor-heading-title elementor-size-default\">Jetzt vergleichen und \ng\u00fcnstigste PKW-Versicherung finden:<\/h1>\t\t\t\t<\/div>\n\t\t\t\t<\/div>\n\t\t\t\t<div class=\"elementor-element elementor-element-05ab11c elementor-widget-mobile__width-inherit elementor-widget elementor-widget-html\" data-id=\"05ab11c\" data-element_type=\"widget\" data-e-type=\"widget\" data-widget_type=\"html.default\">\n\t\t\t\t<div class=\"elementor-widget-container\">\n\t\t\t\t\t  <head> \r\n    <meta charset=\"UTF-8\" \/> \r\n    <meta name=\"viewport\" content=\"width=device-width, initial-scale=1.0\" \/> \r\n    <title>Vergleichsrechner Test<\/title> \r\n    <script type=\"text\/javascript\"> \r\n      function createRechner() { \r\n        dio.api.Api.config.setOptions({ \r\n          global: { \r\n            vermittler: \"007109\", \r\n          }, \r\n          rechner: { \r\n            theme: \"128a\", \r\n          }, \r\n        }); \r\n        new dio.api.Rechner(\"privatepkw\").inject(\"calculator-container\"); \r\n      } \r\n      var apiScript = document.createElement(\"script\"); \r\n      if (apiScript.addEventListener) { \r\n        apiScript.addEventListener(\"load\", createRechner, false); \r\n      } else { \r\n        apiScript.onreadystatechange = function () { \r\n          if (this.readyState == \"loaded\" || this.readyState == \"complete\") { \r\n            createRechner(); \r\n          } \r\n        }; \r\n      } \r\n      apiScript.type = \"text\/javascript\"; \r\n      apiScript.src = \"https:\/\/www.maklerinfo.biz\/js\/api-1.1.js\"; \r\n      document.getElementsByTagName(\"head\")[0].appendChild(apiScript); \r\n    <\/script> \r\n  <\/head> \r\n  <body> \r\n    <div id=\"calculator-container\" style=\"margin: 0 auto; width: auto\"><\/div> \r\n  <\/body>\r\n\t\t\t\t<\/div>\n\t\t\t\t<\/div>\n\t\t\t\t\t<\/div>\n\t\t<\/div>\n\t\t\t\t\t<\/div>\n\t\t<\/section>\n\t\t\t\t<div class=\"elementor-element elementor-element-fb8cf43 elementor-align-center elementor-mobile-align-justify elementor-widget elementor-widget-button\" data-id=\"fb8cf43\" data-element_type=\"widget\" data-e-type=\"widget\" data-widget_type=\"button.default\">\n\t\t\t\t<div class=\"elementor-widget-container\">\n\t\t\t\t\t\t\t\t\t<div class=\"elementor-button-wrapper\">\n\t\t\t\t\t<a class=\"elementor-button elementor-button-link elementor-size-sm elementor-animation-grow\" href=\"#elementor-action%3Aaction%3Dpopup%3Aopen%26settings%3DeyJpZCI6IjE0NTUiLCJ0b2dnbGUiOmZhbHNlfQ%3D%3D\">\n\t\t\t\t\t\t<span class=\"elementor-button-content-wrapper\">\n\t\t\t\t\t\t\t\t\t<span class=\"elementor-button-text\">Beratung anfragen<\/span>\n\t\t\t\t\t<\/span>\n\t\t\t\t\t<\/a>\n\t\t\t\t<\/div>\n\t\t\t\t\t\t\t\t<\/div>\n\t\t\t\t<\/div>\n\t\t\t\t\t<\/div>\n\t\t<\/div>\n\t\t\t\t\t<\/div>\n\t\t<\/section>\n\t\t\t\t<section class=\"elementor-section elementor-top-section elementor-element elementor-element-66a59a4 elementor-section-full_width elementor-section-content-middle elementor-section-stretched elementor-section-height-default elementor-section-height-default\" data-id=\"66a59a4\" data-element_type=\"section\" data-e-type=\"section\" data-settings=\"{&quot;stretch_section&quot;:&quot;section-stretched&quot;}\">\n\t\t\t\t\t\t<div class=\"elementor-container elementor-column-gap-default\">\n\t\t\t\t\t<div class=\"elementor-column elementor-col-100 elementor-top-column elementor-element elementor-element-193048f\" data-id=\"193048f\" data-element_type=\"column\" data-e-type=\"column\" data-settings=\"{&quot;background_background&quot;:&quot;classic&quot;}\">\n\t\t\t<div class=\"elementor-widget-wrap elementor-element-populated\">\n\t\t\t\t\t\t<section class=\"elementor-section elementor-inner-section elementor-element elementor-element-b7968d9 elementor-section-full_width elementor-section-height-default elementor-section-height-default\" data-id=\"b7968d9\" data-element_type=\"section\" data-e-type=\"section\">\n\t\t\t\t\t\t<div class=\"elementor-container elementor-column-gap-default\">\n\t\t\t\t\t<div class=\"elementor-column elementor-col-50 elementor-inner-column elementor-element elementor-element-aa46760\" data-id=\"aa46760\" data-element_type=\"column\" data-e-type=\"column\">\n\t\t\t<div class=\"elementor-widget-wrap elementor-element-populated\">\n\t\t\t\t\t\t<div class=\"elementor-element elementor-element-c8a629a elementor-widget elementor-widget-heading\" data-id=\"c8a629a\" data-element_type=\"widget\" data-e-type=\"widget\" data-widget_type=\"heading.default\">\n\t\t\t\t<div class=\"elementor-widget-container\">\n\t\t\t\t\t<h2 class=\"elementor-heading-title elementor-size-default\">Zus\u00e4tzliche<\/h2>\t\t\t\t<\/div>\n\t\t\t\t<\/div>\n\t\t\t\t<div class=\"elementor-element elementor-element-dad2ab7 elementor-widget elementor-widget-heading\" data-id=\"dad2ab7\" data-element_type=\"widget\" data-e-type=\"widget\" data-widget_type=\"heading.default\">\n\t\t\t\t<div class=\"elementor-widget-container\">\n\t\t\t\t\t<h2 class=\"elementor-heading-title elementor-size-default\">Informationen <BR> und Hinweise<\/h2>\t\t\t\t<\/div>\n\t\t\t\t<\/div>\n\t\t\t\t\t<\/div>\n\t\t<\/div>\n\t\t\t\t<div class=\"elementor-column elementor-col-50 elementor-inner-column elementor-element elementor-element-312b724\" data-id=\"312b724\" data-element_type=\"column\" data-e-type=\"column\" data-settings=\"{&quot;background_background&quot;:&quot;classic&quot;}\">\n\t\t\t<div class=\"elementor-widget-wrap elementor-element-populated\">\n\t\t\t\t\t\t<div class=\"elementor-element elementor-element-64a10f1 elementor-widget elementor-widget-heading\" data-id=\"64a10f1\" data-element_type=\"widget\" data-e-type=\"widget\" data-widget_type=\"heading.default\">\n\t\t\t\t<div class=\"elementor-widget-container\">\n\t\t\t\t\t<h2 class=\"elementor-heading-title elementor-size-default\">PKW-Versicherung<\/h2>\t\t\t\t<\/div>\n\t\t\t\t<\/div>\n\t\t\t\t<div class=\"elementor-element elementor-element-c3d9cd2 elementor-widget elementor-widget-text-editor\" data-id=\"c3d9cd2\" data-element_type=\"widget\" data-e-type=\"widget\" data-widget_type=\"text-editor.default\">\n\t\t\t\t<div class=\"elementor-widget-container\">\n\t\t\t\t\t\t\t\t\t<p>Als Autofahrer bist du im Besonderen in der Gefahr, Dritten einen Schaden zuzuf\u00fcgen. Zu beachten ist, dass eine Leistungspflicht keine Schuld voraussetzt, lediglich eine Beteiligung am Schadensfall.<\/p><p>Eine KFZ-Versicherung ist aus diesem Grund eine gesetzlich vorgeschriebene Pflichtversicherung f\u00fcr jeden Fahrzeughalter. Sie brauchen jedoch nicht nur den Schaden Dritter versichern lassen.<\/p><p>Auch die Versicherung von Sch\u00e4den am eigenen Automobil ist m\u00f6glich, wahlweise \u00fcber die Fahrzeugteilversicherung oder die Fahrzeugvollversicherung.<\/p>\t\t\t\t\t\t\t\t<\/div>\n\t\t\t\t<\/div>\n\t\t\t\t<div class=\"elementor-element elementor-element-c7d3bec elementor-widget elementor-widget-heading\" data-id=\"c7d3bec\" data-element_type=\"widget\" data-e-type=\"widget\" data-widget_type=\"heading.default\">\n\t\t\t\t<div class=\"elementor-widget-container\">\n\t\t\t\t\t<h2 class=\"elementor-heading-title elementor-size-default\">\nOptimaler Schutz f\u00fcr dein Fahrzeug: <\/h2>\t\t\t\t<\/div>\n\t\t\t\t<\/div>\n\t\t\t\t<div class=\"elementor-element elementor-element-c886c59 elementor-widget elementor-widget-text-editor\" data-id=\"c886c59\" data-element_type=\"widget\" data-e-type=\"widget\" data-widget_type=\"text-editor.default\">\n\t\t\t\t<div class=\"elementor-widget-container\">\n\t\t\t\t\t\t\t\t\t<p>Wenn du eine bestimmte Kfz-Versicherung in n\u00e4here Betrachtung gezogen hast, empfehlen wir, insbesondere die Einschl\u00fcsse der Haftpflichtversicherung zu pr\u00fcfen. Diese k\u00f6nnen, neben den obligatorischen Bestandteilen, von Tarif zu Tarif variieren. So ist beispielsweise vermittels der Mallorca-Police ein Einschluss der Kfz-Versicherung vorgesehen, der eine Kfz-Haftpflicht au\u00dferhalb Deutschlands garantiert.<\/p>\t\t\t\t\t\t\t\t<\/div>\n\t\t\t\t<\/div>\n\t\t\t\t\t<\/div>\n\t\t<\/div>\n\t\t\t\t\t<\/div>\n\t\t<\/section>\n\t\t\t\t\t<\/div>\n\t\t<\/div>\n\t\t\t\t\t<\/div>\n\t\t<\/section>\n\t\t\t\t<\/div>\n\t\t","protected":false},"excerpt":{"rendered":"<p>Jetzt vergleichen und g\u00fcnstigste PKW-Versicherung finden: Vergleichsrechner Test Beratung anfragen Zus\u00e4tzliche Informationen und Hinweise PKW-Versicherung Als Autofahrer bist du im Besonderen in der Gefahr, Dritten einen Schaden zuzuf\u00fcgen. Zu beachten ist, dass eine Leistungspflicht keine Schuld voraussetzt, lediglich eine Beteiligung am Schadensfall. Eine KFZ-Versicherung ist aus diesem Grund eine gesetzlich vorgeschriebene Pflichtversicherung f\u00fcr jeden Fahrzeughalter. [&hellip;]<\/p>\n","protected":false},"author":4,"featured_media":0,"parent":0,"menu_order":0,"comment_status":"closed","ping_status":"closed","template":"","meta":{"footnotes":""},"class_list":["post-1128","page","type-page","status-publish","hentry"],"yoast_head":"<!-- This site is optimized with the Yoast SEO plugin v27.4 - https:\/\/yoast.com\/product\/yoast-seo-wordpress\/ -->\n<title>Vergleichsrechner PKW-Privatversicherung - G&uuml;nstiger. Besser. FinMark.<\/title>\n<meta name=\"description\" content=\"Entdecke die beste PKW-Privatversicherung mit unserem Vergleichsrechner. Sch\u00fctz dein Auto auf der Stra\u00dfe. Schnell. Einfach. Verl\u00e4sslich.\" \/>\n<meta name=\"robots\" content=\"index, follow, max-snippet:-1, max-image-preview:large, max-video-preview:-1\" \/>\n<link rel=\"canonical\" href=\"https:\/\/www.finmarkbroker.com\/ro\/vergleichsrechner-pkw-privatversicherung\/\" \/>\n<meta property=\"og:locale\" content=\"ro_RO\" \/>\n<meta property=\"og:type\" content=\"article\" \/>\n<meta property=\"og:title\" content=\"Vergleichsrechner PKW-Privatversicherung - G&uuml;nstiger. Besser. FinMark.\" \/>\n<meta property=\"og:description\" content=\"Entdecke die beste PKW-Privatversicherung mit unserem Vergleichsrechner. Sch\u00fctz dein Auto auf der Stra\u00dfe. Schnell. Einfach. Verl\u00e4sslich.\" \/>\n<meta property=\"og:url\" content=\"https:\/\/www.finmarkbroker.com\/ro\/vergleichsrechner-pkw-privatversicherung\/\" \/>\n<meta property=\"og:site_name\" content=\"G&uuml;nstiger. Besser. FinMark.\" \/>\n<meta property=\"article:modified_time\" content=\"2023-09-26T07:48:17+00:00\" \/>\n<meta name=\"twitter:card\" content=\"summary_large_image\" \/>\n<meta name=\"twitter:label1\" content=\"Timp estimat pentru citire\" \/>\n\t<meta name=\"twitter:data1\" content=\"1 minut\" \/>\n<script type=\"application\/ld+json\" class=\"yoast-schema-graph\">{\"@context\":\"https:\\\/\\\/schema.org\",\"@graph\":[{\"@type\":\"WebPage\",\"@id\":\"https:\\\/\\\/www.finmarkbroker.com\\\/vergleichsrechner-pkw-privatversicherung\\\/\",\"url\":\"https:\\\/\\\/www.finmarkbroker.com\\\/vergleichsrechner-pkw-privatversicherung\\\/\",\"name\":\"Vergleichsrechner PKW-Privatversicherung - G&uuml;nstiger. Besser. FinMark.\",\"isPartOf\":{\"@id\":\"https:\\\/\\\/www.finmarkbroker.com\\\/#website\"},\"datePublished\":\"2023-06-14T13:52:33+00:00\",\"dateModified\":\"2023-09-26T07:48:17+00:00\",\"description\":\"Entdecke die beste PKW-Privatversicherung mit unserem Vergleichsrechner. Sch\u00fctz dein Auto auf der Stra\u00dfe. Schnell. Einfach. Verl\u00e4sslich.\",\"breadcrumb\":{\"@id\":\"https:\\\/\\\/www.finmarkbroker.com\\\/vergleichsrechner-pkw-privatversicherung\\\/#breadcrumb\"},\"inLanguage\":\"ro-RO\",\"potentialAction\":[{\"@type\":\"ReadAction\",\"target\":[\"https:\\\/\\\/www.finmarkbroker.com\\\/vergleichsrechner-pkw-privatversicherung\\\/\"]}]},{\"@type\":\"BreadcrumbList\",\"@id\":\"https:\\\/\\\/www.finmarkbroker.com\\\/vergleichsrechner-pkw-privatversicherung\\\/#breadcrumb\",\"itemListElement\":[{\"@type\":\"ListItem\",\"position\":1,\"name\":\"Home\",\"item\":\"https:\\\/\\\/www.finmarkbroker.com\\\/\"},{\"@type\":\"ListItem\",\"position\":2,\"name\":\"Vergleichsrechner PKW-Privatversicherung\"}]},{\"@type\":\"WebSite\",\"@id\":\"https:\\\/\\\/www.finmarkbroker.com\\\/#website\",\"url\":\"https:\\\/\\\/www.finmarkbroker.com\\\/\",\"name\":\"G&uuml;nstiger. Besser. FinMark.\",\"description\":\"Deine unabh&auml;ngigen Versicherungsmakler\",\"publisher\":{\"@id\":\"https:\\\/\\\/www.finmarkbroker.com\\\/#organization\"},\"potentialAction\":[{\"@type\":\"SearchAction\",\"target\":{\"@type\":\"EntryPoint\",\"urlTemplate\":\"https:\\\/\\\/www.finmarkbroker.com\\\/?s={search_term_string}\"},\"query-input\":{\"@type\":\"PropertyValueSpecification\",\"valueRequired\":true,\"valueName\":\"search_term_string\"}}],\"inLanguage\":\"ro-RO\"},{\"@type\":\"Organization\",\"@id\":\"https:\\\/\\\/www.finmarkbroker.com\\\/#organization\",\"name\":\"G&uuml;nstiger. Besser. FinMark.\",\"url\":\"https:\\\/\\\/www.finmarkbroker.com\\\/\",\"logo\":{\"@type\":\"ImageObject\",\"inLanguage\":\"ro-RO\",\"@id\":\"https:\\\/\\\/www.finmarkbroker.com\\\/#\\\/schema\\\/logo\\\/image\\\/\",\"url\":\"https:\\\/\\\/www.finmarkbroker.com\\\/wp-content\\\/uploads\\\/2023\\\/04\\\/finmark-schriftzug-logo.svg\",\"contentUrl\":\"https:\\\/\\\/www.finmarkbroker.com\\\/wp-content\\\/uploads\\\/2023\\\/04\\\/finmark-schriftzug-logo.svg\",\"width\":558,\"height\":143,\"caption\":\"G&uuml;nstiger. Besser. FinMark.\"},\"image\":{\"@id\":\"https:\\\/\\\/www.finmarkbroker.com\\\/#\\\/schema\\\/logo\\\/image\\\/\"}}]}<\/script>\n<!-- \/ Yoast SEO plugin. -->","yoast_head_json":{"title":"Vergleichsrechner PKW-Privatversicherung - G&uuml;nstiger. Besser. FinMark.","description":"Entdecke die beste PKW-Privatversicherung mit unserem Vergleichsrechner. Sch\u00fctz dein Auto auf der Stra\u00dfe. Schnell. Einfach. Verl\u00e4sslich.","robots":{"index":"index","follow":"follow","max-snippet":"max-snippet:-1","max-image-preview":"max-image-preview:large","max-video-preview":"max-video-preview:-1"},"canonical":"https:\/\/www.finmarkbroker.com\/ro\/vergleichsrechner-pkw-privatversicherung\/","og_locale":"ro_RO","og_type":"article","og_title":"Vergleichsrechner PKW-Privatversicherung - G&uuml;nstiger. Besser. FinMark.","og_description":"Entdecke die beste PKW-Privatversicherung mit unserem Vergleichsrechner. Sch\u00fctz dein Auto auf der Stra\u00dfe. Schnell. Einfach. Verl\u00e4sslich.","og_url":"https:\/\/www.finmarkbroker.com\/ro\/vergleichsrechner-pkw-privatversicherung\/","og_site_name":"G&uuml;nstiger. Besser. FinMark.","article_modified_time":"2023-09-26T07:48:17+00:00","twitter_card":"summary_large_image","twitter_misc":{"Timp estimat pentru citire":"1 minut"},"schema":{"@context":"https:\/\/schema.org","@graph":[{"@type":"WebPage","@id":"https:\/\/www.finmarkbroker.com\/vergleichsrechner-pkw-privatversicherung\/","url":"https:\/\/www.finmarkbroker.com\/vergleichsrechner-pkw-privatversicherung\/","name":"Vergleichsrechner PKW-Privatversicherung - G&uuml;nstiger. Besser. FinMark.","isPartOf":{"@id":"https:\/\/www.finmarkbroker.com\/#website"},"datePublished":"2023-06-14T13:52:33+00:00","dateModified":"2023-09-26T07:48:17+00:00","description":"Entdecke die beste PKW-Privatversicherung mit unserem Vergleichsrechner. Sch\u00fctz dein Auto auf der Stra\u00dfe. Schnell. Einfach. Verl\u00e4sslich.","breadcrumb":{"@id":"https:\/\/www.finmarkbroker.com\/vergleichsrechner-pkw-privatversicherung\/#breadcrumb"},"inLanguage":"ro-RO","potentialAction":[{"@type":"ReadAction","target":["https:\/\/www.finmarkbroker.com\/vergleichsrechner-pkw-privatversicherung\/"]}]},{"@type":"BreadcrumbList","@id":"https:\/\/www.finmarkbroker.com\/vergleichsrechner-pkw-privatversicherung\/#breadcrumb","itemListElement":[{"@type":"ListItem","position":1,"name":"Home","item":"https:\/\/www.finmarkbroker.com\/"},{"@type":"ListItem","position":2,"name":"Vergleichsrechner PKW-Privatversicherung"}]},{"@type":"WebSite","@id":"https:\/\/www.finmarkbroker.com\/#website","url":"https:\/\/www.finmarkbroker.com\/","name":"G&uuml;nstiger. Besser. FinMark.","description":"Deine unabh&auml;ngigen Versicherungsmakler","publisher":{"@id":"https:\/\/www.finmarkbroker.com\/#organization"},"potentialAction":[{"@type":"SearchAction","target":{"@type":"EntryPoint","urlTemplate":"https:\/\/www.finmarkbroker.com\/?s={search_term_string}"},"query-input":{"@type":"PropertyValueSpecification","valueRequired":true,"valueName":"search_term_string"}}],"inLanguage":"ro-RO"},{"@type":"Organization","@id":"https:\/\/www.finmarkbroker.com\/#organization","name":"G&uuml;nstiger. Besser. FinMark.","url":"https:\/\/www.finmarkbroker.com\/","logo":{"@type":"ImageObject","inLanguage":"ro-RO","@id":"https:\/\/www.finmarkbroker.com\/#\/schema\/logo\/image\/","url":"https:\/\/www.finmarkbroker.com\/wp-content\/uploads\/2023\/04\/finmark-schriftzug-logo.svg","contentUrl":"https:\/\/www.finmarkbroker.com\/wp-content\/uploads\/2023\/04\/finmark-schriftzug-logo.svg","width":558,"height":143,"caption":"G&uuml;nstiger. Besser. FinMark."},"image":{"@id":"https:\/\/www.finmarkbroker.com\/#\/schema\/logo\/image\/"}}]}},"_links":{"self":[{"href":"https:\/\/www.finmarkbroker.com\/ro\/wp-json\/wp\/v2\/pages\/1128","targetHints":{"allow":["GET"]}}],"collection":[{"href":"https:\/\/www.finmarkbroker.com\/ro\/wp-json\/wp\/v2\/pages"}],"about":[{"href":"https:\/\/www.finmarkbroker.com\/ro\/wp-json\/wp\/v2\/types\/page"}],"author":[{"embeddable":true,"href":"https:\/\/www.finmarkbroker.com\/ro\/wp-json\/wp\/v2\/users\/4"}],"replies":[{"embeddable":true,"href":"https:\/\/www.finmarkbroker.com\/ro\/wp-json\/wp\/v2\/comments?post=1128"}],"version-history":[{"count":308,"href":"https:\/\/www.finmarkbroker.com\/ro\/wp-json\/wp\/v2\/pages\/1128\/revisions"}],"predecessor-version":[{"id":5838,"href":"https:\/\/www.finmarkbroker.com\/ro\/wp-json\/wp\/v2\/pages\/1128\/revisions\/5838"}],"wp:attachment":[{"href":"https:\/\/www.finmarkbroker.com\/ro\/wp-json\/wp\/v2\/media?parent=1128"}],"curies":[{"name":"wp","href":"https:\/\/api.w.org\/{rel}","templated":true}]}}