{"id":1145,"date":"2023-06-14T13:55:47","date_gmt":"2023-06-14T13:55:47","guid":{"rendered":"https:\/\/finmarkbroker.com\/?page_id=1145"},"modified":"2023-09-26T07:46:27","modified_gmt":"2023-09-26T07:46:27","slug":"vergleichsrechner-lkw-versicherung","status":"publish","type":"page","link":"https:\/\/www.finmarkbroker.com\/ro\/vergleichsrechner-lkw-versicherung\/","title":{"rendered":"Vergleichsrechner LKW-Versicherung"},"content":{"rendered":"<div data-elementor-type=\"wp-page\" data-elementor-id=\"1145\" class=\"elementor elementor-1145\" data-elementor-post-type=\"page\">\n\t\t\t\t\t\t<section class=\"elementor-section elementor-top-section elementor-element elementor-element-376b01d elementor-section-full_width elementor-section-stretched elementor-section-height-default elementor-section-height-default\" data-id=\"376b01d\" data-element_type=\"section\" data-e-type=\"section\" data-settings=\"{&quot;stretch_section&quot;:&quot;section-stretched&quot;,&quot;background_background&quot;:&quot;classic&quot;}\">\n\t\t\t\t\t\t<div class=\"elementor-container elementor-column-gap-default\">\n\t\t\t\t\t<div class=\"elementor-column elementor-col-100 elementor-top-column elementor-element elementor-element-4858ae3\" data-id=\"4858ae3\" data-element_type=\"column\" data-e-type=\"column\">\n\t\t\t<div class=\"elementor-widget-wrap elementor-element-populated\">\n\t\t\t\t\t\t<div class=\"elementor-element elementor-element-719365a elementor-widget elementor-widget-heading\" data-id=\"719365a\" data-element_type=\"widget\" data-e-type=\"widget\" data-widget_type=\"heading.default\">\n\t\t\t\t<div class=\"elementor-widget-container\">\n\t\t\t\t\t<h1 class=\"elementor-heading-title elementor-size-default\">Compara\u021bi acum \u0219i \ng\u0103si\u021bi cea mai ieftin\u0103 asigurare pentru camioane:<\/h1>\t\t\t\t<\/div>\n\t\t\t\t<\/div>\n\t\t\t\t<section class=\"elementor-section elementor-inner-section elementor-element elementor-element-0acf0b0 elementor-section-boxed elementor-section-height-default elementor-section-height-default\" data-id=\"0acf0b0\" data-element_type=\"section\" data-e-type=\"section\">\n\t\t\t\t\t\t<div class=\"elementor-container elementor-column-gap-default\">\n\t\t\t\t\t<div class=\"elementor-column elementor-col-100 elementor-inner-column elementor-element elementor-element-2481b87\" data-id=\"2481b87\" data-element_type=\"column\" data-e-type=\"column\">\n\t\t\t<div class=\"elementor-widget-wrap elementor-element-populated\">\n\t\t\t\t\t\t<div class=\"elementor-element elementor-element-e28e6d9 elementor-widget elementor-widget-html\" data-id=\"e28e6d9\" data-element_type=\"widget\" data-e-type=\"widget\" data-widget_type=\"html.default\">\n\t\t\t\t<div class=\"elementor-widget-container\">\n\t\t\t\t\t<script src=\"https:\/\/www.maklerinfo.biz\/js\/api-1.1.js#007109\/create\/rechner\/lkw\" type=\"text\/javascript\">\r\n<\/script>\t\t\t\t<\/div>\n\t\t\t\t<\/div>\n\t\t\t\t\t<\/div>\n\t\t<\/div>\n\t\t\t\t\t<\/div>\n\t\t<\/section>\n\t\t\t\t<div class=\"elementor-element elementor-element-0895179 elementor-align-center elementor-mobile-align-justify elementor-widget elementor-widget-button\" data-id=\"0895179\" data-element_type=\"widget\" data-e-type=\"widget\" data-widget_type=\"button.default\">\n\t\t\t\t<div class=\"elementor-widget-container\">\n\t\t\t\t\t\t\t\t\t<div class=\"elementor-button-wrapper\">\n\t\t\t\t\t<a class=\"elementor-button elementor-button-link elementor-size-sm elementor-animation-grow\" href=\"#elementor-action%3Aaction%3Dpopup%3Aopen%26settings%3DeyJpZCI6IjE0NTUiLCJ0b2dnbGUiOmZhbHNlfQ%3D%3D\">\n\t\t\t\t\t\t<span class=\"elementor-button-content-wrapper\">\n\t\t\t\t\t\t\t\t\t<span class=\"elementor-button-text\">Solicita\u021bi consiliere<\/span>\n\t\t\t\t\t<\/span>\n\t\t\t\t\t<\/a>\n\t\t\t\t<\/div>\n\t\t\t\t\t\t\t\t<\/div>\n\t\t\t\t<\/div>\n\t\t\t\t\t<\/div>\n\t\t<\/div>\n\t\t\t\t\t<\/div>\n\t\t<\/section>\n\t\t\t\t<section class=\"elementor-section elementor-top-section elementor-element elementor-element-3e48b45 elementor-section-full_width elementor-section-height-default elementor-section-height-default\" data-id=\"3e48b45\" data-element_type=\"section\" data-e-type=\"section\">\n\t\t\t\t\t\t<div class=\"elementor-container elementor-column-gap-default\">\n\t\t\t\t\t<div class=\"elementor-column elementor-col-100 elementor-top-column elementor-element elementor-element-25c5c77\" data-id=\"25c5c77\" data-element_type=\"column\" data-e-type=\"column\">\n\t\t\t<div class=\"elementor-widget-wrap elementor-element-populated\">\n\t\t\t\t\t\t<section class=\"elementor-section elementor-inner-section elementor-element elementor-element-cadff7a elementor-section-full_width elementor-section-height-default elementor-section-height-default\" data-id=\"cadff7a\" data-element_type=\"section\" data-e-type=\"section\">\n\t\t\t\t\t\t<div class=\"elementor-container elementor-column-gap-default\">\n\t\t\t\t\t<div class=\"elementor-column elementor-col-50 elementor-inner-column elementor-element elementor-element-d71ac27\" data-id=\"d71ac27\" data-element_type=\"column\" data-e-type=\"column\">\n\t\t\t<div class=\"elementor-widget-wrap elementor-element-populated\">\n\t\t\t\t\t\t<div class=\"elementor-element elementor-element-2db1ee6 elementor-widget elementor-widget-heading\" data-id=\"2db1ee6\" data-element_type=\"widget\" data-e-type=\"widget\" data-widget_type=\"heading.default\">\n\t\t\t\t<div class=\"elementor-widget-container\">\n\t\t\t\t\t<h2 class=\"elementor-heading-title elementor-size-default\">Suplimentar<\/h2>\t\t\t\t<\/div>\n\t\t\t\t<\/div>\n\t\t\t\t<div class=\"elementor-element elementor-element-41172f7 elementor-widget elementor-widget-heading\" data-id=\"41172f7\" data-element_type=\"widget\" data-e-type=\"widget\" data-widget_type=\"heading.default\">\n\t\t\t\t<div class=\"elementor-widget-container\">\n\t\t\t\t\t<h2 class=\"elementor-heading-title elementor-size-default\">Informa\u021bii <br> \u0219i indicii<\/h2>\t\t\t\t<\/div>\n\t\t\t\t<\/div>\n\t\t\t\t\t<\/div>\n\t\t<\/div>\n\t\t\t\t<div class=\"elementor-column elementor-col-50 elementor-inner-column elementor-element elementor-element-0a412cc\" data-id=\"0a412cc\" data-element_type=\"column\" data-e-type=\"column\" data-settings=\"{&quot;background_background&quot;:&quot;classic&quot;}\">\n\t\t\t<div class=\"elementor-widget-wrap elementor-element-populated\">\n\t\t\t\t\t\t<div class=\"elementor-element elementor-element-388be2e elementor-widget elementor-widget-heading\" data-id=\"388be2e\" data-element_type=\"widget\" data-e-type=\"widget\" data-widget_type=\"heading.default\">\n\t\t\t\t<div class=\"elementor-widget-container\">\n\t\t\t\t\t<h2 class=\"elementor-heading-title elementor-size-default\">Asigurare pentru camioane<\/h2>\t\t\t\t<\/div>\n\t\t\t\t<\/div>\n\t\t\t\t<div class=\"elementor-element elementor-element-2d74a43 elementor-widget elementor-widget-text-editor\" data-id=\"2d74a43\" data-element_type=\"widget\" data-e-type=\"widget\" data-widget_type=\"text-editor.default\">\n\t\t\t\t<div class=\"elementor-widget-container\">\n\t\t\t\t\t\t\t\t\t<p>Dac\u0103 sunte\u021bi un antreprenor \u0219i trebuie s\u0103 transporta\u021bi bunuri mari, grele \u0219i\/sau numeroase, este posibil s\u0103 dori\u021bi s\u0103 folosi\u021bi camioane. Cu acestea, pute\u021bi satisface cerin\u021bele logistice \u00een mod ieftin \u0219i flexibil.<\/p><p><strong>Cu toate acestea, av\u00e2nd \u00een vedere c\u0103, \u00een calitate de proprietar al unui autocamion, v\u0103 asuma\u021bi un risc considerabil de daune, este obligatoriu s\u0103 asigura\u021bi vehiculul.<\/strong><\/p>\t\t\t\t\t\t\t\t<\/div>\n\t\t\t\t<\/div>\n\t\t\t\t<div class=\"elementor-element elementor-element-72238f1 elementor-widget elementor-widget-heading\" data-id=\"72238f1\" data-element_type=\"widget\" data-e-type=\"widget\" data-widget_type=\"heading.default\">\n\t\t\t\t<div class=\"elementor-widget-container\">\n\t\t\t\t\t<h2 class=\"elementor-heading-title elementor-size-default\">Asigurarea de r\u0103spundere civil\u0103 \u0219i asigurarea casco \u00een asigurarea camioanelor<\/h2>\t\t\t\t<\/div>\n\t\t\t\t<\/div>\n\t\t\t\t<div class=\"elementor-element elementor-element-d5a42f9 elementor-widget elementor-widget-text-editor\" data-id=\"d5a42f9\" data-element_type=\"widget\" data-e-type=\"widget\" data-widget_type=\"text-editor.default\">\n\t\t\t\t<div class=\"elementor-widget-container\">\n\t\t\t\t\t\t\t\t\t<p>\u00cen primul r\u00e2nd, asigurarea autocamionului dumneavoastr\u0103 acoper\u0103 r\u0103spunderea civil\u0103. Acest lucru \u00eenseamn\u0103 c\u0103 asigurarea acoper\u0103 daunele cauzate de autocamionul dumneavoastr\u0103 altor vehicule\/persoane prin intermediul r\u0103spunderii civile fa\u021b\u0103 de ter\u021bi. Cu toate acestea, asigurarea poate include \u0219i o acoperire complet\u0103. \u00cen acest caz, daunele produse autocamionului dvs. ar fi acoperite integral sau par\u021bial. R\u0103spunderea asigur\u0103rii autocamionului dumneavoastr\u0103 poate fi definit\u0103 \u0219i prin intermediul clasei f\u0103r\u0103 daune:<\/p><p><strong>Prima de r\u0103spundere civil\u0103 este cu at\u00e2t mai mic\u0103 cu c\u00e2t clasa f\u0103r\u0103 daune este mai mare.<\/strong><\/p>\t\t\t\t\t\t\t\t<\/div>\n\t\t\t\t<\/div>\n\t\t\t\t\t<\/div>\n\t\t<\/div>\n\t\t\t\t\t<\/div>\n\t\t<\/section>\n\t\t\t\t\t<\/div>\n\t\t<\/div>\n\t\t\t\t\t<\/div>\n\t\t<\/section>\n\t\t\t\t<\/div>","protected":false},"excerpt":{"rendered":"<p>Jetzt vergleichen und g\u00fcnstigste LKW-Versicherung finden: Beratung anfragen Zus\u00e4tzliche Informationen und Hinweise LKW-Versicherung Wenn du als Unternehmer in der Notwendigkeit stehst, gro\u00dfe, schwere und\/oder zahlreiche G\u00fcter zu bewegen, wirst du m\u00f6glicherweise auf Lastkraftwagen zur\u00fcckgreifen. Mit diesen kannst du preiswert und flexibel logistischen Anforderungen gerecht werden. Da du als Eigent\u00fcmer eines LKWs jedoch ein erhebliches Schadensrisiko [&hellip;]<\/p>\n","protected":false},"author":4,"featured_media":0,"parent":0,"menu_order":0,"comment_status":"closed","ping_status":"closed","template":"","meta":{"footnotes":""},"class_list":["post-1145","page","type-page","status-publish","hentry"],"yoast_head":"<!-- This site is optimized with the Yoast SEO plugin v27.4 - https:\/\/yoast.com\/product\/yoast-seo-wordpress\/ -->\n<title>Vergleichsrechner LKW-Versicherung - G&uuml;nstiger. Besser. FinMark.<\/title>\n<meta name=\"description\" content=\"Entdecke die perfekte LKW-Versicherung mit unserem Vergleichsrechner. Sch\u00fctz&#039; dein Fahrzeug und dein Gesch\u00e4ft. Schnell. Einfach. Verl\u00e4sslich.\" \/>\n<meta name=\"robots\" content=\"index, follow, max-snippet:-1, max-image-preview:large, max-video-preview:-1\" \/>\n<link rel=\"canonical\" href=\"https:\/\/www.finmarkbroker.com\/ro\/vergleichsrechner-lkw-versicherung\/\" \/>\n<meta property=\"og:locale\" content=\"ro_RO\" \/>\n<meta property=\"og:type\" content=\"article\" \/>\n<meta property=\"og:title\" content=\"Vergleichsrechner LKW-Versicherung - G&uuml;nstiger. Besser. FinMark.\" \/>\n<meta property=\"og:description\" content=\"Entdecke die perfekte LKW-Versicherung mit unserem Vergleichsrechner. Sch\u00fctz&#039; dein Fahrzeug und dein Gesch\u00e4ft. Schnell. Einfach. Verl\u00e4sslich.\" \/>\n<meta property=\"og:url\" content=\"https:\/\/www.finmarkbroker.com\/ro\/vergleichsrechner-lkw-versicherung\/\" \/>\n<meta property=\"og:site_name\" content=\"G&uuml;nstiger. Besser. FinMark.\" \/>\n<meta property=\"article:modified_time\" content=\"2023-09-26T07:46:27+00:00\" \/>\n<meta name=\"twitter:card\" content=\"summary_large_image\" \/>\n<meta name=\"twitter:label1\" content=\"Timp estimat pentru citire\" \/>\n\t<meta name=\"twitter:data1\" content=\"1 minut\" \/>\n<script type=\"application\/ld+json\" class=\"yoast-schema-graph\">{\"@context\":\"https:\\\/\\\/schema.org\",\"@graph\":[{\"@type\":\"WebPage\",\"@id\":\"https:\\\/\\\/www.finmarkbroker.com\\\/vergleichsrechner-lkw-versicherung\\\/\",\"url\":\"https:\\\/\\\/www.finmarkbroker.com\\\/vergleichsrechner-lkw-versicherung\\\/\",\"name\":\"Vergleichsrechner LKW-Versicherung - G&uuml;nstiger. Besser. FinMark.\",\"isPartOf\":{\"@id\":\"https:\\\/\\\/www.finmarkbroker.com\\\/#website\"},\"datePublished\":\"2023-06-14T13:55:47+00:00\",\"dateModified\":\"2023-09-26T07:46:27+00:00\",\"description\":\"Entdecke die perfekte LKW-Versicherung mit unserem Vergleichsrechner. Sch\u00fctz' dein Fahrzeug und dein Gesch\u00e4ft. Schnell. Einfach. Verl\u00e4sslich.\",\"breadcrumb\":{\"@id\":\"https:\\\/\\\/www.finmarkbroker.com\\\/vergleichsrechner-lkw-versicherung\\\/#breadcrumb\"},\"inLanguage\":\"ro-RO\",\"potentialAction\":[{\"@type\":\"ReadAction\",\"target\":[\"https:\\\/\\\/www.finmarkbroker.com\\\/vergleichsrechner-lkw-versicherung\\\/\"]}]},{\"@type\":\"BreadcrumbList\",\"@id\":\"https:\\\/\\\/www.finmarkbroker.com\\\/vergleichsrechner-lkw-versicherung\\\/#breadcrumb\",\"itemListElement\":[{\"@type\":\"ListItem\",\"position\":1,\"name\":\"Home\",\"item\":\"https:\\\/\\\/www.finmarkbroker.com\\\/\"},{\"@type\":\"ListItem\",\"position\":2,\"name\":\"Vergleichsrechner LKW-Versicherung\"}]},{\"@type\":\"WebSite\",\"@id\":\"https:\\\/\\\/www.finmarkbroker.com\\\/#website\",\"url\":\"https:\\\/\\\/www.finmarkbroker.com\\\/\",\"name\":\"G&uuml;nstiger. Besser. FinMark.\",\"description\":\"Deine unabh&auml;ngigen Versicherungsmakler\",\"publisher\":{\"@id\":\"https:\\\/\\\/www.finmarkbroker.com\\\/#organization\"},\"potentialAction\":[{\"@type\":\"SearchAction\",\"target\":{\"@type\":\"EntryPoint\",\"urlTemplate\":\"https:\\\/\\\/www.finmarkbroker.com\\\/?s={search_term_string}\"},\"query-input\":{\"@type\":\"PropertyValueSpecification\",\"valueRequired\":true,\"valueName\":\"search_term_string\"}}],\"inLanguage\":\"ro-RO\"},{\"@type\":\"Organization\",\"@id\":\"https:\\\/\\\/www.finmarkbroker.com\\\/#organization\",\"name\":\"G&uuml;nstiger. Besser. FinMark.\",\"url\":\"https:\\\/\\\/www.finmarkbroker.com\\\/\",\"logo\":{\"@type\":\"ImageObject\",\"inLanguage\":\"ro-RO\",\"@id\":\"https:\\\/\\\/www.finmarkbroker.com\\\/#\\\/schema\\\/logo\\\/image\\\/\",\"url\":\"https:\\\/\\\/www.finmarkbroker.com\\\/wp-content\\\/uploads\\\/2023\\\/04\\\/finmark-schriftzug-logo.svg\",\"contentUrl\":\"https:\\\/\\\/www.finmarkbroker.com\\\/wp-content\\\/uploads\\\/2023\\\/04\\\/finmark-schriftzug-logo.svg\",\"width\":558,\"height\":143,\"caption\":\"G&uuml;nstiger. Besser. FinMark.\"},\"image\":{\"@id\":\"https:\\\/\\\/www.finmarkbroker.com\\\/#\\\/schema\\\/logo\\\/image\\\/\"}}]}<\/script>\n<!-- \/ Yoast SEO plugin. -->","yoast_head_json":{"title":"Vergleichsrechner LKW-Versicherung - G&uuml;nstiger. Besser. FinMark.","description":"Entdecke die perfekte LKW-Versicherung mit unserem Vergleichsrechner. Sch\u00fctz' dein Fahrzeug und dein Gesch\u00e4ft. Schnell. Einfach. Verl\u00e4sslich.","robots":{"index":"index","follow":"follow","max-snippet":"max-snippet:-1","max-image-preview":"max-image-preview:large","max-video-preview":"max-video-preview:-1"},"canonical":"https:\/\/www.finmarkbroker.com\/ro\/vergleichsrechner-lkw-versicherung\/","og_locale":"ro_RO","og_type":"article","og_title":"Vergleichsrechner LKW-Versicherung - G&uuml;nstiger. Besser. FinMark.","og_description":"Entdecke die perfekte LKW-Versicherung mit unserem Vergleichsrechner. Sch\u00fctz' dein Fahrzeug und dein Gesch\u00e4ft. Schnell. Einfach. Verl\u00e4sslich.","og_url":"https:\/\/www.finmarkbroker.com\/ro\/vergleichsrechner-lkw-versicherung\/","og_site_name":"G&uuml;nstiger. Besser. FinMark.","article_modified_time":"2023-09-26T07:46:27+00:00","twitter_card":"summary_large_image","twitter_misc":{"Timp estimat pentru citire":"1 minut"},"schema":{"@context":"https:\/\/schema.org","@graph":[{"@type":"WebPage","@id":"https:\/\/www.finmarkbroker.com\/vergleichsrechner-lkw-versicherung\/","url":"https:\/\/www.finmarkbroker.com\/vergleichsrechner-lkw-versicherung\/","name":"Vergleichsrechner LKW-Versicherung - G&uuml;nstiger. Besser. FinMark.","isPartOf":{"@id":"https:\/\/www.finmarkbroker.com\/#website"},"datePublished":"2023-06-14T13:55:47+00:00","dateModified":"2023-09-26T07:46:27+00:00","description":"Entdecke die perfekte LKW-Versicherung mit unserem Vergleichsrechner. Sch\u00fctz' dein Fahrzeug und dein Gesch\u00e4ft. Schnell. Einfach. Verl\u00e4sslich.","breadcrumb":{"@id":"https:\/\/www.finmarkbroker.com\/vergleichsrechner-lkw-versicherung\/#breadcrumb"},"inLanguage":"ro-RO","potentialAction":[{"@type":"ReadAction","target":["https:\/\/www.finmarkbroker.com\/vergleichsrechner-lkw-versicherung\/"]}]},{"@type":"BreadcrumbList","@id":"https:\/\/www.finmarkbroker.com\/vergleichsrechner-lkw-versicherung\/#breadcrumb","itemListElement":[{"@type":"ListItem","position":1,"name":"Home","item":"https:\/\/www.finmarkbroker.com\/"},{"@type":"ListItem","position":2,"name":"Vergleichsrechner LKW-Versicherung"}]},{"@type":"WebSite","@id":"https:\/\/www.finmarkbroker.com\/#website","url":"https:\/\/www.finmarkbroker.com\/","name":"G&uuml;nstiger. Besser. FinMark.","description":"Deine unabh&auml;ngigen Versicherungsmakler","publisher":{"@id":"https:\/\/www.finmarkbroker.com\/#organization"},"potentialAction":[{"@type":"SearchAction","target":{"@type":"EntryPoint","urlTemplate":"https:\/\/www.finmarkbroker.com\/?s={search_term_string}"},"query-input":{"@type":"PropertyValueSpecification","valueRequired":true,"valueName":"search_term_string"}}],"inLanguage":"ro-RO"},{"@type":"Organization","@id":"https:\/\/www.finmarkbroker.com\/#organization","name":"G&uuml;nstiger. Besser. FinMark.","url":"https:\/\/www.finmarkbroker.com\/","logo":{"@type":"ImageObject","inLanguage":"ro-RO","@id":"https:\/\/www.finmarkbroker.com\/#\/schema\/logo\/image\/","url":"https:\/\/www.finmarkbroker.com\/wp-content\/uploads\/2023\/04\/finmark-schriftzug-logo.svg","contentUrl":"https:\/\/www.finmarkbroker.com\/wp-content\/uploads\/2023\/04\/finmark-schriftzug-logo.svg","width":558,"height":143,"caption":"G&uuml;nstiger. Besser. FinMark."},"image":{"@id":"https:\/\/www.finmarkbroker.com\/#\/schema\/logo\/image\/"}}]}},"_links":{"self":[{"href":"https:\/\/www.finmarkbroker.com\/ro\/wp-json\/wp\/v2\/pages\/1145","targetHints":{"allow":["GET"]}}],"collection":[{"href":"https:\/\/www.finmarkbroker.com\/ro\/wp-json\/wp\/v2\/pages"}],"about":[{"href":"https:\/\/www.finmarkbroker.com\/ro\/wp-json\/wp\/v2\/types\/page"}],"author":[{"embeddable":true,"href":"https:\/\/www.finmarkbroker.com\/ro\/wp-json\/wp\/v2\/users\/4"}],"replies":[{"embeddable":true,"href":"https:\/\/www.finmarkbroker.com\/ro\/wp-json\/wp\/v2\/comments?post=1145"}],"version-history":[{"count":91,"href":"https:\/\/www.finmarkbroker.com\/ro\/wp-json\/wp\/v2\/pages\/1145\/revisions"}],"predecessor-version":[{"id":5831,"href":"https:\/\/www.finmarkbroker.com\/ro\/wp-json\/wp\/v2\/pages\/1145\/revisions\/5831"}],"wp:attachment":[{"href":"https:\/\/www.finmarkbroker.com\/ro\/wp-json\/wp\/v2\/media?parent=1145"}],"curies":[{"name":"wp","href":"https:\/\/api.w.org\/{rel}","templated":true}]}}