{"id":1160,"date":"2023-06-14T13:59:01","date_gmt":"2023-06-14T13:59:01","guid":{"rendered":"https:\/\/finmarkbroker.com\/?page_id=1160"},"modified":"2023-09-26T07:44:12","modified_gmt":"2023-09-26T07:44:12","slug":"vergleichsrechner-firmenrechtsschutz","status":"publish","type":"page","link":"https:\/\/www.finmarkbroker.com\/ro\/vergleichsrechner-firmenrechtsschutz\/","title":{"rendered":"Vergleichsrechner Firmenrechtsschutz"},"content":{"rendered":"\t\t<div data-elementor-type=\"wp-page\" data-elementor-id=\"1160\" class=\"elementor elementor-1160\" data-elementor-post-type=\"page\">\n\t\t\t\t\t\t<section class=\"elementor-section elementor-top-section elementor-element elementor-element-84db680 elementor-section-stretched elementor-section-boxed elementor-section-height-default elementor-section-height-default\" data-id=\"84db680\" data-element_type=\"section\" data-e-type=\"section\" data-settings=\"{&quot;stretch_section&quot;:&quot;section-stretched&quot;,&quot;background_background&quot;:&quot;classic&quot;}\">\n\t\t\t\t\t\t<div class=\"elementor-container elementor-column-gap-default\">\n\t\t\t\t\t<div class=\"elementor-column elementor-col-100 elementor-top-column elementor-element elementor-element-e189813\" data-id=\"e189813\" data-element_type=\"column\" data-e-type=\"column\">\n\t\t\t<div class=\"elementor-widget-wrap elementor-element-populated\">\n\t\t\t\t\t\t<div class=\"elementor-element elementor-element-ac3b1b8 elementor-widget elementor-widget-heading\" data-id=\"ac3b1b8\" data-element_type=\"widget\" data-e-type=\"widget\" data-widget_type=\"heading.default\">\n\t\t\t\t<div class=\"elementor-widget-container\">\n\t\t\t\t\t<h1 class=\"elementor-heading-title elementor-size-default\">Jetzt vergleichen und \ng\u00fcnstigste Firmenrechtsschutz Versicherung finden:<\/h1>\t\t\t\t<\/div>\n\t\t\t\t<\/div>\n\t\t\t\t<div class=\"elementor-element elementor-element-5ba4c0d elementor-widget elementor-widget-html\" data-id=\"5ba4c0d\" data-element_type=\"widget\" data-e-type=\"widget\" data-widget_type=\"html.default\">\n\t\t\t\t<div class=\"elementor-widget-container\">\n\t\t\t\t\t  <head> \r\n    <meta charset=\"UTF-8\" \/> \r\n    <meta name=\"viewport\" content=\"width=device-width, initial-scale=1.0\" \/> \r\n    <title>Vergleichsrechner Test<\/title> \r\n    <script type=\"text\/javascript\"> \r\n      function createRechner() { \r\n        dio.api.Api.config.setOptions({ \r\n          global: { \r\n            vermittler: \"007109\", \r\n          }, \r\n          rechner: { \r\n            theme: \"128a\", \r\n          }, \r\n        }); \r\n        new dio.api.Rechner(\"rechtsschutzfirma\").inject(\"calculator-container\"); \r\n      } \r\n      var apiScript = document.createElement(\"script\"); \r\n      if (apiScript.addEventListener) { \r\n        apiScript.addEventListener(\"load\", createRechner, false); \r\n      } else { \r\n        apiScript.onreadystatechange = function () { \r\n          if (this.readyState == \"loaded\" || this.readyState == \"complete\") { \r\n            createRechner(); \r\n          } \r\n        }; \r\n      } \r\n      apiScript.type = \"text\/javascript\"; \r\n      apiScript.src = \"https:\/\/www.maklerinfo.biz\/js\/api-1.1.js\"; \r\n      document.getElementsByTagName(\"head\")[0].appendChild(apiScript); \r\n    <\/script> \r\n  <\/head> \r\n  <body> \r\n    <div id=\"calculator-container\" style=\"margin: 0 auto; width: auto\"><\/div> \r\n  <\/body>\r\n\t\t\t\t<\/div>\n\t\t\t\t<\/div>\n\t\t\t\t<div class=\"elementor-element elementor-element-35b6247 elementor-align-center elementor-mobile-align-justify elementor-widget elementor-widget-button\" data-id=\"35b6247\" data-element_type=\"widget\" data-e-type=\"widget\" data-widget_type=\"button.default\">\n\t\t\t\t<div class=\"elementor-widget-container\">\n\t\t\t\t\t\t\t\t\t<div class=\"elementor-button-wrapper\">\n\t\t\t\t\t<a class=\"elementor-button elementor-button-link elementor-size-sm elementor-animation-grow\" href=\"#elementor-action%3Aaction%3Dpopup%3Aopen%26settings%3DeyJpZCI6IjE0NTUiLCJ0b2dnbGUiOmZhbHNlfQ%3D%3D\">\n\t\t\t\t\t\t<span class=\"elementor-button-content-wrapper\">\n\t\t\t\t\t\t\t\t\t<span class=\"elementor-button-text\">Beratung anfragen<\/span>\n\t\t\t\t\t<\/span>\n\t\t\t\t\t<\/a>\n\t\t\t\t<\/div>\n\t\t\t\t\t\t\t\t<\/div>\n\t\t\t\t<\/div>\n\t\t\t\t\t<\/div>\n\t\t<\/div>\n\t\t\t\t\t<\/div>\n\t\t<\/section>\n\t\t\t\t<section class=\"elementor-section elementor-top-section elementor-element elementor-element-8be36cd elementor-section-full_width elementor-section-height-default elementor-section-height-default\" data-id=\"8be36cd\" data-element_type=\"section\" data-e-type=\"section\">\n\t\t\t\t\t\t<div class=\"elementor-container elementor-column-gap-default\">\n\t\t\t\t\t<div class=\"elementor-column elementor-col-100 elementor-top-column elementor-element elementor-element-b189aa4\" data-id=\"b189aa4\" data-element_type=\"column\" data-e-type=\"column\">\n\t\t\t<div class=\"elementor-widget-wrap elementor-element-populated\">\n\t\t\t\t\t\t<section class=\"elementor-section elementor-inner-section elementor-element elementor-element-19a8284 elementor-section-full_width elementor-section-height-default elementor-section-height-default\" data-id=\"19a8284\" data-element_type=\"section\" data-e-type=\"section\">\n\t\t\t\t\t\t<div class=\"elementor-container elementor-column-gap-default\">\n\t\t\t\t\t<div class=\"elementor-column elementor-col-50 elementor-inner-column elementor-element elementor-element-9099c67\" data-id=\"9099c67\" data-element_type=\"column\" data-e-type=\"column\">\n\t\t\t<div class=\"elementor-widget-wrap elementor-element-populated\">\n\t\t\t\t\t\t<div class=\"elementor-element elementor-element-3a7a936 elementor-widget elementor-widget-heading\" data-id=\"3a7a936\" data-element_type=\"widget\" data-e-type=\"widget\" data-widget_type=\"heading.default\">\n\t\t\t\t<div class=\"elementor-widget-container\">\n\t\t\t\t\t<h2 class=\"elementor-heading-title elementor-size-default\">Zus\u00e4tzliche<\/h2>\t\t\t\t<\/div>\n\t\t\t\t<\/div>\n\t\t\t\t<div class=\"elementor-element elementor-element-760261b elementor-widget elementor-widget-heading\" data-id=\"760261b\" data-element_type=\"widget\" data-e-type=\"widget\" data-widget_type=\"heading.default\">\n\t\t\t\t<div class=\"elementor-widget-container\">\n\t\t\t\t\t<h2 class=\"elementor-heading-title elementor-size-default\">Informationen <BR> und Hinweise<\/h2>\t\t\t\t<\/div>\n\t\t\t\t<\/div>\n\t\t\t\t\t<\/div>\n\t\t<\/div>\n\t\t\t\t<div class=\"elementor-column elementor-col-50 elementor-inner-column elementor-element elementor-element-e1a47f5\" data-id=\"e1a47f5\" data-element_type=\"column\" data-e-type=\"column\" data-settings=\"{&quot;background_background&quot;:&quot;classic&quot;}\">\n\t\t\t<div class=\"elementor-widget-wrap elementor-element-populated\">\n\t\t\t\t\t\t<div class=\"elementor-element elementor-element-fb9e92d elementor-widget elementor-widget-heading\" data-id=\"fb9e92d\" data-element_type=\"widget\" data-e-type=\"widget\" data-widget_type=\"heading.default\">\n\t\t\t\t<div class=\"elementor-widget-container\">\n\t\t\t\t\t<h2 class=\"elementor-heading-title elementor-size-default\">Rechtsschutz f\u00fcr Firmen<\/h2>\t\t\t\t<\/div>\n\t\t\t\t<\/div>\n\t\t\t\t<div class=\"elementor-element elementor-element-5650b69 elementor-widget elementor-widget-text-editor\" data-id=\"5650b69\" data-element_type=\"widget\" data-e-type=\"widget\" data-widget_type=\"text-editor.default\">\n\t\t\t\t<div class=\"elementor-widget-container\">\n\t\t\t\t\t\t\t\t\t<p>Die Rechtsschutzversicherung f\u00fcr Firmen ist eine Weiterf\u00fchrung der Rechtsschutzversicherung f\u00fcr Privatpersonen. Die Leistung wird unver\u00e4ndert \u00fcbernommen, jedoch auf deine Firma ausgedehnt.<\/p><p>Das bedeutet, dass du als Gesch\u00e4ftsf\u00fchrer mit der Familie und der Firma uneingeschr\u00e4nkten Rechtsschutz im Rahmen der versicherten Leistungen genie\u00dfen kannst.<\/p><p><strong>Du, deine Familie und deine Firma haben Zugriff auf kostenfreie Rechtsberatung, finanzielle Unterst\u00fctzung bei der Wahl eines Anwaltes und Entlastung bei allen Arten der Prozessnebenkosten.<\/strong><\/p><p>Zudem erh\u00e4ltst du die M\u00f6glichkeit, \u00fcber die Einschl\u00fcsse der jeweiligen Tarife Sonderbedingungen versichern zu lassen, beispielsweise die Kosten\u00fcbernahme bei Kautionen.<\/p>\t\t\t\t\t\t\t\t<\/div>\n\t\t\t\t<\/div>\n\t\t\t\t<div class=\"elementor-element elementor-element-28acd90 elementor-widget elementor-widget-heading\" data-id=\"28acd90\" data-element_type=\"widget\" data-e-type=\"widget\" data-widget_type=\"heading.default\">\n\t\t\t\t<div class=\"elementor-widget-container\">\n\t\t\t\t\t<h2 class=\"elementor-heading-title elementor-size-default\">Umfassender Rechtsschutz f\u00fcr Unternehmen<\/h2>\t\t\t\t<\/div>\n\t\t\t\t<\/div>\n\t\t\t\t<div class=\"elementor-element elementor-element-9f2dcfc elementor-widget elementor-widget-text-editor\" data-id=\"9f2dcfc\" data-element_type=\"widget\" data-e-type=\"widget\" data-widget_type=\"text-editor.default\">\n\t\t\t\t<div class=\"elementor-widget-container\">\n\t\t\t\t\t\t\t\t\t<p>Der Rechtsschutz f\u00fcr Firmen enth\u00e4lt in der Regel eine gro\u00dfe Anzahl verschiedener Einschl\u00fcsse, um dich, den Gesch\u00e4ftsf\u00fchrer, das von dir gef\u00fchrte Unternehmen und deine Familie finanziell optimal auf einen m\u00f6glichen Rechtsstreit vorzubereiten.<\/p><p><strong>Dein Unternehmen kann durch die Auswahl an Einschl\u00fcssen ausw\u00e4hlen, welche juristischen Themengebiete abgedeckt werden sollen und da die Rechtsschutzversicherung f\u00fcr Unternehmen nicht nur die Firma abdeckt, kann auch der Privat-Rechtsschutz enthalten sein.<\/strong><\/p><p>Gesch\u00e4ftsf\u00fchrer von Firmen sollten darauf achten, dass der Rechtsschutz einen hinreichenden finanziellen Geltungsbereich besitzt, und die Rechtsschutzversicherung eine geringe Wartezeit aufweist.<\/p>\t\t\t\t\t\t\t\t<\/div>\n\t\t\t\t<\/div>\n\t\t\t\t\t<\/div>\n\t\t<\/div>\n\t\t\t\t\t<\/div>\n\t\t<\/section>\n\t\t\t\t\t<\/div>\n\t\t<\/div>\n\t\t\t\t\t<\/div>\n\t\t<\/section>\n\t\t\t\t<\/div>\n\t\t","protected":false},"excerpt":{"rendered":"<p>Jetzt vergleichen und g\u00fcnstigste Firmenrechtsschutz Versicherung finden: Vergleichsrechner Test Beratung anfragen Zus\u00e4tzliche Informationen und Hinweise Rechtsschutz f\u00fcr Firmen Die Rechtsschutzversicherung f\u00fcr Firmen ist eine Weiterf\u00fchrung der Rechtsschutzversicherung f\u00fcr Privatpersonen. Die Leistung wird unver\u00e4ndert \u00fcbernommen, jedoch auf deine Firma ausgedehnt. Das bedeutet, dass du als Gesch\u00e4ftsf\u00fchrer mit der Familie und der Firma uneingeschr\u00e4nkten Rechtsschutz im Rahmen [&hellip;]<\/p>\n","protected":false},"author":4,"featured_media":0,"parent":0,"menu_order":0,"comment_status":"closed","ping_status":"closed","template":"","meta":{"footnotes":""},"class_list":["post-1160","page","type-page","status-publish","hentry"],"yoast_head":"<!-- This site is optimized with the Yoast SEO plugin v27.4 - https:\/\/yoast.com\/product\/yoast-seo-wordpress\/ -->\n<title>Vergleichsrechner Firmenrechtsschutz - G&uuml;nstiger. Besser. FinMark.<\/title>\n<meta name=\"description\" content=\"Entdecke den passenden Firmenrechtsschutz mit unserem Vergleichsrechner. Sch\u00fctz dein Unternehmen rechtlich. Schnell. Einfach. Verl\u00e4sslich.\" \/>\n<meta name=\"robots\" content=\"index, follow, max-snippet:-1, max-image-preview:large, max-video-preview:-1\" \/>\n<link rel=\"canonical\" href=\"https:\/\/www.finmarkbroker.com\/ro\/vergleichsrechner-firmenrechtsschutz\/\" \/>\n<meta property=\"og:locale\" content=\"ro_RO\" \/>\n<meta property=\"og:type\" content=\"article\" \/>\n<meta property=\"og:title\" content=\"Vergleichsrechner Firmenrechtsschutz - G&uuml;nstiger. Besser. FinMark.\" \/>\n<meta property=\"og:description\" content=\"Entdecke den passenden Firmenrechtsschutz mit unserem Vergleichsrechner. Sch\u00fctz dein Unternehmen rechtlich. Schnell. Einfach. Verl\u00e4sslich.\" \/>\n<meta property=\"og:url\" content=\"https:\/\/www.finmarkbroker.com\/ro\/vergleichsrechner-firmenrechtsschutz\/\" \/>\n<meta property=\"og:site_name\" content=\"G&uuml;nstiger. Besser. FinMark.\" \/>\n<meta property=\"article:modified_time\" content=\"2023-09-26T07:44:12+00:00\" \/>\n<meta name=\"twitter:card\" content=\"summary_large_image\" \/>\n<meta name=\"twitter:label1\" content=\"Timp estimat pentru citire\" \/>\n\t<meta name=\"twitter:data1\" content=\"2 minute\" \/>\n<script type=\"application\/ld+json\" class=\"yoast-schema-graph\">{\"@context\":\"https:\\\/\\\/schema.org\",\"@graph\":[{\"@type\":\"WebPage\",\"@id\":\"https:\\\/\\\/www.finmarkbroker.com\\\/vergleichsrechner-firmenrechtsschutz\\\/\",\"url\":\"https:\\\/\\\/www.finmarkbroker.com\\\/vergleichsrechner-firmenrechtsschutz\\\/\",\"name\":\"Vergleichsrechner Firmenrechtsschutz - G&uuml;nstiger. Besser. FinMark.\",\"isPartOf\":{\"@id\":\"https:\\\/\\\/www.finmarkbroker.com\\\/#website\"},\"datePublished\":\"2023-06-14T13:59:01+00:00\",\"dateModified\":\"2023-09-26T07:44:12+00:00\",\"description\":\"Entdecke den passenden Firmenrechtsschutz mit unserem Vergleichsrechner. Sch\u00fctz dein Unternehmen rechtlich. Schnell. Einfach. Verl\u00e4sslich.\",\"breadcrumb\":{\"@id\":\"https:\\\/\\\/www.finmarkbroker.com\\\/vergleichsrechner-firmenrechtsschutz\\\/#breadcrumb\"},\"inLanguage\":\"ro-RO\",\"potentialAction\":[{\"@type\":\"ReadAction\",\"target\":[\"https:\\\/\\\/www.finmarkbroker.com\\\/vergleichsrechner-firmenrechtsschutz\\\/\"]}]},{\"@type\":\"BreadcrumbList\",\"@id\":\"https:\\\/\\\/www.finmarkbroker.com\\\/vergleichsrechner-firmenrechtsschutz\\\/#breadcrumb\",\"itemListElement\":[{\"@type\":\"ListItem\",\"position\":1,\"name\":\"Home\",\"item\":\"https:\\\/\\\/www.finmarkbroker.com\\\/\"},{\"@type\":\"ListItem\",\"position\":2,\"name\":\"Vergleichsrechner Firmenrechtsschutz\"}]},{\"@type\":\"WebSite\",\"@id\":\"https:\\\/\\\/www.finmarkbroker.com\\\/#website\",\"url\":\"https:\\\/\\\/www.finmarkbroker.com\\\/\",\"name\":\"G&uuml;nstiger. Besser. FinMark.\",\"description\":\"Deine unabh&auml;ngigen Versicherungsmakler\",\"publisher\":{\"@id\":\"https:\\\/\\\/www.finmarkbroker.com\\\/#organization\"},\"potentialAction\":[{\"@type\":\"SearchAction\",\"target\":{\"@type\":\"EntryPoint\",\"urlTemplate\":\"https:\\\/\\\/www.finmarkbroker.com\\\/?s={search_term_string}\"},\"query-input\":{\"@type\":\"PropertyValueSpecification\",\"valueRequired\":true,\"valueName\":\"search_term_string\"}}],\"inLanguage\":\"ro-RO\"},{\"@type\":\"Organization\",\"@id\":\"https:\\\/\\\/www.finmarkbroker.com\\\/#organization\",\"name\":\"G&uuml;nstiger. Besser. FinMark.\",\"url\":\"https:\\\/\\\/www.finmarkbroker.com\\\/\",\"logo\":{\"@type\":\"ImageObject\",\"inLanguage\":\"ro-RO\",\"@id\":\"https:\\\/\\\/www.finmarkbroker.com\\\/#\\\/schema\\\/logo\\\/image\\\/\",\"url\":\"https:\\\/\\\/www.finmarkbroker.com\\\/wp-content\\\/uploads\\\/2023\\\/04\\\/finmark-schriftzug-logo.svg\",\"contentUrl\":\"https:\\\/\\\/www.finmarkbroker.com\\\/wp-content\\\/uploads\\\/2023\\\/04\\\/finmark-schriftzug-logo.svg\",\"width\":558,\"height\":143,\"caption\":\"G&uuml;nstiger. Besser. FinMark.\"},\"image\":{\"@id\":\"https:\\\/\\\/www.finmarkbroker.com\\\/#\\\/schema\\\/logo\\\/image\\\/\"}}]}<\/script>\n<!-- \/ Yoast SEO plugin. -->","yoast_head_json":{"title":"Vergleichsrechner Firmenrechtsschutz - G&uuml;nstiger. Besser. FinMark.","description":"Entdecke den passenden Firmenrechtsschutz mit unserem Vergleichsrechner. Sch\u00fctz dein Unternehmen rechtlich. Schnell. Einfach. Verl\u00e4sslich.","robots":{"index":"index","follow":"follow","max-snippet":"max-snippet:-1","max-image-preview":"max-image-preview:large","max-video-preview":"max-video-preview:-1"},"canonical":"https:\/\/www.finmarkbroker.com\/ro\/vergleichsrechner-firmenrechtsschutz\/","og_locale":"ro_RO","og_type":"article","og_title":"Vergleichsrechner Firmenrechtsschutz - G&uuml;nstiger. Besser. FinMark.","og_description":"Entdecke den passenden Firmenrechtsschutz mit unserem Vergleichsrechner. Sch\u00fctz dein Unternehmen rechtlich. Schnell. Einfach. Verl\u00e4sslich.","og_url":"https:\/\/www.finmarkbroker.com\/ro\/vergleichsrechner-firmenrechtsschutz\/","og_site_name":"G&uuml;nstiger. Besser. FinMark.","article_modified_time":"2023-09-26T07:44:12+00:00","twitter_card":"summary_large_image","twitter_misc":{"Timp estimat pentru citire":"2 minute"},"schema":{"@context":"https:\/\/schema.org","@graph":[{"@type":"WebPage","@id":"https:\/\/www.finmarkbroker.com\/vergleichsrechner-firmenrechtsschutz\/","url":"https:\/\/www.finmarkbroker.com\/vergleichsrechner-firmenrechtsschutz\/","name":"Vergleichsrechner Firmenrechtsschutz - G&uuml;nstiger. Besser. FinMark.","isPartOf":{"@id":"https:\/\/www.finmarkbroker.com\/#website"},"datePublished":"2023-06-14T13:59:01+00:00","dateModified":"2023-09-26T07:44:12+00:00","description":"Entdecke den passenden Firmenrechtsschutz mit unserem Vergleichsrechner. Sch\u00fctz dein Unternehmen rechtlich. Schnell. Einfach. Verl\u00e4sslich.","breadcrumb":{"@id":"https:\/\/www.finmarkbroker.com\/vergleichsrechner-firmenrechtsschutz\/#breadcrumb"},"inLanguage":"ro-RO","potentialAction":[{"@type":"ReadAction","target":["https:\/\/www.finmarkbroker.com\/vergleichsrechner-firmenrechtsschutz\/"]}]},{"@type":"BreadcrumbList","@id":"https:\/\/www.finmarkbroker.com\/vergleichsrechner-firmenrechtsschutz\/#breadcrumb","itemListElement":[{"@type":"ListItem","position":1,"name":"Home","item":"https:\/\/www.finmarkbroker.com\/"},{"@type":"ListItem","position":2,"name":"Vergleichsrechner Firmenrechtsschutz"}]},{"@type":"WebSite","@id":"https:\/\/www.finmarkbroker.com\/#website","url":"https:\/\/www.finmarkbroker.com\/","name":"G&uuml;nstiger. Besser. FinMark.","description":"Deine unabh&auml;ngigen Versicherungsmakler","publisher":{"@id":"https:\/\/www.finmarkbroker.com\/#organization"},"potentialAction":[{"@type":"SearchAction","target":{"@type":"EntryPoint","urlTemplate":"https:\/\/www.finmarkbroker.com\/?s={search_term_string}"},"query-input":{"@type":"PropertyValueSpecification","valueRequired":true,"valueName":"search_term_string"}}],"inLanguage":"ro-RO"},{"@type":"Organization","@id":"https:\/\/www.finmarkbroker.com\/#organization","name":"G&uuml;nstiger. Besser. FinMark.","url":"https:\/\/www.finmarkbroker.com\/","logo":{"@type":"ImageObject","inLanguage":"ro-RO","@id":"https:\/\/www.finmarkbroker.com\/#\/schema\/logo\/image\/","url":"https:\/\/www.finmarkbroker.com\/wp-content\/uploads\/2023\/04\/finmark-schriftzug-logo.svg","contentUrl":"https:\/\/www.finmarkbroker.com\/wp-content\/uploads\/2023\/04\/finmark-schriftzug-logo.svg","width":558,"height":143,"caption":"G&uuml;nstiger. Besser. FinMark."},"image":{"@id":"https:\/\/www.finmarkbroker.com\/#\/schema\/logo\/image\/"}}]}},"_links":{"self":[{"href":"https:\/\/www.finmarkbroker.com\/ro\/wp-json\/wp\/v2\/pages\/1160","targetHints":{"allow":["GET"]}}],"collection":[{"href":"https:\/\/www.finmarkbroker.com\/ro\/wp-json\/wp\/v2\/pages"}],"about":[{"href":"https:\/\/www.finmarkbroker.com\/ro\/wp-json\/wp\/v2\/types\/page"}],"author":[{"embeddable":true,"href":"https:\/\/www.finmarkbroker.com\/ro\/wp-json\/wp\/v2\/users\/4"}],"replies":[{"embeddable":true,"href":"https:\/\/www.finmarkbroker.com\/ro\/wp-json\/wp\/v2\/comments?post=1160"}],"version-history":[{"count":66,"href":"https:\/\/www.finmarkbroker.com\/ro\/wp-json\/wp\/v2\/pages\/1160\/revisions"}],"predecessor-version":[{"id":5819,"href":"https:\/\/www.finmarkbroker.com\/ro\/wp-json\/wp\/v2\/pages\/1160\/revisions\/5819"}],"wp:attachment":[{"href":"https:\/\/www.finmarkbroker.com\/ro\/wp-json\/wp\/v2\/media?parent=1160"}],"curies":[{"name":"wp","href":"https:\/\/api.w.org\/{rel}","templated":true}]}}