{"id":178,"date":"2023-05-02T15:06:33","date_gmt":"2023-05-02T15:06:33","guid":{"rendered":"https:\/\/finmarkbroker.com\/?page_id=178"},"modified":"2023-08-06T17:51:07","modified_gmt":"2023-08-06T17:51:07","slug":"ueber-uns","status":"publish","type":"page","link":"https:\/\/www.finmarkbroker.com\/ro\/ueber-uns\/","title":{"rendered":"Despre noi"},"content":{"rendered":"<div data-elementor-type=\"wp-page\" data-elementor-id=\"178\" class=\"elementor elementor-178\" data-elementor-post-type=\"page\">\n\t\t\t\t\t\t<section class=\"elementor-section elementor-top-section elementor-element elementor-element-7ff40a4 elementor-section-boxed elementor-section-height-default elementor-section-height-default\" data-id=\"7ff40a4\" data-element_type=\"section\" data-e-type=\"section\">\n\t\t\t\t\t\t<div class=\"elementor-container elementor-column-gap-default\">\n\t\t\t\t\t<div class=\"elementor-column elementor-col-100 elementor-top-column elementor-element elementor-element-b510369\" data-id=\"b510369\" data-element_type=\"column\" data-e-type=\"column\">\n\t\t\t<div class=\"elementor-widget-wrap elementor-element-populated\">\n\t\t\t\t\t\t<section class=\"elementor-section elementor-inner-section elementor-element elementor-element-51cf996 elementor-section-full_width elementor-section-height-default elementor-section-height-default\" data-id=\"51cf996\" data-element_type=\"section\" data-e-type=\"section\">\n\t\t\t\t\t\t<div class=\"elementor-container elementor-column-gap-default\">\n\t\t\t\t\t<div class=\"elementor-column elementor-col-50 elementor-inner-column elementor-element elementor-element-5082fe7\" data-id=\"5082fe7\" data-element_type=\"column\" data-e-type=\"column\">\n\t\t\t<div class=\"elementor-widget-wrap elementor-element-populated\">\n\t\t\t\t\t\t<div class=\"elementor-element elementor-element-e0a96f6 elementor-widget elementor-widget-heading\" data-id=\"e0a96f6\" data-element_type=\"widget\" data-e-type=\"widget\" data-widget_type=\"heading.default\">\n\t\t\t\t<div class=\"elementor-widget-container\">\n\t\t\t\t\t<h2 class=\"elementor-heading-title elementor-size-default\">DESPRE<\/h2>\t\t\t\t<\/div>\n\t\t\t\t<\/div>\n\t\t\t\t<div class=\"elementor-element elementor-element-1928e26 elementor-widget elementor-widget-heading\" data-id=\"1928e26\" data-element_type=\"widget\" data-e-type=\"widget\" data-widget_type=\"heading.default\">\n\t\t\t\t<div class=\"elementor-widget-container\">\n\t\t\t\t\t<h2 class=\"elementor-heading-title elementor-size-default\">NOI<\/h2>\t\t\t\t<\/div>\n\t\t\t\t<\/div>\n\t\t\t\t\t<\/div>\n\t\t<\/div>\n\t\t\t\t<div class=\"elementor-column elementor-col-50 elementor-inner-column elementor-element elementor-element-aefc7a9\" data-id=\"aefc7a9\" data-element_type=\"column\" data-e-type=\"column\" data-settings=\"{&quot;background_background&quot;:&quot;classic&quot;}\">\n\t\t\t<div class=\"elementor-widget-wrap elementor-element-populated\">\n\t\t\t\t\t\t<div class=\"elementor-element elementor-element-f9a594d elementor-widget elementor-widget-heading\" data-id=\"f9a594d\" data-element_type=\"widget\" data-e-type=\"widget\" data-widget_type=\"heading.default\">\n\t\t\t\t<div class=\"elementor-widget-container\">\n\t\t\t\t\t<h1 class=\"elementor-heading-title elementor-size-default\">Brokerul dumneavoastr\u0103 de asigurare de \u00eencredere <\/h1>\t\t\t\t<\/div>\n\t\t\t\t<\/div>\n\t\t\t\t<div class=\"elementor-element elementor-element-79d8fb2 elementor-widget elementor-widget-text-editor\" data-id=\"79d8fb2\" data-element_type=\"widget\" data-e-type=\"widget\" data-widget_type=\"text-editor.default\">\n\t\t\t\t<div class=\"elementor-widget-container\">\n\t\t\t\t\t\t\t\t\t<p>Suntem o companie renumit\u0103 \u00een industria asigur\u0103rilor \u0219i avem o lung\u0103 istorie de succes. \u00cen calitate de brokeri de asigur\u0103ri cu experien\u021b\u0103, ne-am construit o reputa\u021bie de prim\u0103 clas\u0103 \u0219i ne-am extins \u00een mod constant baza de clien\u021bi. Obiectivul nostru principal este s\u0103 v\u0103 oferim o consiliere cuprinz\u0103toare, adaptat\u0103 cu precizie la nevoile dumneavoastr\u0103 individuale.<\/p><p>Am evoluat continuu pentru a r\u0103spunde nevoii tot mai mari de consiliere de calitate. \u00cen acest fel, deservim o clientel\u0103 divers\u0103 din sectorul privat \u0219i comercial \u0219i ne asigur\u0103m c\u0103 aceastia sunt protejati \u00een cel mai bun mod posibil \u00eempotriva riscurilor cotidiene.  \u00cen calitate de client, dumneavoastr\u0103 sunte\u021bi \u00een centrul a tot ceea ce facem.<\/p><p>De asemenea, ne ocup\u0103m de dumneavoastr\u0103 \u00een mod rapid \u0219i fiabil \u00een cazul unei cereri de desp\u0103gubire \u0219i v\u0103 sprijinim \u00een solu\u021bionarea cu succes a acesteia. V\u0103 pute\u021bi baza pe deplin pe maniera noastr\u0103 de \u00eencredere \u0219i pe sfaturile noastre profesionale.<\/p><p>Valorile rela\u021biilor cu clien\u021bii \u0219i calitatea consultan\u021bei reprezint\u0103 \u00een continuare piatra de temelie a succesului nostru \u0219i garanteaz\u0103 c\u0103 primi\u021bi consultan\u021ba personalizat\u0103 de care ave\u021bi nevoie. Nu ezita\u021bi s\u0103 ne contacta\u021bi \u0219i s\u0103 beneficia\u021bi de serviciile noastre excelente. V\u0103 st\u0103m \u00eentotdeauna la dispozi\u021bie cu angajamentul \u0219i expertiza noastr\u0103.<\/p>\t\t\t\t\t\t\t\t<\/div>\n\t\t\t\t<\/div>\n\t\t\t\t<div class=\"elementor-element elementor-element-b83d989 elementor-align-left elementor-mobile-align-justify elementor-widget elementor-widget-button\" data-id=\"b83d989\" data-element_type=\"widget\" data-e-type=\"widget\" data-widget_type=\"button.default\">\n\t\t\t\t<div class=\"elementor-widget-container\">\n\t\t\t\t\t\t\t\t\t<div class=\"elementor-button-wrapper\">\n\t\t\t\t\t<a class=\"elementor-button elementor-button-link elementor-size-sm elementor-animation-grow\" href=\"https:\/\/finmarkbroker.com\/de\/landingpage-kontakt\/\">\n\t\t\t\t\t\t<span class=\"elementor-button-content-wrapper\">\n\t\t\t\t\t\t\t\t\t<span class=\"elementor-button-text\">Solicita\u021bi consiliere<\/span>\n\t\t\t\t\t<\/span>\n\t\t\t\t\t<\/a>\n\t\t\t\t<\/div>\n\t\t\t\t\t\t\t\t<\/div>\n\t\t\t\t<\/div>\n\t\t\t\t\t<\/div>\n\t\t<\/div>\n\t\t\t\t\t<\/div>\n\t\t<\/section>\n\t\t\t\t\t<\/div>\n\t\t<\/div>\n\t\t\t\t\t<\/div>\n\t\t<\/section>\n\t\t\t\t<section class=\"elementor-section elementor-inner-section elementor-element elementor-element-f67efaf elementor-reverse-mobile elementor-section-full_width elementor-section-height-default elementor-section-height-default\" data-id=\"f67efaf\" data-element_type=\"section\" data-e-type=\"section\">\n\t\t\t\t\t\t<div class=\"elementor-container elementor-column-gap-default\">\n\t\t\t\t\t<div class=\"elementor-column elementor-col-50 elementor-inner-column elementor-element elementor-element-fd3c180\" data-id=\"fd3c180\" data-element_type=\"column\" data-e-type=\"column\" data-settings=\"{&quot;background_background&quot;:&quot;classic&quot;}\">\n\t\t\t<div class=\"elementor-widget-wrap elementor-element-populated\">\n\t\t\t\t\t\t<div class=\"elementor-element elementor-element-6ae4452 elementor-widget elementor-widget-heading\" data-id=\"6ae4452\" data-element_type=\"widget\" data-e-type=\"widget\" data-widget_type=\"heading.default\">\n\t\t\t\t<div class=\"elementor-widget-container\">\n\t\t\t\t\t<h2 class=\"elementor-heading-title elementor-size-default\">Florentina Zibileanu-K\u00f6rnig<\/h2>\t\t\t\t<\/div>\n\t\t\t\t<\/div>\n\t\t\t\t<div class=\"elementor-element elementor-element-b0fb324 elementor-widget elementor-widget-text-editor\" data-id=\"b0fb324\" data-element_type=\"widget\" data-e-type=\"widget\" data-widget_type=\"text-editor.default\">\n\t\t\t\t<div class=\"elementor-widget-container\">\n\t\t\t\t\t\t\t\t\t<p>Face\u021bi cuno\u0219tin\u021b\u0103 cu mine, Florentina Zibileanu-K\u00f6rnig, ca brokerul dumneavoastr\u0103 de asigur\u0103ri cu r\u0103d\u0103cini rom\u00e2ne\u0219ti.<\/p><p>Cu o experien\u021b\u0103 profesional\u0103 de peste 20 de ani, m\u0103 ocup de clien\u021bii no\u0219tri cu mult\u0103 dedicare \u0219i competen\u021b\u0103. \u00cen ultimii ani, m-am preg\u0103tit intensiv \u00een domeniul asigur\u0103rilor private pentru a fi mereu la curent cu nout\u0103\u021bile. Pentru mine este important s\u0103 g\u0103sesc solu\u021bii personalizate care s\u0103 r\u0103spund\u0103 nevoilor dumneavoastr\u0103 individuale. V\u0103 pute\u021bi baza pe expertiza \u0219i angajamentul meu pentru a v\u0103 asigura securitatea financiar\u0103.<\/p><p><strong>A\u0219a c\u0103 nu ezita\u021bi s\u0103 m\u0103 contacta\u021bi, cu pl\u0103cere \u0219i direct pe WhatsApp \u00een german\u0103 sau rom\u00e2n\u0103. <\/strong><\/p><p>V\u0103 stau la dispozi\u021bie.<\/p>\t\t\t\t\t\t\t\t<\/div>\n\t\t\t\t<\/div>\n\t\t\t\t\t<\/div>\n\t\t<\/div>\n\t\t\t\t<div class=\"elementor-column elementor-col-50 elementor-inner-column elementor-element elementor-element-ffd61f6\" data-id=\"ffd61f6\" data-element_type=\"column\" data-e-type=\"column\">\n\t\t\t<div class=\"elementor-widget-wrap elementor-element-populated\">\n\t\t\t\t\t\t<div class=\"elementor-element elementor-element-05a4e01 elementor-widget elementor-widget-image\" data-id=\"05a4e01\" data-element_type=\"widget\" data-e-type=\"widget\" data-widget_type=\"image.default\">\n\t\t\t\t<div class=\"elementor-widget-container\">\n\t\t\t\t\t\t\t\t\t\t\t\t\t\t\t<img fetchpriority=\"high\" decoding=\"async\" width=\"500\" height=\"703\" src=\"https:\/\/www.finmarkbroker.com\/wp-content\/uploads\/2023\/08\/person-florentina-koernig.png\" class=\"attachment-large size-large wp-image-4284\" alt=\"person-florentina-koernig\" srcset=\"https:\/\/www.finmarkbroker.com\/wp-content\/uploads\/2023\/08\/person-florentina-koernig.png 500w, https:\/\/www.finmarkbroker.com\/wp-content\/uploads\/2023\/08\/person-florentina-koernig-213x300.png 213w, https:\/\/www.finmarkbroker.com\/wp-content\/uploads\/2023\/08\/person-florentina-koernig-9x12.png 9w\" sizes=\"(max-width: 500px) 100vw, 500px\" \/>\t\t\t\t\t\t\t\t\t\t\t\t\t\t\t<\/div>\n\t\t\t\t<\/div>\n\t\t\t\t\t<\/div>\n\t\t<\/div>\n\t\t\t\t\t<\/div>\n\t\t<\/section>\n\t\t\t\t<section class=\"elementor-section elementor-inner-section elementor-element elementor-element-4e7371c0 elementor-section-full_width elementor-section-height-default elementor-section-height-default\" data-id=\"4e7371c0\" data-element_type=\"section\" data-e-type=\"section\">\n\t\t\t\t\t\t<div class=\"elementor-container elementor-column-gap-default\">\n\t\t\t\t\t<div class=\"elementor-column elementor-col-50 elementor-inner-column elementor-element elementor-element-6a0e6d8b\" data-id=\"6a0e6d8b\" data-element_type=\"column\" data-e-type=\"column\">\n\t\t\t<div class=\"elementor-widget-wrap elementor-element-populated\">\n\t\t\t\t\t\t<div class=\"elementor-element elementor-element-172ff0b elementor-widget elementor-widget-image\" data-id=\"172ff0b\" data-element_type=\"widget\" data-e-type=\"widget\" data-widget_type=\"image.default\">\n\t\t\t\t<div class=\"elementor-widget-container\">\n\t\t\t\t\t\t\t\t\t\t\t\t\t\t\t<img decoding=\"async\" width=\"500\" height=\"564\" src=\"https:\/\/www.finmarkbroker.com\/wp-content\/uploads\/2023\/08\/person-armin-koernig.png\" class=\"attachment-full size-full wp-image-4280\" alt=\"person-armin-koernig\" srcset=\"https:\/\/www.finmarkbroker.com\/wp-content\/uploads\/2023\/08\/person-armin-koernig.png 500w, https:\/\/www.finmarkbroker.com\/wp-content\/uploads\/2023\/08\/person-armin-koernig-266x300.png 266w, https:\/\/www.finmarkbroker.com\/wp-content\/uploads\/2023\/08\/person-armin-koernig-11x12.png 11w\" sizes=\"(max-width: 500px) 100vw, 500px\" \/>\t\t\t\t\t\t\t\t\t\t\t\t\t\t\t<\/div>\n\t\t\t\t<\/div>\n\t\t\t\t\t<\/div>\n\t\t<\/div>\n\t\t\t\t<div class=\"elementor-column elementor-col-50 elementor-inner-column elementor-element elementor-element-229a0a53\" data-id=\"229a0a53\" data-element_type=\"column\" data-e-type=\"column\" data-settings=\"{&quot;background_background&quot;:&quot;classic&quot;}\">\n\t\t\t<div class=\"elementor-widget-wrap elementor-element-populated\">\n\t\t\t\t\t\t<div class=\"elementor-element elementor-element-270b3bd9 elementor-widget elementor-widget-heading\" data-id=\"270b3bd9\" data-element_type=\"widget\" data-e-type=\"widget\" data-widget_type=\"heading.default\">\n\t\t\t\t<div class=\"elementor-widget-container\">\n\t\t\t\t\t<h2 class=\"elementor-heading-title elementor-size-default\">Armin K\u00f6rnig<\/h2>\t\t\t\t<\/div>\n\t\t\t\t<\/div>\n\t\t\t\t<div class=\"elementor-element elementor-element-594aca63 elementor-widget elementor-widget-text-editor\" data-id=\"594aca63\" data-element_type=\"widget\" data-e-type=\"widget\" data-widget_type=\"text-editor.default\">\n\t\t\t\t<div class=\"elementor-widget-container\">\n\t\t\t\t\t\t\t\t\t<p>Face\u021bi cuno\u0219tin\u021b\u0103 cu mine, Armin K\u00f6rnig, brokerul dumneavoastr\u0103 de asigur\u0103ri de \u00eencredere.<\/p><p>Cu o experien\u021b\u0103 de 40 de ani \u00een domeniu, sunt aici pentru a v\u0103 ajuta s\u0103 g\u0103si\u021bi cea mai bun\u0103 ofert\u0103 care s\u0103 v\u0103 ofere o valoare real\u0103. Sunt specializat \u00een domeniul asigur\u0103rilor comerciale. Expertiza \u0219i pasiunea mea const\u0103 \u00een g\u0103sirea unor solu\u021bii personalizate care s\u0103 r\u0103spund\u0103 nevoilor \u0219i cerin\u021belor dumneavoastr\u0103 individuale. Scopul meu final este s\u0103 v\u0103 ajut s\u0103 ob\u021bine\u021bi siguran\u021ba financiar\u0103 pe care o merita\u021bi.<\/p><p><strong>Nu ezita\u021bi s\u0103 m\u0103 contacta\u021bi pentru a v\u0103 spori \u00eencrederea \u00een lumea asigur\u0103rilor.<\/strong><\/p>\t\t\t\t\t\t\t\t<\/div>\n\t\t\t\t<\/div>\n\t\t\t\t\t<\/div>\n\t\t<\/div>\n\t\t\t\t\t<\/div>\n\t\t<\/section>\n\t\t\t\t<\/div>","protected":false},"excerpt":{"rendered":"<p>\u00dcBER UNS Dein zuverl\u00e4ssiger Versicherungsmakler Wir sind ein renommiertes Unternehmen in der Versicherungsbranche und blicken auf eine langj\u00e4hrige Erfolgsgeschichte zur\u00fcck. Als erfahrene Versicherungsmakler haben wir uns einen erstklassigen Ruf erarbeitet und unseren Kundenstamm stetig erweitert. Unser vorrangiges Ziel ist es, dir eine umfassende Beratung zu bieten, die exakt auf deine individuellen Bed\u00fcrfnisse zugeschnitten ist. Wir [&hellip;]<\/p>\n","protected":false},"author":2,"featured_media":0,"parent":0,"menu_order":0,"comment_status":"closed","ping_status":"closed","template":"","meta":{"footnotes":""},"class_list":["post-178","page","type-page","status-publish","hentry"],"yoast_head":"<!-- This site is optimized with the Yoast SEO plugin v27.4 - https:\/\/yoast.com\/product\/yoast-seo-wordpress\/ -->\n<title>\u00dcber uns - G&uuml;nstiger. Besser. FinMark.<\/title>\n<meta name=\"robots\" content=\"index, follow, max-snippet:-1, max-image-preview:large, max-video-preview:-1\" \/>\n<link rel=\"canonical\" href=\"https:\/\/www.finmarkbroker.com\/ro\/ueber-uns\/\" \/>\n<meta property=\"og:locale\" content=\"ro_RO\" \/>\n<meta property=\"og:type\" content=\"article\" \/>\n<meta property=\"og:title\" content=\"\u00dcber uns - G&uuml;nstiger. Besser. FinMark.\" \/>\n<meta property=\"og:description\" content=\"\u00dcBER UNS Dein zuverl\u00e4ssiger Versicherungsmakler Wir sind ein renommiertes Unternehmen in der Versicherungsbranche und blicken auf eine langj\u00e4hrige Erfolgsgeschichte zur\u00fcck. Als erfahrene Versicherungsmakler haben wir uns einen erstklassigen Ruf erarbeitet und unseren Kundenstamm stetig erweitert. Unser vorrangiges Ziel ist es, dir eine umfassende Beratung zu bieten, die exakt auf deine individuellen Bed\u00fcrfnisse zugeschnitten ist. Wir [&hellip;]\" \/>\n<meta property=\"og:url\" content=\"https:\/\/www.finmarkbroker.com\/ro\/ueber-uns\/\" \/>\n<meta property=\"og:site_name\" content=\"G&uuml;nstiger. Besser. FinMark.\" \/>\n<meta property=\"article:modified_time\" content=\"2023-08-06T17:51:07+00:00\" \/>\n<meta property=\"og:image\" content=\"https:\/\/www.finmarkbroker.com\/wp-content\/uploads\/2023\/08\/person-florentina-koernig.png\" \/>\n<meta name=\"twitter:card\" content=\"summary_large_image\" \/>\n<meta name=\"twitter:label1\" content=\"Timp estimat pentru citire\" \/>\n\t<meta name=\"twitter:data1\" content=\"3 minute\" \/>\n<script type=\"application\/ld+json\" class=\"yoast-schema-graph\">{\"@context\":\"https:\\\/\\\/schema.org\",\"@graph\":[{\"@type\":\"WebPage\",\"@id\":\"https:\\\/\\\/www.finmarkbroker.com\\\/ueber-uns\\\/\",\"url\":\"https:\\\/\\\/www.finmarkbroker.com\\\/ueber-uns\\\/\",\"name\":\"\u00dcber uns - G&uuml;nstiger. Besser. FinMark.\",\"isPartOf\":{\"@id\":\"https:\\\/\\\/www.finmarkbroker.com\\\/#website\"},\"primaryImageOfPage\":{\"@id\":\"https:\\\/\\\/www.finmarkbroker.com\\\/ueber-uns\\\/#primaryimage\"},\"image\":{\"@id\":\"https:\\\/\\\/www.finmarkbroker.com\\\/ueber-uns\\\/#primaryimage\"},\"thumbnailUrl\":\"https:\\\/\\\/www.finmarkbroker.com\\\/wp-content\\\/uploads\\\/2023\\\/08\\\/person-florentina-koernig.png\",\"datePublished\":\"2023-05-02T15:06:33+00:00\",\"dateModified\":\"2023-08-06T17:51:07+00:00\",\"breadcrumb\":{\"@id\":\"https:\\\/\\\/www.finmarkbroker.com\\\/ueber-uns\\\/#breadcrumb\"},\"inLanguage\":\"ro-RO\",\"potentialAction\":[{\"@type\":\"ReadAction\",\"target\":[\"https:\\\/\\\/www.finmarkbroker.com\\\/ueber-uns\\\/\"]}]},{\"@type\":\"ImageObject\",\"inLanguage\":\"ro-RO\",\"@id\":\"https:\\\/\\\/www.finmarkbroker.com\\\/ueber-uns\\\/#primaryimage\",\"url\":\"https:\\\/\\\/www.finmarkbroker.com\\\/wp-content\\\/uploads\\\/2023\\\/08\\\/person-florentina-koernig.png\",\"contentUrl\":\"https:\\\/\\\/www.finmarkbroker.com\\\/wp-content\\\/uploads\\\/2023\\\/08\\\/person-florentina-koernig.png\"},{\"@type\":\"BreadcrumbList\",\"@id\":\"https:\\\/\\\/www.finmarkbroker.com\\\/ueber-uns\\\/#breadcrumb\",\"itemListElement\":[{\"@type\":\"ListItem\",\"position\":1,\"name\":\"Home\",\"item\":\"https:\\\/\\\/www.finmarkbroker.com\\\/\"},{\"@type\":\"ListItem\",\"position\":2,\"name\":\"\u00dcber uns\"}]},{\"@type\":\"WebSite\",\"@id\":\"https:\\\/\\\/www.finmarkbroker.com\\\/#website\",\"url\":\"https:\\\/\\\/www.finmarkbroker.com\\\/\",\"name\":\"G&uuml;nstiger. Besser. FinMark.\",\"description\":\"Deine unabh&auml;ngigen Versicherungsmakler\",\"publisher\":{\"@id\":\"https:\\\/\\\/www.finmarkbroker.com\\\/#organization\"},\"potentialAction\":[{\"@type\":\"SearchAction\",\"target\":{\"@type\":\"EntryPoint\",\"urlTemplate\":\"https:\\\/\\\/www.finmarkbroker.com\\\/?s={search_term_string}\"},\"query-input\":{\"@type\":\"PropertyValueSpecification\",\"valueRequired\":true,\"valueName\":\"search_term_string\"}}],\"inLanguage\":\"ro-RO\"},{\"@type\":\"Organization\",\"@id\":\"https:\\\/\\\/www.finmarkbroker.com\\\/#organization\",\"name\":\"G&uuml;nstiger. Besser. FinMark.\",\"url\":\"https:\\\/\\\/www.finmarkbroker.com\\\/\",\"logo\":{\"@type\":\"ImageObject\",\"inLanguage\":\"ro-RO\",\"@id\":\"https:\\\/\\\/www.finmarkbroker.com\\\/#\\\/schema\\\/logo\\\/image\\\/\",\"url\":\"https:\\\/\\\/www.finmarkbroker.com\\\/wp-content\\\/uploads\\\/2023\\\/04\\\/finmark-schriftzug-logo.svg\",\"contentUrl\":\"https:\\\/\\\/www.finmarkbroker.com\\\/wp-content\\\/uploads\\\/2023\\\/04\\\/finmark-schriftzug-logo.svg\",\"width\":558,\"height\":143,\"caption\":\"G&uuml;nstiger. Besser. FinMark.\"},\"image\":{\"@id\":\"https:\\\/\\\/www.finmarkbroker.com\\\/#\\\/schema\\\/logo\\\/image\\\/\"}}]}<\/script>\n<!-- \/ Yoast SEO plugin. -->","yoast_head_json":{"title":"\u00dcber uns - G&uuml;nstiger. Besser. FinMark.","robots":{"index":"index","follow":"follow","max-snippet":"max-snippet:-1","max-image-preview":"max-image-preview:large","max-video-preview":"max-video-preview:-1"},"canonical":"https:\/\/www.finmarkbroker.com\/ro\/ueber-uns\/","og_locale":"ro_RO","og_type":"article","og_title":"\u00dcber uns - G&uuml;nstiger. Besser. FinMark.","og_description":"\u00dcBER UNS Dein zuverl\u00e4ssiger Versicherungsmakler Wir sind ein renommiertes Unternehmen in der Versicherungsbranche und blicken auf eine langj\u00e4hrige Erfolgsgeschichte zur\u00fcck. Als erfahrene Versicherungsmakler haben wir uns einen erstklassigen Ruf erarbeitet und unseren Kundenstamm stetig erweitert. Unser vorrangiges Ziel ist es, dir eine umfassende Beratung zu bieten, die exakt auf deine individuellen Bed\u00fcrfnisse zugeschnitten ist. Wir [&hellip;]","og_url":"https:\/\/www.finmarkbroker.com\/ro\/ueber-uns\/","og_site_name":"G&uuml;nstiger. Besser. FinMark.","article_modified_time":"2023-08-06T17:51:07+00:00","og_image":[{"url":"https:\/\/www.finmarkbroker.com\/wp-content\/uploads\/2023\/08\/person-florentina-koernig.png","type":"","width":"","height":""}],"twitter_card":"summary_large_image","twitter_misc":{"Timp estimat pentru citire":"3 minute"},"schema":{"@context":"https:\/\/schema.org","@graph":[{"@type":"WebPage","@id":"https:\/\/www.finmarkbroker.com\/ueber-uns\/","url":"https:\/\/www.finmarkbroker.com\/ueber-uns\/","name":"\u00dcber uns - G&uuml;nstiger. Besser. FinMark.","isPartOf":{"@id":"https:\/\/www.finmarkbroker.com\/#website"},"primaryImageOfPage":{"@id":"https:\/\/www.finmarkbroker.com\/ueber-uns\/#primaryimage"},"image":{"@id":"https:\/\/www.finmarkbroker.com\/ueber-uns\/#primaryimage"},"thumbnailUrl":"https:\/\/www.finmarkbroker.com\/wp-content\/uploads\/2023\/08\/person-florentina-koernig.png","datePublished":"2023-05-02T15:06:33+00:00","dateModified":"2023-08-06T17:51:07+00:00","breadcrumb":{"@id":"https:\/\/www.finmarkbroker.com\/ueber-uns\/#breadcrumb"},"inLanguage":"ro-RO","potentialAction":[{"@type":"ReadAction","target":["https:\/\/www.finmarkbroker.com\/ueber-uns\/"]}]},{"@type":"ImageObject","inLanguage":"ro-RO","@id":"https:\/\/www.finmarkbroker.com\/ueber-uns\/#primaryimage","url":"https:\/\/www.finmarkbroker.com\/wp-content\/uploads\/2023\/08\/person-florentina-koernig.png","contentUrl":"https:\/\/www.finmarkbroker.com\/wp-content\/uploads\/2023\/08\/person-florentina-koernig.png"},{"@type":"BreadcrumbList","@id":"https:\/\/www.finmarkbroker.com\/ueber-uns\/#breadcrumb","itemListElement":[{"@type":"ListItem","position":1,"name":"Home","item":"https:\/\/www.finmarkbroker.com\/"},{"@type":"ListItem","position":2,"name":"\u00dcber uns"}]},{"@type":"WebSite","@id":"https:\/\/www.finmarkbroker.com\/#website","url":"https:\/\/www.finmarkbroker.com\/","name":"G&uuml;nstiger. Besser. FinMark.","description":"Deine unabh&auml;ngigen Versicherungsmakler","publisher":{"@id":"https:\/\/www.finmarkbroker.com\/#organization"},"potentialAction":[{"@type":"SearchAction","target":{"@type":"EntryPoint","urlTemplate":"https:\/\/www.finmarkbroker.com\/?s={search_term_string}"},"query-input":{"@type":"PropertyValueSpecification","valueRequired":true,"valueName":"search_term_string"}}],"inLanguage":"ro-RO"},{"@type":"Organization","@id":"https:\/\/www.finmarkbroker.com\/#organization","name":"G&uuml;nstiger. Besser. FinMark.","url":"https:\/\/www.finmarkbroker.com\/","logo":{"@type":"ImageObject","inLanguage":"ro-RO","@id":"https:\/\/www.finmarkbroker.com\/#\/schema\/logo\/image\/","url":"https:\/\/www.finmarkbroker.com\/wp-content\/uploads\/2023\/04\/finmark-schriftzug-logo.svg","contentUrl":"https:\/\/www.finmarkbroker.com\/wp-content\/uploads\/2023\/04\/finmark-schriftzug-logo.svg","width":558,"height":143,"caption":"G&uuml;nstiger. Besser. FinMark."},"image":{"@id":"https:\/\/www.finmarkbroker.com\/#\/schema\/logo\/image\/"}}]}},"_links":{"self":[{"href":"https:\/\/www.finmarkbroker.com\/ro\/wp-json\/wp\/v2\/pages\/178","targetHints":{"allow":["GET"]}}],"collection":[{"href":"https:\/\/www.finmarkbroker.com\/ro\/wp-json\/wp\/v2\/pages"}],"about":[{"href":"https:\/\/www.finmarkbroker.com\/ro\/wp-json\/wp\/v2\/types\/page"}],"author":[{"embeddable":true,"href":"https:\/\/www.finmarkbroker.com\/ro\/wp-json\/wp\/v2\/users\/2"}],"replies":[{"embeddable":true,"href":"https:\/\/www.finmarkbroker.com\/ro\/wp-json\/wp\/v2\/comments?post=178"}],"version-history":[{"count":160,"href":"https:\/\/www.finmarkbroker.com\/ro\/wp-json\/wp\/v2\/pages\/178\/revisions"}],"predecessor-version":[{"id":4557,"href":"https:\/\/www.finmarkbroker.com\/ro\/wp-json\/wp\/v2\/pages\/178\/revisions\/4557"}],"wp:attachment":[{"href":"https:\/\/www.finmarkbroker.com\/ro\/wp-json\/wp\/v2\/media?parent=178"}],"curies":[{"name":"wp","href":"https:\/\/api.w.org\/{rel}","templated":true}]}}