{"id":429,"date":"2023-05-02T08:16:53","date_gmt":"2023-05-02T08:16:53","guid":{"rendered":"https:\/\/finmarkbroker.com\/?page_id=429"},"modified":"2023-08-04T07:26:21","modified_gmt":"2023-08-04T07:26:21","slug":"impressum","status":"publish","type":"page","link":"https:\/\/www.finmarkbroker.com\/ro\/impressum\/","title":{"rendered":"Imprimare"},"content":{"rendered":"<div data-elementor-type=\"wp-page\" data-elementor-id=\"429\" class=\"elementor elementor-429\" data-elementor-post-type=\"page\">\n\t\t\t\t\t\t<section class=\"elementor-section elementor-top-section elementor-element elementor-element-6e2be861 elementor-section-boxed elementor-section-height-default elementor-section-height-default\" data-id=\"6e2be861\" data-element_type=\"section\" data-e-type=\"section\">\n\t\t\t\t\t\t<div class=\"elementor-container elementor-column-gap-default\">\n\t\t\t\t\t<div class=\"elementor-column elementor-col-100 elementor-top-column elementor-element elementor-element-326d8407\" data-id=\"326d8407\" data-element_type=\"column\" data-e-type=\"column\">\n\t\t\t<div class=\"elementor-widget-wrap elementor-element-populated\">\n\t\t\t\t\t\t<section class=\"elementor-section elementor-inner-section elementor-element elementor-element-b8e4a46 elementor-section-boxed elementor-section-height-default elementor-section-height-default\" data-id=\"b8e4a46\" data-element_type=\"section\" data-e-type=\"section\">\n\t\t\t\t\t\t<div class=\"elementor-container elementor-column-gap-default\">\n\t\t\t\t\t<div class=\"elementor-column elementor-col-100 elementor-inner-column elementor-element elementor-element-76175f1\" data-id=\"76175f1\" data-element_type=\"column\" data-e-type=\"column\">\n\t\t\t<div class=\"elementor-widget-wrap elementor-element-populated\">\n\t\t\t\t\t\t<div class=\"elementor-element elementor-element-29502c8 elementor-widget elementor-widget-heading\" data-id=\"29502c8\" data-element_type=\"widget\" data-e-type=\"widget\" data-widget_type=\"heading.default\">\n\t\t\t\t<div class=\"elementor-widget-container\">\n\t\t\t\t\t<h2 class=\"elementor-heading-title elementor-size-default\">Imprimare<\/h2>\t\t\t\t<\/div>\n\t\t\t\t<\/div>\n\t\t\t\t\t<\/div>\n\t\t<\/div>\n\t\t\t\t\t<\/div>\n\t\t<\/section>\n\t\t\t\t<div class=\"elementor-element elementor-element-72b08293 elementor-widget elementor-widget-text-editor\" data-id=\"72b08293\" data-element_type=\"widget\" data-e-type=\"widget\" data-widget_type=\"text-editor.default\">\n\t\t\t\t<div class=\"elementor-widget-container\">\n\t\t\t\t\t\t\t\t\t\n<p>F\u00fcr diese Website verantwortlicher Anbieter gem\u00e4\u00df \u00a7 5 TMG sowie Informationspflichten gem\u00e4\u00df \u00a7 15 VersVermV und \u00a7 18 Abs. 2 MStV:<\/p>\n\n\n\n<p><strong>FinMark Versicherungsmakler UG UG (haftungsbeschr\u00e4nkt)<\/strong><br>Ziegelweg 31<br>72514 Inzigkofen<br><br><strong>vertreten durch den \/ die Gesch\u00e4ftsf\u00fchrer \/ Gesch\u00e4ftsf\u00fchrerin:<\/strong>&nbsp;Florentina Zibileanu-K\u00f6rnig<\/p>\n\n\n\n<p><strong>Telefon:<\/strong>\u00a007571 745370<br><strong>Telefax:<\/strong>\u00a007571 745375<br><strong>E-Mail:<\/strong>\u00a0<a href=\"mailto:kontakt@www.finmarkbroker.com\">kontakt@www.finmarkbroker.com<\/a><\/p>\n\n\n\n<p><strong>Registriert beim Amtsgericht in:<\/strong>&nbsp;Ulm<br><strong>Handelsregisternummer:<\/strong>&nbsp;HRB 734152<\/p>\n\n\n\n<p><strong>USt.-ID:<\/strong>&nbsp;DE301820716<\/p>\n\n\n\n<p><strong>Branche \/ T\u00e4tigkeit:&nbsp;<\/strong>Vermittlung von Versicherungen<br><strong>Staat, der die Berufsbezeichnung verliehen hat:<\/strong>&nbsp;Deutschland<br><strong>Inhaltlich Verantwortlicher gem\u00e4\u00df \u00a7 18 Abs. 2 MStV:<\/strong>&nbsp;Florentina Zibileanu-K\u00f6rnig<\/p>\n\n\n\n<hr class=\"wp-block-separator has-alpha-channel-opacity\"\/>\n\n\n\n<p><strong>Beh\u00f6rde f\u00fcr die Erlaubnis nach \u00a7 34d Abs. 1 Z. 2 GewO:<\/strong><br>IHK Bodensee-Oberschwaben<br>Lindenstra\u00dfe 2<br>88250 Weingarten<\/p>\n\n\n\n<hr class=\"wp-block-separator has-alpha-channel-opacity\"\/>\n\n\n\n<p><strong>Beh\u00f6rde f\u00fcr die Aufsicht nach \u00a7 34d Abs. 1 Z. 2 GewO:<\/strong><br>IHK Bodensee-Oberschwaben<br>Lindenstra\u00dfe 2<br>88250 Weingarten<\/p>\n\n\n\n<hr class=\"wp-block-separator has-alpha-channel-opacity\"\/>\n\n\n\n<p><strong>Status:<\/strong><br>Zugelassener Versicherungsmakler mit Erlaubnis nach \u00a7 34d Abs. 1 Z. 2 GewO mit der Registernummer D-ADVP-ECQV3-94<\/p>\n\n\n\n<hr class=\"wp-block-separator has-alpha-channel-opacity\"\/>\n\n\n\n<p><strong>Die Eintragung im Vermittlerregister kann wie folgt \u00fcberpr\u00fcft werden:<\/strong><br>DIHK | Deutsche Industrie- und Handelskammer<br>Breite Stra\u00dfe 29<br>D-10178 Berlin<br>Telefon +49 30 20308 0<br>E-Mail&nbsp;<a href=\"mailto:info@%64ih%6b%2ede\">info@dihk.de<\/a><br><a href=\"https:\/\/www.dihk.de\/\" target=\"_blank\" rel=\"noreferrer noopener\">www.dihk.de<\/a><br>Registerabruf unter&nbsp;<a href=\"https:\/\/www.vermittlerregister.info\/\" target=\"_blank\" rel=\"noreferrer noopener\">www.vermittlerregister.info<\/a>&nbsp;oder telefonisch unter 0180-6005850 (0,20 \u20ac\/Anruf)<\/p>\n\n\n\n<p><strong>Umgang mit Nachhaltigkeit(ESG-Risiken)<\/strong><\/p>\n\n\n\n<p><strong>Was sind Nachhaltigkeitsrisiken?<\/strong><br><br>Als Nachhaltigkeitsrisiken (ESG-Risiken) werden Ereignisse oder Bedingungen aus den drei Bereichen Umwelt(Enviroment), Soziales(Social) und Unternehmensf\u00fchrung(Governance) bezeichnet, deren Eintreten negative Auswirkungen auf den Wert der Investition bzw. Anlage haben k\u00f6nnten. Diese Risiken k\u00f6nnen einzelne Unternehmen genauso wie ganze Branchen oder Regionen betreffen.<\/p>\n\n\n\n<p><strong>Was gibt es f\u00fcr Beispiele f\u00fcr Nachhaltigkeitsrisiken in den drei Bereichen?<\/strong><\/p>\n\n\n\n<ul class=\"wp-block-list\">\n<li>Umwelt: In Folge des Klimawandels k\u00f6nnten vermehrt auftretende Extremwetterereignisse ein Risiko darstellen. Dieses Risiko wird auch physisches Risiko genannt. Ein Beispiel hierf\u00fcr w\u00e4re eine extreme Wetterperiode in einer bestimmten Region. Dadurch k\u00f6nnten Pegel von Transportwegen wie Fl\u00fcssen so weit sinken, dass der Transport von Waren beeintr\u00e4chtigt werden k\u00f6nnte.<\/li>\n\n\n\n<li>Soziales: Im Bereich des Sozialen k\u00f6nnten sich Risiken zum Beispiel aus der Nichteinhaltung von arbeitsrechtlichen Standards oder des Gesundheitsschutzes ergeben.<\/li>\n\n\n\n<li>Unternehmensf\u00fchrung: Beispiele f\u00fcr Risiken im Bereich der Unternehmensf\u00fchrung sind etwa die Nichteinhaltung der Steuerehrlichkeit oder Korruption in Unternehmen.<\/li>\n<\/ul>\n\n\n\n<p><strong>Umgang mit nachhaltigen Produkten:<\/strong><br>Der Versicherungsmakler verfolgt keine gezielte Nachhaltigkeitsstrategie, angebotene Produkte k\u00f6nnen aber nachhaltig sein.<\/p>\n\n\n\n<p><strong>Allgemeine Information:<\/strong><br>FinMark Versicherungsmakler UG UG (haftungsbeschr\u00e4nkt) verfolgt keine gezielte Nachhaltigkeitsstrategie. Im Rahmen der Auswahl von Gesellschaften und Produkten ber\u00fccksichtigen wir die etwaigen Nachhaltigkeitsaspekte nicht gezielt. Im Rahmen der im Kundeninteresse erfolgenden individuellen Beratung stellen wir die etwaigen Nachhaltigkeitsaspekte des jeweiligen Produktes\/Produktgebers auf Nachfrage gesondert auf Basis der durch den Produktgeber zur Verf\u00fcgung gestellten Informationen dar. Unsere Produktauswahl kann nachhaltige Produkte umfassen.<br>Die Beratung erfolgt dabei auf Basis der von den Unternehmen zur Verf\u00fcgung gestellten Informationen &#8211; diese liegen z.T. noch nicht von jedem Produktgeber vollst\u00e4ndig vor. F\u00fcr deren Richtigkeit ist der Versicherungsmakler daher nicht verantwortlich.<\/p>\n\n\n\n<p><strong>Verg\u00fctung bezogen auf Nachhaltigkeitsaspekte:<\/strong><br>Die Verg\u00fctung f\u00fcr die Vermittlung von Produkten wird grunds\u00e4tzlich nicht von den Nachhaltigkeitsrisiken beeinflusst.<\/p>\n\n\n\n<hr class=\"wp-block-separator has-alpha-channel-opacity\"\/>\n\n\n\n<p><strong>Mitglied der Industrie- und Handelskammer:<\/strong><br>IHK Bodensee-Oberschwaben<br>Lindenstra\u00dfe 2<br>88250 Weingarten<\/p>\n\n\n\n<hr class=\"wp-block-separator has-alpha-channel-opacity\"\/>\n\n\n\n<p><strong>Berufsbezeichnung:<\/strong>&nbsp;Versicherungsmakler mit Erlaubnis gem\u00e4\u00df \u00a7 34d Abs.1 GewO<\/p>\n\n\n\n<p><strong>Berufsrechtliche Regelungen<\/strong>:<\/p>\n\n\n\n<ul class=\"wp-block-list\">\n<li>\u00a7 34d Gewerbeordnung (ggf. \u00a7 34c Gewerbeordnung, \u00a7 34f Gewerbeordnung, \u00a7 34i Gewerbeordnung)<\/li>\n\n\n\n<li>\u00a7\u00a7 59-68 VVG<\/li>\n\n\n\n<li>VersVermV<\/li>\n<\/ul>\n\n\n\n<p>Die berufsrechtlichen Regelungen k\u00f6nnen \u00fcber die vom Bundesministerium der Justiz und von der juris GmbH betriebenen Homepage&nbsp;<a rel=\"noreferrer noopener\" href=\"https:\/\/www.gesetze-im-internet.de\/\" target=\"_blank\">www.gesetze-im-internet.de<\/a>&nbsp;eingesehen und abgerufen werden.<\/p>\n\n\n\n<p><strong>Folgende Schlichtungsstellen k\u00f6nnen zur au\u00dfergerichtlichen Streitbeilegung angerufen werden:<\/strong><br><strong>Beschwerdemanagement:<\/strong><br>Bei Beschwerden k\u00f6nnen Sie sich immer direkt wenden an:<br>FinMark Versicherungsmakler UG UG (haftungsbeschr\u00e4nkt)<br>Ziegelweg 31<br>72514 Inzigkofen<br><strong>Telefon:<\/strong>&nbsp;07571 745370<br><strong>Telefax:<\/strong>&nbsp;07571 745375<br><strong>E-Mail:<\/strong>&nbsp;<a href=\"mailto:k%6fe%72n%69%67@finm%61r%6b-%6d%61%6bl%65%72.de\">koernig@finmark-makler.de<\/a><\/p>\n\n\n\n<p><strong>Information zur Teilnahme am Streitbeilegungsverfahren gem\u00e4\u00df \u00a7 36 Verbraucherstreitbeilegungsgesetz<\/strong><br>Wir sind gem\u00e4\u00df \u00a7 17 Abs. 4 der Versicherungsvermittlungsverordnung verpflichtet am Streitbeilegungsverfahren vor folgenden Verbraucherschlichtungsstellen teilzunehmen:<\/p>\n\n\n\n<p>Versicherungsombudsmann e.V.,<br>Postfach 08 06 32, 10006 Berlin<br>Weitere Informationen:&nbsp;<a rel=\"noreferrer noopener\" target=\"_blank\" href=\"https:\/\/www.versicherungsombudsmann.de\/\">www.versicherungsombudsmann.de<\/a><br><br>Ombudsmann Private Kranken- und Pflegeversicherung,<br>Postfach 06 02 22, 10052 Berlin<br>Weitere Informationen:&nbsp;<a rel=\"noreferrer noopener\" target=\"_blank\" href=\"https:\/\/www.pkv-ombudsmann.de\/\">www.pkv-ombudsmann.de<\/a><br><br>Schlichtungsstelle f\u00fcr gewerbliche Versicherungs- und Anlage- und Kreditvermittlung<br>Glockengie\u00dferwall 2, 20095 Hamburg<\/p>\n\n\n\n<p><strong>Hinweise zur Validierung der Kundenbewertungen<\/strong><br>Bewertungen, welche wir \u00fcber externe Bewertungsportale sammeln (Google Rezensionen, ProvenExpert, kennstdueinen.de und weitere) und auf unserer Webseite einbinden oder verlinken, werden ausschlie\u00dflich von dem jeweiligen Bewertungsportal validiert. Wir f\u00fchren keine gesonderte Pr\u00fcfung dieser Kundenbewertungen auf Echtheit durch.<\/p>\n\n\n\n<hr class=\"wp-block-separator has-alpha-channel-opacity\"\/>\n\n\n\n<p><strong>1. Inhalt des Onlineangebotes<\/strong><br>Der Autor \u00fcbernimmt keinerlei Gew\u00e4hr f\u00fcr die Aktualit\u00e4t, Korrektheit, Vollst\u00e4ndigkeit oder Qualit\u00e4t der bereitgestellten Informationen. Haftungsanspr\u00fcche gegen den Autor, welche sich auf Sch\u00e4den materieller oder ideeller Art beziehen, die durch die Nutzung oder Nichtnutzung der dargebotenen Informationen bzw. durch die Nutzung fehlerhafter und unvollst\u00e4ndiger Informationen verursacht wurden, sind grunds\u00e4tzlich ausgeschlossen, sofern seitens des Autors kein nachweislich vors\u00e4tzliches oder grob fahrl\u00e4ssiges Verschulden vorliegt. Alle Angebote sind freibleibend und unverbindlich. Der Autor beh\u00e4lt es sich ausdr\u00fccklich vor, Teile der Seiten oder das gesamte Angebot ohne gesonderte Ank\u00fcndigung zu ver\u00e4ndern, zu erg\u00e4nzen, zu l\u00f6schen oder die Ver\u00f6ffentlichung zeitweise oder endg\u00fcltig einzustellen.<\/p>\n\n\n\n<p><strong>2. Verweise und Links<\/strong><br>Bei direkten oder indirekten Verweisen auf fremde Webseiten (\u201cHyperlinks\u201d), die au\u00dferhalb des Verantwortungsbereiches des Autors liegen, w\u00fcrde eine Haftungsverpflichtung ausschlie\u00dflich in dem Fall in Kraft treten, in dem der Autor von den Inhalten Kenntnis hat und es ihm technisch m\u00f6glich und zumutbar w\u00e4re, die Nutzung im Falle rechtswidriger Inhalte zu verhindern. Der Autor erkl\u00e4rt hiermit ausdr\u00fccklich, dass zum Zeitpunkt der Linksetzung keine illegalen Inhalte auf den zu verlinkenden Seiten erkennbar waren. Auf die aktuelle und zuk\u00fcnftige Gestaltung, die Inhalte oder die Urheberschaft der verlinkten\/verkn\u00fcpften Seiten hat der Autor keinerlei Einfluss. Deshalb distanziert er sich hiermit ausdr\u00fccklich von allen Inhalten aller verlinkten \/verkn\u00fcpften Seiten, die nach der Linksetzung ver\u00e4ndert wurden. Diese Feststellung gilt f\u00fcr alle innerhalb des eigenen Internetangebotes gesetzten Links und Verweise sowie f\u00fcr Fremdeintr\u00e4ge in vom Autor eingerichteten G\u00e4steb\u00fcchern, Diskussionsforen, Linkverzeichnissen, Mailinglisten und in allen anderen Formen von Datenbanken, auf deren Inhalt externe Schreibzugriffe m\u00f6glich sind. F\u00fcr illegale, fehlerhafte oder unvollst\u00e4ndige Inhalte und insbesondere f\u00fcr Sch\u00e4den, die aus der Nutzung oder Nichtnutzung solcherart dargebotener Informationen entstehen, haftet allein der Anbieter der Seite, auf welche verwiesen wurde, nicht derjenige, der \u00fcber Links auf die jeweilige Ver\u00f6ffentlichung lediglich verweist.<\/p>\n\n\n\n<p><strong>3. Urheber- und Kennzeichenrecht<\/strong><br>Der Autor ist bestrebt, in allen Publikationen die Urheberrechte der verwendeten Grafiken, Tondokumente, Videosequenzen und Texte zu beachten, von ihm selbst erstellte Grafiken, Tondokumente, Videosequenzen und Texte zu nutzen oder auf lizenzfreie Grafiken, Tondokumente, Videosequenzen und Texte zur\u00fcckzugreifen. Alle innerhalb des Internetangebotes genannten und ggf. durch Dritte gesch\u00fctzten Marken- und Warenzeichen unterliegen uneingeschr\u00e4nkt den Bestimmungen des jeweils g\u00fcltigen Kennzeichenrechts und den Besitzrechten der jeweiligen eingetragenen Eigent\u00fcmer. Allein aufgrund der blo\u00dfen Nennung ist nicht der Schluss zu ziehen, dass Markenzeichen nicht durch Rechte Dritter gesch\u00fctzt sind! Das Copyright f\u00fcr ver\u00f6ffentlichte, vom Autor selbst erstellte Objekte bleibt allein beim Autor der Seiten. Eine Vervielf\u00e4ltigung oder Verwendung solcher Grafiken, Tondokumente, Videosequenzen und Texte in anderen elektronischen oder gedruckten Publikationen ist ohne ausdr\u00fcckliche Zustimmung des Autors nicht gestattet.<\/p>\n\n\n\n<p><strong>4. Rechtswirksamkeit dieses Haftungsausschlusses<\/strong><br>Dieser Haftungsausschluss ist als Teil des Internetangebotes zu betrachten, von dem aus auf diese Seite verwiesen wurde. Sofern Teile oder einzelne Formulierungen dieses Textes der geltenden Rechtslage nicht, nicht mehr oder nicht vollst\u00e4ndig entsprechen sollten, bleiben die \u00fcbrigen Teile des Dokumentes in ihrem Inhalt und ihrer G\u00fcltigkeit davon unber\u00fchrt.<\/p>\n\n\n\n<p><strong>Rechtlicher Hinweis:<\/strong><br>Die von uns zur Verf\u00fcgung gestellten Daten erheben keinen Anspruch auf Richtigkeit oder Vollst\u00e4ndigkeit. F\u00fcr die Richtigkeit und Vollst\u00e4ndigkeit der von Dritten zur Verf\u00fcgung gestellten Daten und Dokumente \u00fcbernehmen wir keinerlei Gew\u00e4hr. Jegliche Haftung f\u00fcr Sch\u00e4den aus der hier zur Verf\u00fcgung gestellten Information ist ausgeschlossen.<\/p>\n\n\n\n<p><strong>Hinweis nach Art. 14 Abs. 1 der EU-Verordnung 524\/2013<\/strong><br>Online-Streitbeilegung (Art. 14 Abs. 1 ODR-Verordnung): Die Europ\u00e4ische Kommission stellt unter&nbsp;<a rel=\"noreferrer noopener\" target=\"_blank\" href=\"https:\/\/ec.europa.eu\/consumers\/odr\/\">ec.europa.eu\/consumers\/odr\/<\/a>&nbsp;eine Plattform zur Online-Streitbeilegung bereit.<\/p>\n\t\t\t\t\t\t\t\t<\/div>\n\t\t\t\t<\/div>\n\t\t\t\t\t<\/div>\n\t\t<\/div>\n\t\t\t\t\t<\/div>\n\t\t<\/section>\n\t\t\t\t<\/div>","protected":false},"excerpt":{"rendered":"<p>Impressum F\u00fcr diese Website verantwortlicher Anbieter gem\u00e4\u00df \u00a7 5 TMG sowie Informationspflichten gem\u00e4\u00df \u00a7 15 VersVermV und \u00a7 18 Abs. 2 MStV: FinMark Versicherungsmakler UG UG (haftungsbeschr\u00e4nkt)Ziegelweg 3172514 Inzigkofen vertreten durch den \/ die Gesch\u00e4ftsf\u00fchrer \/ Gesch\u00e4ftsf\u00fchrerin:&nbsp;Florentina Zibileanu-K\u00f6rnig Telefon:\u00a007571 745370Telefax:\u00a007571 745375E-Mail:\u00a0kontakt@www.finmarkbroker.com Registriert beim Amtsgericht in:&nbsp;UlmHandelsregisternummer:&nbsp;HRB 734152 USt.-ID:&nbsp;DE301820716 Branche \/ T\u00e4tigkeit:&nbsp;Vermittlung von VersicherungenStaat, der die Berufsbezeichnung [&hellip;]<\/p>\n","protected":false},"author":3,"featured_media":0,"parent":0,"menu_order":0,"comment_status":"closed","ping_status":"closed","template":"","meta":{"footnotes":""},"class_list":["post-429","page","type-page","status-publish","hentry"],"yoast_head":"<!-- This site is optimized with the Yoast SEO plugin v27.4 - https:\/\/yoast.com\/product\/yoast-seo-wordpress\/ -->\n<title>Impressum - G&uuml;nstiger. Besser. FinMark.<\/title>\n<meta name=\"robots\" content=\"index, follow, max-snippet:-1, max-image-preview:large, max-video-preview:-1\" \/>\n<link rel=\"canonical\" href=\"https:\/\/www.finmarkbroker.com\/ro\/impressum\/\" \/>\n<meta property=\"og:locale\" content=\"ro_RO\" \/>\n<meta property=\"og:type\" content=\"article\" \/>\n<meta property=\"og:title\" content=\"Impressum - G&uuml;nstiger. Besser. FinMark.\" \/>\n<meta property=\"og:description\" content=\"Impressum F\u00fcr diese Website verantwortlicher Anbieter gem\u00e4\u00df \u00a7 5 TMG sowie Informationspflichten gem\u00e4\u00df \u00a7 15 VersVermV und \u00a7 18 Abs. 2 MStV: FinMark Versicherungsmakler UG UG (haftungsbeschr\u00e4nkt)Ziegelweg 3172514 Inzigkofen vertreten durch den \/ die Gesch\u00e4ftsf\u00fchrer \/ Gesch\u00e4ftsf\u00fchrerin:&nbsp;Florentina Zibileanu-K\u00f6rnig Telefon:\u00a007571 745370Telefax:\u00a007571 745375E-Mail:\u00a0kontakt@www.finmarkbroker.com Registriert beim Amtsgericht in:&nbsp;UlmHandelsregisternummer:&nbsp;HRB 734152 USt.-ID:&nbsp;DE301820716 Branche \/ T\u00e4tigkeit:&nbsp;Vermittlung von VersicherungenStaat, der die Berufsbezeichnung [&hellip;]\" \/>\n<meta property=\"og:url\" content=\"https:\/\/www.finmarkbroker.com\/ro\/impressum\/\" \/>\n<meta property=\"og:site_name\" content=\"G&uuml;nstiger. Besser. FinMark.\" \/>\n<meta property=\"article:modified_time\" content=\"2023-08-04T07:26:21+00:00\" \/>\n<meta name=\"twitter:card\" content=\"summary_large_image\" \/>\n<meta name=\"twitter:label1\" content=\"Timp estimat pentru citire\" \/>\n\t<meta name=\"twitter:data1\" content=\"7 minute\" \/>\n<script type=\"application\/ld+json\" class=\"yoast-schema-graph\">{\"@context\":\"https:\\\/\\\/schema.org\",\"@graph\":[{\"@type\":\"WebPage\",\"@id\":\"https:\\\/\\\/www.finmarkbroker.com\\\/impressum\\\/\",\"url\":\"https:\\\/\\\/www.finmarkbroker.com\\\/impressum\\\/\",\"name\":\"Impressum - G&uuml;nstiger. Besser. FinMark.\",\"isPartOf\":{\"@id\":\"https:\\\/\\\/www.finmarkbroker.com\\\/#website\"},\"datePublished\":\"2023-05-02T08:16:53+00:00\",\"dateModified\":\"2023-08-04T07:26:21+00:00\",\"breadcrumb\":{\"@id\":\"https:\\\/\\\/www.finmarkbroker.com\\\/impressum\\\/#breadcrumb\"},\"inLanguage\":\"ro-RO\",\"potentialAction\":[{\"@type\":\"ReadAction\",\"target\":[\"https:\\\/\\\/www.finmarkbroker.com\\\/impressum\\\/\"]}]},{\"@type\":\"BreadcrumbList\",\"@id\":\"https:\\\/\\\/www.finmarkbroker.com\\\/impressum\\\/#breadcrumb\",\"itemListElement\":[{\"@type\":\"ListItem\",\"position\":1,\"name\":\"Home\",\"item\":\"https:\\\/\\\/www.finmarkbroker.com\\\/\"},{\"@type\":\"ListItem\",\"position\":2,\"name\":\"Impressum\"}]},{\"@type\":\"WebSite\",\"@id\":\"https:\\\/\\\/www.finmarkbroker.com\\\/#website\",\"url\":\"https:\\\/\\\/www.finmarkbroker.com\\\/\",\"name\":\"G&uuml;nstiger. Besser. FinMark.\",\"description\":\"Deine unabh&auml;ngigen Versicherungsmakler\",\"publisher\":{\"@id\":\"https:\\\/\\\/www.finmarkbroker.com\\\/#organization\"},\"potentialAction\":[{\"@type\":\"SearchAction\",\"target\":{\"@type\":\"EntryPoint\",\"urlTemplate\":\"https:\\\/\\\/www.finmarkbroker.com\\\/?s={search_term_string}\"},\"query-input\":{\"@type\":\"PropertyValueSpecification\",\"valueRequired\":true,\"valueName\":\"search_term_string\"}}],\"inLanguage\":\"ro-RO\"},{\"@type\":\"Organization\",\"@id\":\"https:\\\/\\\/www.finmarkbroker.com\\\/#organization\",\"name\":\"G&uuml;nstiger. Besser. FinMark.\",\"url\":\"https:\\\/\\\/www.finmarkbroker.com\\\/\",\"logo\":{\"@type\":\"ImageObject\",\"inLanguage\":\"ro-RO\",\"@id\":\"https:\\\/\\\/www.finmarkbroker.com\\\/#\\\/schema\\\/logo\\\/image\\\/\",\"url\":\"https:\\\/\\\/www.finmarkbroker.com\\\/wp-content\\\/uploads\\\/2023\\\/04\\\/finmark-schriftzug-logo.svg\",\"contentUrl\":\"https:\\\/\\\/www.finmarkbroker.com\\\/wp-content\\\/uploads\\\/2023\\\/04\\\/finmark-schriftzug-logo.svg\",\"width\":558,\"height\":143,\"caption\":\"G&uuml;nstiger. Besser. FinMark.\"},\"image\":{\"@id\":\"https:\\\/\\\/www.finmarkbroker.com\\\/#\\\/schema\\\/logo\\\/image\\\/\"}}]}<\/script>\n<!-- \/ Yoast SEO plugin. -->","yoast_head_json":{"title":"Impressum - G&uuml;nstiger. Besser. FinMark.","robots":{"index":"index","follow":"follow","max-snippet":"max-snippet:-1","max-image-preview":"max-image-preview:large","max-video-preview":"max-video-preview:-1"},"canonical":"https:\/\/www.finmarkbroker.com\/ro\/impressum\/","og_locale":"ro_RO","og_type":"article","og_title":"Impressum - G&uuml;nstiger. Besser. FinMark.","og_description":"Impressum F\u00fcr diese Website verantwortlicher Anbieter gem\u00e4\u00df \u00a7 5 TMG sowie Informationspflichten gem\u00e4\u00df \u00a7 15 VersVermV und \u00a7 18 Abs. 2 MStV: FinMark Versicherungsmakler UG UG (haftungsbeschr\u00e4nkt)Ziegelweg 3172514 Inzigkofen vertreten durch den \/ die Gesch\u00e4ftsf\u00fchrer \/ Gesch\u00e4ftsf\u00fchrerin:&nbsp;Florentina Zibileanu-K\u00f6rnig Telefon:\u00a007571 745370Telefax:\u00a007571 745375E-Mail:\u00a0kontakt@www.finmarkbroker.com Registriert beim Amtsgericht in:&nbsp;UlmHandelsregisternummer:&nbsp;HRB 734152 USt.-ID:&nbsp;DE301820716 Branche \/ T\u00e4tigkeit:&nbsp;Vermittlung von VersicherungenStaat, der die Berufsbezeichnung [&hellip;]","og_url":"https:\/\/www.finmarkbroker.com\/ro\/impressum\/","og_site_name":"G&uuml;nstiger. Besser. FinMark.","article_modified_time":"2023-08-04T07:26:21+00:00","twitter_card":"summary_large_image","twitter_misc":{"Timp estimat pentru citire":"7 minute"},"schema":{"@context":"https:\/\/schema.org","@graph":[{"@type":"WebPage","@id":"https:\/\/www.finmarkbroker.com\/impressum\/","url":"https:\/\/www.finmarkbroker.com\/impressum\/","name":"Impressum - G&uuml;nstiger. Besser. FinMark.","isPartOf":{"@id":"https:\/\/www.finmarkbroker.com\/#website"},"datePublished":"2023-05-02T08:16:53+00:00","dateModified":"2023-08-04T07:26:21+00:00","breadcrumb":{"@id":"https:\/\/www.finmarkbroker.com\/impressum\/#breadcrumb"},"inLanguage":"ro-RO","potentialAction":[{"@type":"ReadAction","target":["https:\/\/www.finmarkbroker.com\/impressum\/"]}]},{"@type":"BreadcrumbList","@id":"https:\/\/www.finmarkbroker.com\/impressum\/#breadcrumb","itemListElement":[{"@type":"ListItem","position":1,"name":"Home","item":"https:\/\/www.finmarkbroker.com\/"},{"@type":"ListItem","position":2,"name":"Impressum"}]},{"@type":"WebSite","@id":"https:\/\/www.finmarkbroker.com\/#website","url":"https:\/\/www.finmarkbroker.com\/","name":"G&uuml;nstiger. Besser. FinMark.","description":"Deine unabh&auml;ngigen Versicherungsmakler","publisher":{"@id":"https:\/\/www.finmarkbroker.com\/#organization"},"potentialAction":[{"@type":"SearchAction","target":{"@type":"EntryPoint","urlTemplate":"https:\/\/www.finmarkbroker.com\/?s={search_term_string}"},"query-input":{"@type":"PropertyValueSpecification","valueRequired":true,"valueName":"search_term_string"}}],"inLanguage":"ro-RO"},{"@type":"Organization","@id":"https:\/\/www.finmarkbroker.com\/#organization","name":"G&uuml;nstiger. Besser. FinMark.","url":"https:\/\/www.finmarkbroker.com\/","logo":{"@type":"ImageObject","inLanguage":"ro-RO","@id":"https:\/\/www.finmarkbroker.com\/#\/schema\/logo\/image\/","url":"https:\/\/www.finmarkbroker.com\/wp-content\/uploads\/2023\/04\/finmark-schriftzug-logo.svg","contentUrl":"https:\/\/www.finmarkbroker.com\/wp-content\/uploads\/2023\/04\/finmark-schriftzug-logo.svg","width":558,"height":143,"caption":"G&uuml;nstiger. Besser. FinMark."},"image":{"@id":"https:\/\/www.finmarkbroker.com\/#\/schema\/logo\/image\/"}}]}},"_links":{"self":[{"href":"https:\/\/www.finmarkbroker.com\/ro\/wp-json\/wp\/v2\/pages\/429","targetHints":{"allow":["GET"]}}],"collection":[{"href":"https:\/\/www.finmarkbroker.com\/ro\/wp-json\/wp\/v2\/pages"}],"about":[{"href":"https:\/\/www.finmarkbroker.com\/ro\/wp-json\/wp\/v2\/types\/page"}],"author":[{"embeddable":true,"href":"https:\/\/www.finmarkbroker.com\/ro\/wp-json\/wp\/v2\/users\/3"}],"replies":[{"embeddable":true,"href":"https:\/\/www.finmarkbroker.com\/ro\/wp-json\/wp\/v2\/comments?post=429"}],"version-history":[{"count":9,"href":"https:\/\/www.finmarkbroker.com\/ro\/wp-json\/wp\/v2\/pages\/429\/revisions"}],"predecessor-version":[{"id":3775,"href":"https:\/\/www.finmarkbroker.com\/ro\/wp-json\/wp\/v2\/pages\/429\/revisions\/3775"}],"wp:attachment":[{"href":"https:\/\/www.finmarkbroker.com\/ro\/wp-json\/wp\/v2\/media?parent=429"}],"curies":[{"name":"wp","href":"https:\/\/api.w.org\/{rel}","templated":true}]}}